{"id":48148,"date":"2026-03-30T22:34:53","date_gmt":"2026-03-30T21:34:53","guid":{"rendered":"https:\/\/bigbuy.tupique.com\/produto\/nas-network-storage-qnap-ts-233-2-gb-ram\/"},"modified":"2026-05-11T19:55:18","modified_gmt":"2026-05-11T17:55:18","slug":"nas-network-storage-qnap-ts-233-2-gb-ram","status":"publish","type":"product","link":"https:\/\/bigbuy.tupique.com\/pt\/produto\/nas-network-storage-qnap-ts-233-2-gb-ram\/","title":{"rendered":"Stockage en R\u00e9seau NAS Qnap TS-233 2 GB RAM"},"content":{"rendered":"<p>Si vous \u00eates passionn\u00e9 d&#8217;<b>informatique et d&#8217;\u00e9lectronique<\/b>, si vous \u00eates \u00e0 la pointe de la technologie et qu&#8217;aucun d\u00e9tail ne vous \u00e9chappe, achetez <b>Stockage en R\u00e9seau NAS Qnap TS-233 2 GB RAM<\/b> au meilleur prix.<\/p>\n<p>Le <b>Qnap TS-233<\/b> est un <b>NAS de stockage en r\u00e9seau<\/b> au design compact en format tour, con\u00e7u pour les foyers et petits bureaux souhaitant centraliser et prot\u00e9ger leurs donn\u00e9es de mani\u00e8re efficace et s\u00e9curis\u00e9e. Cet appareil prend en charge \u00e0 la fois les <b>disques durs (HDD) et les disques SSD<\/b> gr\u00e2ce \u00e0 ses <b>2 baies compatibles avec les formats 3,5 et 2,5 pouces<\/b>, offrant ainsi une flexibilit\u00e9 pour organiser le stockage selon les besoins de l\u2019utilisateur. Dot\u00e9 d\u2019un processeur de <b>2 GHz<\/b> et de <b>2 Go de m\u00e9moire DDR4<\/b>, le TS-233 permet une gestion fluide des fichiers, des sauvegardes et des services multim\u00e9dias, tout en assurant une consommation d\u2019\u00e9nergie optimis\u00e9e. Sa <b>connectivit\u00e9 Ethernet LAN<\/b> garantit des transferts rapides et fiables sur le r\u00e9seau local, tandis que les <b>ports USB (y compris USB 2.0)<\/b> permettent d\u2019\u00e9tendre les fonctionnalit\u00e9s et d\u2019acc\u00e9der facilement \u00e0 des p\u00e9riph\u00e9riques externes. Disponible en <b>blanc<\/b> et <b>noir<\/b>, le NAS dispose d\u2019un <b>interrupteur marche\/arr\u00eat<\/b> physique pour faciliter la gestion et le contr\u00f4le du syst\u00e8me. Ce mod\u00e8le s\u2019adresse aux particuliers et professionnels recherchant une solution robuste, facile \u00e0 administrer et polyvalente pour le stockage et la protection des donn\u00e9es en r\u00e9seau.<\/p>\n<ul>\n<li>Connexions:\n<ul>\n<li>USB 3.2<\/li>\n<li>Sata II<\/li>\n<li>2,5&#8243; x 2<\/li>\n<li>Ethernet LAN<\/li>\n<li>RJ45<\/li>\n<li>USB<\/li>\n<li>USB 2.0<\/li>\n<li>SATA<\/li>\n<li>PCI Express x16 2.0<\/li>\n<li>USB x 3<\/li>\n<\/ul>\n<\/li>\n<li>Compatible:\n<ul>\n<li>HDD\/SSD<\/li>\n<li>2,5&#8243;-3,5&#8243;<\/li>\n<li>macOS<\/li>\n<li>Linux<\/li>\n<li>Windows Server 2019<\/li>\n<li>Windows Server 2016<\/li>\n<li>Windows 10<\/li>\n<li>Windows 7<\/li>\n<li>Windows 8<\/li>\n<li>Windows, Linux<\/li>\n<li>Windows Server 2012<\/li>\n<li>Windows 8.1<\/li>\n<li>DDR4-SDRAM<\/li>\n<li>PC<\/li>\n<\/ul>\n<\/li>\n<li>M\u00e9moire Flash: 4000 MB<\/li>\n<li>Fr\u00e9quence:\n<ul>\n<li>50-60 Hz<\/li>\n<li>50 &#8211; 60 Hz<\/li>\n<\/ul>\n<\/li>\n<li>Type:\n<ul>\n<li>NAS<\/li>\n<li>Avec fil<\/li>\n<li>Mini-Tower<\/li>\n<li>HDD\/SSD<\/li>\n<\/ul>\n<\/li>\n<li>vitesse:\n<ul>\n<li>10 Gbit\/s<\/li>\n<li>1000 Mbit\/s<\/li>\n<li>2 GHz<\/li>\n<li>100 Mbps<\/li>\n<li>10\/100\/1000 Mbps<\/li>\n<\/ul>\n<\/li>\n<li>Non Inclus: Disque dur<\/li>\n<li>USB 2.0: 2<\/li>\n<li>Couleur:\n<ul>\n<li>Blanc<\/li>\n<li>Noir<\/li>\n<\/ul>\n<\/li>\n<li>Ventillateur: 1<\/li>\n<li>Interface: Sata III<\/li>\n<li>Tension:\n<ul>\n<li>100-240 V<\/li>\n<li>12 V<\/li>\n<li>100 &#8211; 240 V<\/li>\n<\/ul>\n<\/li>\n<li>M\u00e9moire RAM: 2 GB RAM<\/li>\n<li>Bloc d\u2019Alimentation:\n<ul>\n<li>65 W<\/li>\n<li>r\u00e9seau \u00e9lectrique<\/li>\n<li>65 V<\/li>\n<\/ul>\n<\/li>\n<li>Produit \u00e0 brancher: Oui<\/li>\n<li>Type de prise: Prise EU<\/li>\n<li>Processeur:\n<ul>\n<li>Quad Core<\/li>\n<li>ARM Cortex-A55<\/li>\n<\/ul>\n<\/li>\n<li>Disque dur: 2 GB<\/li>\n<li>Tension d&#8217;entr\u00e9e AC: 100-240 V<\/li>\n<li>Vibromasseur: Oui<\/li>\n<li>Inclut:\n<ul>\n<li>LAN (RJ-45)<\/li>\n<li>Adaptateur<\/li>\n<\/ul>\n<\/li>\n<li>Largeur: 9 cm<\/li>\n<li>Fr\u00e9quence d&#8217;entr\u00e9e AC: 50-60 Hz<\/li>\n<li>Caract\u00e9ristiques:\n<ul>\n<li>Interrupteur marche\/arr\u00eat<\/li>\n<li>Vibromasseur<\/li>\n<\/ul>\n<\/li>\n<li>Vitesse de rotation: 7200 rpm<\/li>\n<li>Connectivit\u00e9: Ethernet LAN<\/li>\n<li>Taille: 2,5&#8243;<\/li>\n<li>puissance: 3600 W<\/li>\n<li>Batterie au lithium rechargeable: 65 mAh<\/li>\n<li>diam\u00e8tre approx.: \u00d8 80 cm<\/li>\n<li>Temp\u00e9rature approximative: &#8211; 20\u00baC \/ 70\u00b0C<\/li>\n<li>Nombre de Baies: 3,5&#8221; x 2<\/li>\n<li>Noyaux: 4 Noyaux<\/li>\n<li>Capacit\u00e9: 2 GB<\/li>\n<\/ul>","protected":false},"excerpt":{"rendered":"<p>Si vous \u00eates passionn\u00e9 d&#8217;informatique et d&#8217;\u00e9lectronique, si vous \u00eates \u00e0 la pointe de la technologie et qu&#8217;aucun d\u00e9tail ne vous \u00e9chappe, achetez Stockage en R\u00e9seau NAS Qnap TS-233 2 GB RAM au meilleur prix. Le Qnap TS-233 est un NAS de stockage en r\u00e9seau au design compact en format tour, con\u00e7u pour les foyers [&hellip;]<\/p>\n","protected":false},"featured_media":48141,"comment_status":"open","ping_status":"closed","template":"","meta":[],"product_brand":[646],"product_cat":[65,958,959],"product_tag":[106],"class_list":{"0":"post-48148","1":"product","2":"type-product","3":"status-publish","4":"has-post-thumbnail","6":"product_brand-brandp_4747","7":"product_cat-informatique-electronique","8":"product_cat-informatique-ordinateurs","9":"product_cat-serveurs","10":"product_tag-tag_1295","12":"first","13":"instock","14":"taxable","15":"shipping-taxable","16":"purchasable","17":"product-type-simple"},"_links":{"self":[{"href":"https:\/\/bigbuy.tupique.com\/pt\/wp-json\/wp\/v2\/product\/48148","targetHints":{"allow":["GET"]}}],"collection":[{"href":"https:\/\/bigbuy.tupique.com\/pt\/wp-json\/wp\/v2\/product"}],"about":[{"href":"https:\/\/bigbuy.tupique.com\/pt\/wp-json\/wp\/v2\/types\/product"}],"replies":[{"embeddable":true,"href":"https:\/\/bigbuy.tupique.com\/pt\/wp-json\/wp\/v2\/comments?post=48148"}],"wp:featuredmedia":[{"embeddable":true,"href":"https:\/\/bigbuy.tupique.com\/pt\/wp-json\/wp\/v2\/media\/48141"}],"wp:attachment":[{"href":"https:\/\/bigbuy.tupique.com\/pt\/wp-json\/wp\/v2\/media?parent=48148"}],"wp:term":[{"taxonomy":"product_brand","embeddable":true,"href":"https:\/\/bigbuy.tupique.com\/pt\/wp-json\/wp\/v2\/product_brand?post=48148"},{"taxonomy":"product_cat","embeddable":true,"href":"https:\/\/bigbuy.tupique.com\/pt\/wp-json\/wp\/v2\/product_cat?post=48148"},{"taxonomy":"product_tag","embeddable":true,"href":"https:\/\/bigbuy.tupique.com\/pt\/wp-json\/wp\/v2\/product_tag?post=48148"}],"curies":[{"name":"wp","href":"https:\/\/api.w.org\/{rel}","templated":true}]}}