{"id":48084,"date":"2026-03-30T22:32:29","date_gmt":"2026-03-30T21:32:29","guid":{"rendered":"https:\/\/bigbuy.tupique.com\/produto\/portable-power-station-mecafer-pw3600\/"},"modified":"2026-04-16T19:41:21","modified_gmt":"2026-04-16T18:41:21","slug":"portable-power-station-mecafer-pw3600","status":"publish","type":"product","link":"https:\/\/bigbuy.tupique.com\/pt\/produto\/portable-power-station-mecafer-pw3600\/","title":{"rendered":"Centrale \u00e9lectrique portable MECAFER PW3600"},"content":{"rendered":"<p>Si vous aimez prendre soin de chaque d\u00e9tail de votre maison et d&#8217;\u00eatre \u00e0 la derni\u00e8re mode en mati\u00e8re de produits qui vous rendront la vie plus facile, achetez <b>Centrale \u00e9lectrique portable MECAFER PW3600<\/b> au meilleur prix.<\/p>\n<ul>\n<li>Couleur: Noir<\/li>\n<li>Tension: 230 V<\/li>\n<li>Bloc d\u2019Alimentation: Batterie<\/li>\n<li>puissance: 3600 W<\/li>\n<li>Type de batterie:\n<ul>\n<li>Litio Ion<\/li>\n<li>Batterie au lithium rechargeable<\/li>\n<\/ul>\n<\/li>\n<\/ul>","protected":false},"excerpt":{"rendered":"<p>Si vous aimez prendre soin de chaque d\u00e9tail de votre maison et d&#8217;\u00eatre \u00e0 la derni\u00e8re mode en mati\u00e8re de produits qui vous rendront la vie plus facile, achetez Centrale \u00e9lectrique portable MECAFER PW3600 au meilleur prix. Couleur: Noir Tension: 230 V Bloc d\u2019Alimentation: Batterie puissance: 3600 W Type de batterie: Litio Ion Batterie au [&hellip;]<\/p>\n","protected":false},"featured_media":48083,"comment_status":"open","ping_status":"closed","template":"","meta":[],"product_brand":[1089],"product_cat":[613,239],"product_tag":[59,210],"class_list":{"0":"post-48084","1":"product","2":"type-product","3":"status-publish","4":"has-post-thumbnail","6":"product_brand-brandp_5981","7":"product_cat-bricolage-et-materiel","8":"product_cat-maison-jardin","9":"product_tag-tag_1304","10":"product_tag-tag_25","12":"first","13":"instock","14":"taxable","15":"shipping-taxable","16":"purchasable","17":"product-type-simple"},"_links":{"self":[{"href":"https:\/\/bigbuy.tupique.com\/pt\/wp-json\/wp\/v2\/product\/48084","targetHints":{"allow":["GET"]}}],"collection":[{"href":"https:\/\/bigbuy.tupique.com\/pt\/wp-json\/wp\/v2\/product"}],"about":[{"href":"https:\/\/bigbuy.tupique.com\/pt\/wp-json\/wp\/v2\/types\/product"}],"replies":[{"embeddable":true,"href":"https:\/\/bigbuy.tupique.com\/pt\/wp-json\/wp\/v2\/comments?post=48084"}],"wp:featuredmedia":[{"embeddable":true,"href":"https:\/\/bigbuy.tupique.com\/pt\/wp-json\/wp\/v2\/media\/48083"}],"wp:attachment":[{"href":"https:\/\/bigbuy.tupique.com\/pt\/wp-json\/wp\/v2\/media?parent=48084"}],"wp:term":[{"taxonomy":"product_brand","embeddable":true,"href":"https:\/\/bigbuy.tupique.com\/pt\/wp-json\/wp\/v2\/product_brand?post=48084"},{"taxonomy":"product_cat","embeddable":true,"href":"https:\/\/bigbuy.tupique.com\/pt\/wp-json\/wp\/v2\/product_cat?post=48084"},{"taxonomy":"product_tag","embeddable":true,"href":"https:\/\/bigbuy.tupique.com\/pt\/wp-json\/wp\/v2\/product_tag?post=48084"}],"curies":[{"name":"wp","href":"https:\/\/api.w.org\/{rel}","templated":true}]}}