{"id":47876,"date":"2026-03-30T22:18:47","date_gmt":"2026-03-30T21:18:47","guid":{"rendered":"https:\/\/bigbuy.tupique.com\/produto\/smartphone-motorola-moto-g67-5g-678-octa-core-4-gb-ram-128-gb-blue\/"},"modified":"2026-04-17T00:25:00","modified_gmt":"2026-04-16T23:25:00","slug":"smartphone-motorola-moto-g67-5g-678-octa-core-4-gb-ram-128-gb-blue","status":"publish","type":"product","link":"https:\/\/bigbuy.tupique.com\/pt\/produto\/smartphone-motorola-moto-g67-5g-678-octa-core-4-gb-ram-128-gb-blue\/","title":{"rendered":"Smartphone Motorola Moto G67 5G 6,78&#8243; Octa Core 4 GB RAM 128 GB Bleu"},"content":{"rendered":"<p>Si vous \u00eates passionn\u00e9 d&#8217;<b>informatique et d&#8217;\u00e9lectronique<\/b>, si vous \u00eates \u00e0 la pointe de la technologie et qu&#8217;aucun d\u00e9tail ne vous \u00e9chappe, achetez <b>Smartphone Motorola Moto G67 5G 6,78&#8243; Octa Core 4 GB RAM 128 GB Bleu<\/b> au meilleur prix.<\/p>\n<ul>\n<li>Diagonale de l&#8217;\u00e9cran (cm): 17,2 cm<\/li>\n<li>Type: Smartphone<\/li>\n<li>Produit \u00e0 brancher: Oui<\/li>\n<li>Type de prise: Prise EU<\/li>\n<li>Bloc d\u2019Alimentation: r\u00e9seau \u00e9lectrique<\/li>\n<li>Technologie: AMOLED<\/li>\n<li>Capacit\u00e9 de la batterie: 5200 mAh<\/li>\n<li>Ecran: 6,78&#8243;<\/li>\n<li>Syst\u00e8me d&#8217;exploitation: Android<\/li>\n<li>puissance: 30 W<\/li>\n<li>Connectivit\u00e9:\n<ul>\n<li>NFC<\/li>\n<li>Bluetooth<\/li>\n<\/ul>\n<\/li>\n<li>Cam\u00e9ra\/Appareil Photo: 50 Mp<\/li>\n<li>Connexions: USB-C<\/li>\n<li>Processeur: Octa Core<\/li>\n<li>M\u00e9moire RAM: 4 GB RAM<\/li>\n<li>M\u00e9moire interne: 128 GB<\/li>\n<li>Couleur: Bleu<\/li>\n<li>Mati\u00e8re: Plastique<\/li>\n<li>Caract\u00e9ristiques:\n<ul>\n<li>GPS<\/li>\n<li>Cam\u00e9ra frontale<\/li>\n<li>M\u00e9moire extensible<\/li>\n<li>Connectivit\u00e9 NFC<\/li>\n<li>\u00c9cran AMOLED<\/li>\n<li>R\u00e9sistant \u00e0 la poussi\u00e8re<\/li>\n<li>NFC<\/li>\n<li>Capteur d&#8217;empreintes digitales<\/li>\n<li>Dual SIM<\/li>\n<li>Wi-Fi<\/li>\n<li>Batterie<\/li>\n<li>Ecran<\/li>\n<li>R\u00e9sistance aux chocs<\/li>\n<li>R\u00e9sistant aux \u00e9claboussures<\/li>\n<li>Full HD<\/li>\n<li>Android<\/li>\n<li>Capteur de lumi\u00e8re<\/li>\n<li>Haut-parleurs int\u00e9gr\u00e9s<\/li>\n<li>Chargement rapide<\/li>\n<li>Cam\u00e9ra arri\u00e8re<\/li>\n<li>Capteur de proximit\u00e9<\/li>\n<li>Gorilla Glass<\/li>\n<\/ul>\n<\/li>\n<li>R\u00e9solution:\n<ul>\n<li>AMOLED<\/li>\n<li>120 Hz<\/li>\n<\/ul>\n<\/li>\n<li>SIM: Dual SIM<\/li>\n<\/ul>","protected":false},"excerpt":{"rendered":"<p>Si vous \u00eates passionn\u00e9 d&#8217;informatique et d&#8217;\u00e9lectronique, si vous \u00eates \u00e0 la pointe de la technologie et qu&#8217;aucun d\u00e9tail ne vous \u00e9chappe, achetez Smartphone Motorola Moto G67 5G 6,78&#8243; Octa Core 4 GB RAM 128 GB Bleu au meilleur prix. Diagonale de l&#8217;\u00e9cran (cm): 17,2 cm Type: Smartphone Produit \u00e0 brancher: Oui Type de prise: [&hellip;]<\/p>\n","protected":false},"featured_media":47871,"comment_status":"open","ping_status":"closed","template":"","meta":[],"product_brand":[1151],"product_cat":[575,65,960],"product_tag":[213,566,106],"class_list":{"0":"post-47876","1":"product","2":"type-product","3":"status-publish","4":"has-post-thumbnail","6":"product_brand-brandp_983","7":"product_cat-electronique-telephonie-et-tablettes","8":"product_cat-informatique-electronique","9":"product_cat-telephones-portables","10":"product_tag-tag_933","11":"product_tag-tag_547","12":"product_tag-tag_1295","14":"first","15":"instock","16":"taxable","17":"shipping-taxable","18":"purchasable","19":"product-type-simple"},"_links":{"self":[{"href":"https:\/\/bigbuy.tupique.com\/pt\/wp-json\/wp\/v2\/product\/47876","targetHints":{"allow":["GET"]}}],"collection":[{"href":"https:\/\/bigbuy.tupique.com\/pt\/wp-json\/wp\/v2\/product"}],"about":[{"href":"https:\/\/bigbuy.tupique.com\/pt\/wp-json\/wp\/v2\/types\/product"}],"replies":[{"embeddable":true,"href":"https:\/\/bigbuy.tupique.com\/pt\/wp-json\/wp\/v2\/comments?post=47876"}],"wp:featuredmedia":[{"embeddable":true,"href":"https:\/\/bigbuy.tupique.com\/pt\/wp-json\/wp\/v2\/media\/47871"}],"wp:attachment":[{"href":"https:\/\/bigbuy.tupique.com\/pt\/wp-json\/wp\/v2\/media?parent=47876"}],"wp:term":[{"taxonomy":"product_brand","embeddable":true,"href":"https:\/\/bigbuy.tupique.com\/pt\/wp-json\/wp\/v2\/product_brand?post=47876"},{"taxonomy":"product_cat","embeddable":true,"href":"https:\/\/bigbuy.tupique.com\/pt\/wp-json\/wp\/v2\/product_cat?post=47876"},{"taxonomy":"product_tag","embeddable":true,"href":"https:\/\/bigbuy.tupique.com\/pt\/wp-json\/wp\/v2\/product_tag?post=47876"}],"curies":[{"name":"wp","href":"https:\/\/api.w.org\/{rel}","templated":true}]}}