{"id":47651,"date":"2026-03-30T21:51:05","date_gmt":"2026-03-30T20:51:05","guid":{"rendered":"https:\/\/bigbuy.tupique.com\/produto\/smartwatch-garmin-fenix-7x-pro-grey-14\/"},"modified":"2026-04-16T15:27:15","modified_gmt":"2026-04-16T14:27:15","slug":"smartwatch-garmin-fenix-7x-pro-grey-14","status":"publish","type":"product","link":"https:\/\/bigbuy.tupique.com\/pt\/produto\/smartwatch-garmin-fenix-7x-pro-grey-14\/","title":{"rendered":"Montre intelligente GARMIN f\u0113nix 7X Pro Gris 1,4&#8243;"},"content":{"rendered":"<p>Si vous \u00eates passionn\u00e9 d&#8217;<b>informatique et d&#8217;\u00e9lectronique<\/b>, si vous \u00eates \u00e0 la pointe de la technologie et qu&#8217;aucun d\u00e9tail ne vous \u00e9chappe, achetez <b>Montre intelligente GARMIN f\u0113nix 7X Pro Gris 1,4&#8243;<\/b> au meilleur prix.<\/p>\n<ul>\n<li>Mati\u00e8re:\n<ul>\n<li>Acier<\/li>\n<li>verre<\/li>\n<li>Silicone<\/li>\n<\/ul>\n<\/li>\n<li>Poids approx.: 96 g<\/li>\n<li>Ecran tactile: Oui<\/li>\n<li>Podom\u00e8tre: Oui<\/li>\n<li>Alarme: Oui<\/li>\n<li>Gyroscope: Oui<\/li>\n<li>Chronom\u00e8tre: Oui<\/li>\n<li>Glonass: Oui<\/li>\n<li>Thermom\u00e8tre: Oui<\/li>\n<li>Acc\u00e9l\u00e9rom\u00e8tre: Oui<\/li>\n<li>Type de prise: Prise EU<\/li>\n<li>Largeur: 5,1 cm<\/li>\n<li>Type de montre:\n<ul>\n<li>Montre intelligente<\/li>\n<li>Bracelet d&#8217;activit\u00e9s<\/li>\n<\/ul>\n<\/li>\n<li>Produit \u00e0 brancher: Oui<\/li>\n<li>Type:\n<ul>\n<li>Num\u00e9rique<\/li>\n<li>Tensiom\u00e8tre<\/li>\n<\/ul>\n<\/li>\n<li>Caract\u00e9ristiques:\n<ul>\n<li>Moniteur de Sommeil<\/li>\n<li>Moniteur de fr\u00e9quence cardiaque<\/li>\n<li>Acc\u00e9l\u00e9rom\u00e8tre<\/li>\n<li>Ecran tactile<\/li>\n<li>Capteur de lumi\u00e8re ambiante<\/li>\n<li>Gyroscope<\/li>\n<li>Moniteur de rythme cardiaque<\/li>\n<li>Alarme<\/li>\n<li>Thermom\u00e8tre<\/li>\n<li>Distance parcourue<\/li>\n<li>Chronom\u00e8tre<\/li>\n<li>Notifications d\u2019appels et de messages<\/li>\n<li>Capteur de niveau d&#8217;oxyg\u00e8ne dans le sang<\/li>\n<\/ul>\n<\/li>\n<li>Fonctions:\n<ul>\n<li>Alarme<\/li>\n<li>Barom\u00e8tre<\/li>\n<li>Chronom\u00e8tre<\/li>\n<li>Acc\u00e9l\u00e9rom\u00e8tre<\/li>\n<li>\u00c9cran couleur<\/li>\n<li>Podom\u00e8tre<\/li>\n<li>Consommation de Calories<\/li>\n<li>Moniteur de Sommeil<\/li>\n<li>Recherche d&#8217;un appareil<\/li>\n<li>Moniteur de fr\u00e9quence cardiaque<\/li>\n<\/ul>\n<\/li>\n<li>Caisse: 51 mm<\/li>\n<li>Connectivit\u00e9:\n<ul>\n<li>NFC<\/li>\n<li>Wi-Fi<\/li>\n<li>Bluetooth<\/li>\n<li>GPS<\/li>\n<li>Glonass<\/li>\n<li>Galileo<\/li>\n<\/ul>\n<\/li>\n<li>Imperm\u00e9abilit\u00e9: 10 atm<\/li>\n<li>Bloc d\u2019Alimentation: r\u00e9seau \u00e9lectrique<\/li>\n<li>Couleur:\n<ul>\n<li>Gris<\/li>\n<li>Noir<\/li>\n<\/ul>\n<\/li>\n<li>Connexions: USB<\/li>\n<li>M\u00e9moire interne: 32 GB<\/li>\n<li>Ecran: 1,4&#8243;<\/li>\n<li>Type de batterie:\n<ul>\n<li>Int\u00e9gr\u00e9e<\/li>\n<li>Litio Ion<\/li>\n<\/ul>\n<\/li>\n<li>Langue: Anglais<\/li>\n<li>Forme:\n<ul>\n<li>Rond<\/li>\n<li>Ronde<\/li>\n<\/ul>\n<\/li>\n<li>Compatible: iOS, Android<\/li>\n<li>Inclut: Minuterie<\/li>\n<li>Fonctionne \u00e0 piles: 1 Litio Ion, incluidas<\/li>\n<li>R\u00e9sistant \u00e0 l&#8217;eau: 10 atm<\/li>\n<li>Diagonale de l&#8217;\u00e9cran (cm): 54,4 cm<\/li>\n<\/ul>","protected":false},"excerpt":{"rendered":"<p>Si vous \u00eates passionn\u00e9 d&#8217;informatique et d&#8217;\u00e9lectronique, si vous \u00eates \u00e0 la pointe de la technologie et qu&#8217;aucun d\u00e9tail ne vous \u00e9chappe, achetez Montre intelligente GARMIN f\u0113nix 7X Pro Gris 1,4&#8243; au meilleur prix. Mati\u00e8re: Acier verre Silicone Poids approx.: 96 g Ecran tactile: Oui Podom\u00e8tre: Oui Alarme: Oui Gyroscope: Oui Chronom\u00e8tre: Oui Glonass: Oui [&hellip;]<\/p>\n","protected":false},"featured_media":66859,"comment_status":"open","ping_status":"closed","template":"","meta":[],"product_brand":[826],"product_cat":[575,65,748],"product_tag":[103,566,106],"class_list":{"0":"post-47651","1":"product","2":"type-product","3":"status-publish","4":"has-post-thumbnail","6":"product_brand-brandp_649","7":"product_cat-electronique-telephonie-et-tablettes","8":"product_cat-informatique-electronique","9":"product_cat-smartwatches","10":"product_tag-tag_1261","11":"product_tag-tag_547","12":"product_tag-tag_1295","14":"first","15":"instock","16":"taxable","17":"shipping-taxable","18":"purchasable","19":"product-type-simple"},"_links":{"self":[{"href":"https:\/\/bigbuy.tupique.com\/pt\/wp-json\/wp\/v2\/product\/47651","targetHints":{"allow":["GET"]}}],"collection":[{"href":"https:\/\/bigbuy.tupique.com\/pt\/wp-json\/wp\/v2\/product"}],"about":[{"href":"https:\/\/bigbuy.tupique.com\/pt\/wp-json\/wp\/v2\/types\/product"}],"replies":[{"embeddable":true,"href":"https:\/\/bigbuy.tupique.com\/pt\/wp-json\/wp\/v2\/comments?post=47651"}],"wp:featuredmedia":[{"embeddable":true,"href":"https:\/\/bigbuy.tupique.com\/pt\/wp-json\/wp\/v2\/media\/66859"}],"wp:attachment":[{"href":"https:\/\/bigbuy.tupique.com\/pt\/wp-json\/wp\/v2\/media?parent=47651"}],"wp:term":[{"taxonomy":"product_brand","embeddable":true,"href":"https:\/\/bigbuy.tupique.com\/pt\/wp-json\/wp\/v2\/product_brand?post=47651"},{"taxonomy":"product_cat","embeddable":true,"href":"https:\/\/bigbuy.tupique.com\/pt\/wp-json\/wp\/v2\/product_cat?post=47651"},{"taxonomy":"product_tag","embeddable":true,"href":"https:\/\/bigbuy.tupique.com\/pt\/wp-json\/wp\/v2\/product_tag?post=47651"}],"curies":[{"name":"wp","href":"https:\/\/api.w.org\/{rel}","templated":true}]}}