{"id":47604,"date":"2026-03-30T21:48:54","date_gmt":"2026-03-30T20:48:54","guid":{"rendered":"https:\/\/bigbuy.tupique.com\/produto\/stud-detector-bosch\/"},"modified":"2026-04-16T16:22:40","modified_gmt":"2026-04-16T15:22:40","slug":"stud-detector-bosch","status":"publish","type":"product","link":"https:\/\/bigbuy.tupique.com\/pt\/produto\/stud-detector-bosch\/","title":{"rendered":"D\u00e9tecteur de c\u00e2bles et canalisations BOSCH"},"content":{"rendered":"<p>Si vous aimez prendre soin de chaque d\u00e9tail de votre maison et d&#8217;\u00eatre \u00e0 la derni\u00e8re mode en mati\u00e8re de produits qui vous rendront la vie plus facile, achetez <b>D\u00e9tecteur de c\u00e2bles et canalisations BOSCH<\/b> au meilleur prix.<\/p>\n<ul>\n<li>Type: Syst\u00e8me d\u00b4alarme<\/li>\n<li>Couleur: Bleu<\/li>\n<li>Tension: 240 V<\/li>\n<li>Piles incluses: Oui<\/li>\n<li>R\u00e9solution: LCD<\/li>\n<li>\u00c2ge recommand\u00e9: Adultes<\/li>\n<li>Technologie: LCD<\/li>\n<li>Type de batterie: Litio Ion<\/li>\n<\/ul>","protected":false},"excerpt":{"rendered":"<p>Si vous aimez prendre soin de chaque d\u00e9tail de votre maison et d&#8217;\u00eatre \u00e0 la derni\u00e8re mode en mati\u00e8re de produits qui vous rendront la vie plus facile, achetez D\u00e9tecteur de c\u00e2bles et canalisations BOSCH au meilleur prix. Type: Syst\u00e8me d\u00b4alarme Couleur: Bleu Tension: 240 V Piles incluses: Oui R\u00e9solution: LCD \u00c2ge recommand\u00e9: Adultes Technologie: [&hellip;]<\/p>\n","protected":false},"featured_media":47595,"comment_status":"open","ping_status":"closed","template":"","meta":[],"product_brand":[162],"product_cat":[613,239],"product_tag":[59,210],"class_list":{"0":"post-47604","1":"product","2":"type-product","3":"status-publish","4":"has-post-thumbnail","6":"product_brand-brandp_959","7":"product_cat-bricolage-et-materiel","8":"product_cat-maison-jardin","9":"product_tag-tag_1304","10":"product_tag-tag_25","12":"first","13":"instock","14":"taxable","15":"shipping-taxable","16":"purchasable","17":"product-type-simple"},"_links":{"self":[{"href":"https:\/\/bigbuy.tupique.com\/pt\/wp-json\/wp\/v2\/product\/47604","targetHints":{"allow":["GET"]}}],"collection":[{"href":"https:\/\/bigbuy.tupique.com\/pt\/wp-json\/wp\/v2\/product"}],"about":[{"href":"https:\/\/bigbuy.tupique.com\/pt\/wp-json\/wp\/v2\/types\/product"}],"replies":[{"embeddable":true,"href":"https:\/\/bigbuy.tupique.com\/pt\/wp-json\/wp\/v2\/comments?post=47604"}],"wp:featuredmedia":[{"embeddable":true,"href":"https:\/\/bigbuy.tupique.com\/pt\/wp-json\/wp\/v2\/media\/47595"}],"wp:attachment":[{"href":"https:\/\/bigbuy.tupique.com\/pt\/wp-json\/wp\/v2\/media?parent=47604"}],"wp:term":[{"taxonomy":"product_brand","embeddable":true,"href":"https:\/\/bigbuy.tupique.com\/pt\/wp-json\/wp\/v2\/product_brand?post=47604"},{"taxonomy":"product_cat","embeddable":true,"href":"https:\/\/bigbuy.tupique.com\/pt\/wp-json\/wp\/v2\/product_cat?post=47604"},{"taxonomy":"product_tag","embeddable":true,"href":"https:\/\/bigbuy.tupique.com\/pt\/wp-json\/wp\/v2\/product_tag?post=47604"}],"curies":[{"name":"wp","href":"https:\/\/api.w.org\/{rel}","templated":true}]}}