{"id":47585,"date":"2026-03-30T21:48:13","date_gmt":"2026-03-30T20:48:13","guid":{"rendered":"https:\/\/bigbuy.tupique.com\/produto\/mens-watch-philip-watch-r8221225001-o-40-mm\/"},"modified":"2026-05-11T20:03:22","modified_gmt":"2026-05-11T18:03:22","slug":"mens-watch-philip-watch-r8221225001-o-40-mm","status":"publish","type":"product","link":"https:\/\/bigbuy.tupique.com\/pt\/produto\/mens-watch-philip-watch-r8221225001-o-40-mm\/","title":{"rendered":"Montre Homme Philip Watch R8221225001 (\u00d8 40 mm)"},"content":{"rendered":"<p>Si vous aimez suivre les derni\u00e8res tendances en mati\u00e8re de mode et accessoires, achetez <b>Montre Homme Philip Watch R8221225001 (\u00d8 40 mm)<\/b> au meilleur prix.<\/p>\n<ul>\n<li>Liens suppl\u00e9mentaires: Non<\/li>\n<li>Type de montre: Montre-bracelet<\/li>\n<li>Genre: Homme<\/li>\n<li>Verre: Saphir<\/li>\n<li>Type de mouvement: Automatique<\/li>\n<li>Diam\u00e8tre du bo\u00eetier de la montre: \u00d8 40 mm<\/li>\n<li>Caract\u00e9ristiques: R\u00e9sistant \u00e0 l&#8217;eau<\/li>\n<li>Materiau du bo\u00eetier: Acier inoxydable<\/li>\n<li>Couleur du bracelet: Beige<\/li>\n<li>Forme: Rond<\/li>\n<li>Mat\u00e9riau du bracelet: Cuir<\/li>\n<li>Type de garantie: Du fabriquant<\/li>\n<\/ul>","protected":false},"excerpt":{"rendered":"<p>Si vous aimez suivre les derni\u00e8res tendances en mati\u00e8re de mode et accessoires, achetez Montre Homme Philip Watch R8221225001 (\u00d8 40 mm) au meilleur prix. Liens suppl\u00e9mentaires: Non Type de montre: Montre-bracelet Genre: Homme Verre: Saphir Type de mouvement: Automatique Diam\u00e8tre du bo\u00eetier de la montre: \u00d8 40 mm Caract\u00e9ristiques: R\u00e9sistant \u00e0 l&#8217;eau Materiau du [&hellip;]<\/p>\n","protected":false},"featured_media":47583,"comment_status":"open","ping_status":"closed","template":"","meta":[],"product_brand":[872],"product_cat":[544,574,545],"product_tag":[103,543],"class_list":{"0":"post-47585","1":"product","2":"type-product","3":"status-publish","4":"has-post-thumbnail","6":"product_brand-brandp_6832","7":"product_cat-mode-accessoires","8":"product_cat-montres-homme","9":"product_cat-montres-bracelets","10":"product_tag-tag_1261","11":"product_tag-tag_61","13":"first","14":"instock","15":"taxable","16":"shipping-taxable","17":"purchasable","18":"product-type-simple"},"_links":{"self":[{"href":"https:\/\/bigbuy.tupique.com\/pt\/wp-json\/wp\/v2\/product\/47585","targetHints":{"allow":["GET"]}}],"collection":[{"href":"https:\/\/bigbuy.tupique.com\/pt\/wp-json\/wp\/v2\/product"}],"about":[{"href":"https:\/\/bigbuy.tupique.com\/pt\/wp-json\/wp\/v2\/types\/product"}],"replies":[{"embeddable":true,"href":"https:\/\/bigbuy.tupique.com\/pt\/wp-json\/wp\/v2\/comments?post=47585"}],"wp:featuredmedia":[{"embeddable":true,"href":"https:\/\/bigbuy.tupique.com\/pt\/wp-json\/wp\/v2\/media\/47583"}],"wp:attachment":[{"href":"https:\/\/bigbuy.tupique.com\/pt\/wp-json\/wp\/v2\/media?parent=47585"}],"wp:term":[{"taxonomy":"product_brand","embeddable":true,"href":"https:\/\/bigbuy.tupique.com\/pt\/wp-json\/wp\/v2\/product_brand?post=47585"},{"taxonomy":"product_cat","embeddable":true,"href":"https:\/\/bigbuy.tupique.com\/pt\/wp-json\/wp\/v2\/product_cat?post=47585"},{"taxonomy":"product_tag","embeddable":true,"href":"https:\/\/bigbuy.tupique.com\/pt\/wp-json\/wp\/v2\/product_tag?post=47585"}],"curies":[{"name":"wp","href":"https:\/\/api.w.org\/{rel}","templated":true}]}}