{"id":47508,"date":"2026-03-30T21:38:36","date_gmt":"2026-03-30T20:38:36","guid":{"rendered":"https:\/\/bigbuy.tupique.com\/produto\/smartwatch-apple-ultra-3-grey-49-mm-o-49-mm\/"},"modified":"2026-04-15T07:36:45","modified_gmt":"2026-04-15T06:36:45","slug":"smartwatch-apple-ultra-3-grey-49-mm-o-49-mm","status":"publish","type":"product","link":"https:\/\/bigbuy.tupique.com\/pt\/produto\/smartwatch-apple-ultra-3-grey-49-mm-o-49-mm\/","title":{"rendered":"Montre intelligente Apple Ultra 3 Gris 49 mm \u00d8 49 mm"},"content":{"rendered":"<p>Si vous \u00eates \u00e0 la recherche de nouvelles tendances sur le march\u00e9, nous vous pr\u00e9sentons <b>Montre intelligente Apple Ultra 3 Gris 49 mm \u00d8 49 mm<\/b> !<\/p>\n<p>Le <b>Apple Watch Ultra 3<\/b> est une <b>montre connect\u00e9e<\/b> avanc\u00e9e con\u00e7ue pour les utilisateurs exigeant une technologie de pointe alliant durabilit\u00e9 et style. Son bo\u00eetier de <b>49 mm<\/b> est fabriqu\u00e9 en <b>titane naturel<\/b>, un mat\u00e9riau l\u00e9ger et r\u00e9sistant offrant une protection sup\u00e9rieure contre les chocs et rayures, id\u00e9al pour les activit\u00e9s en plein air et les sports intensifs. Ce mod\u00e8le int\u00e8gre la connectivit\u00e9 <b>Bluetooth<\/b>, <b>Wi-Fi<\/b> et <b>GPS<\/b>, garantissant une synchronisation fluide avec l\u2019\u00e9cosyst\u00e8me Apple et une localisation pr\u00e9cise pour le suivi des itin\u00e9raires et la surveillance sportive. L\u2019\u00e9cran est enti\u00e8rement tactile et \u00e9quip\u00e9 d\u2019un capteur de lumi\u00e8re ambiante qui ajuste automatiquement la luminosit\u00e9 pour une visibilit\u00e9 optimale en toute circonstance. Il dispose \u00e9galement de haut-parleurs int\u00e9gr\u00e9s et d\u2019un acc\u00e9l\u00e9rom\u00e8tre am\u00e9liorant l\u2019interaction avec les fonctions sant\u00e9 et activit\u00e9 physique. Le bracelet Loop Alpine de couleur <b>bleu clair<\/b> est con\u00e7u pour offrir confort et maintien s\u00e9curis\u00e9 lors d\u2019un usage prolong\u00e9, alliant \u00e9l\u00e9gance et fonctionnalit\u00e9. La gamme Ultra 3 repr\u00e9sente une option avanc\u00e9e parmi les montres connect\u00e9es, adapt\u00e9e \u00e0 ceux qui recherchent un appareil robuste, polyvalent et parfaitement int\u00e9gr\u00e9 \u00e0 l\u2019\u00e9cosyst\u00e8me Apple.<\/p>\n<ul>\n<li>Type de montre: Montre intelligente<\/li>\n<li>Produit \u00e0 brancher: Oui<\/li>\n<li>Type de prise: Prise EU<\/li>\n<li>Bloc d\u2019Alimentation: r\u00e9seau \u00e9lectrique<\/li>\n<li>Couleur:\n<ul>\n<li>Gris<\/li>\n<li>Bleu<\/li>\n<li>Titane<\/li>\n<li>Naturel<\/li>\n<\/ul>\n<\/li>\n<li>M\u00e9moire interne: 64 GB<\/li>\n<li>Processeur: Dual Core<\/li>\n<li>Mati\u00e8re:\n<ul>\n<li>Titane<\/li>\n<li>Saphir<\/li>\n<\/ul>\n<\/li>\n<li>Caract\u00e9ristiques:\n<ul>\n<li>Acc\u00e9l\u00e9rom\u00e8tre<\/li>\n<li>Haut-parleurs int\u00e9gr\u00e9s<\/li>\n<li>Ecran tactile<\/li>\n<li>Capteur de lumi\u00e8re ambiante<\/li>\n<li>Gyroscope<\/li>\n<li>Altim\u00e8tre<\/li>\n<li>Alarme<\/li>\n<li>Microphone int\u00e9gr\u00e9<\/li>\n<li>Distance parcourue<\/li>\n<li>Moniteur de Sommeil<\/li>\n<li>Connexion au r\u00e9seau mobile<\/li>\n<li>Charge magn\u00e9tique<\/li>\n<li>Multisport<\/li>\n<li>Capteur de niveau d&#8217;oxyg\u00e8ne dans le sang<\/li>\n<li>\u00c9cran avec coins arrondis<\/li>\n<\/ul>\n<\/li>\n<li>Fonctions:\n<ul>\n<li>\u00c9cran couleur<\/li>\n<li>Moniteur de Sommeil<\/li>\n<li>Moniteur de fr\u00e9quence cardiaque<\/li>\n<\/ul>\n<\/li>\n<li>Type de batterie:\n<ul>\n<li>Int\u00e9gr\u00e9e<\/li>\n<li>Litio Ion<\/li>\n<\/ul>\n<\/li>\n<li>Connectivit\u00e9:\n<ul>\n<li>Bluetooth<\/li>\n<li>Wi-Fi<\/li>\n<li>GPS<\/li>\n<li>NFC<\/li>\n<li>Glonass<\/li>\n<li>BeiDou<\/li>\n<li>Galileo<\/li>\n<li>5G<\/li>\n<li>Bluetooth Low Energy<\/li>\n<li>LTE<\/li>\n<li>Bluetooth 5.3<\/li>\n<\/ul>\n<\/li>\n<li>Compatible:\n<ul>\n<li>Siri<\/li>\n<li>Apple Watch SE<\/li>\n<li>Apple Watch Series 4\/5\/6<\/li>\n<li>Apple Watch Series 7<\/li>\n<\/ul>\n<\/li>\n<li>Caisse: 49 mm<\/li>\n<li>Couleur du bracelet: Bleu<\/li>\n<li>Forme:\n<ul>\n<li>Rectangulaire<\/li>\n<li>Carr\u00e9<\/li>\n<\/ul>\n<\/li>\n<li>Taille:\n<ul>\n<li>S<\/li>\n<li>49 mm<\/li>\n<\/ul>\n<\/li>\n<li>Genre: Unisexe<\/li>\n<li>GPS: Oui<\/li>\n<li>Cam\u00e9ra\/Appareil Photo: Non<\/li>\n<li>Bracelet: S-L<\/li>\n<li>Chargeur sans fil: Oui<\/li>\n<li>Imperm\u00e9abilit\u00e9: 10 atm<\/li>\n<li>Radio FM: Non<\/li>\n<li>Couleur du cadran: Bleu<\/li>\n<li>Technologie: OLED<\/li>\n<li>Connexion USB: Non<\/li>\n<li>Sangle: Amovible<\/li>\n<li>R\u00e9sistant \u00e0 l&#8217;eau: 10 atm<\/li>\n<li>Syst\u00e8me d&#8217;exploitation: watchOS 7<\/li>\n<li>Sport:\n<ul>\n<li>Fitness<\/li>\n<li>Natation<\/li>\n<\/ul>\n<\/li>\n<li>M\u00e9moire Flash: 64 MB<\/li>\n<li>Noyaux: 2 Noyaux<\/li>\n<li>Diam\u00e8tre du bo\u00eetier de la montre: \u00d8 49 mm<\/li>\n<li>Autonomie approx.: 42 heures<\/li>\n<\/ul>","protected":false},"excerpt":{"rendered":"<p><span class=\"unit-info\">23816.1224 &euro; \/ 1 m<\/span><\/p>","protected":false},"featured_media":155260,"comment_status":"open","ping_status":"closed","template":"","meta":[],"product_brand":[979],"product_cat":[575,65,748],"product_tag":[103,566,106],"class_list":{"0":"post-47508","1":"product","2":"type-product","3":"status-publish","4":"has-post-thumbnail","6":"product_brand-brandp_533","7":"product_cat-electronique-telephonie-et-tablettes","8":"product_cat-informatique-electronique","9":"product_cat-smartwatches","10":"product_tag-tag_1261","11":"product_tag-tag_547","12":"product_tag-tag_1295","14":"first","15":"instock","16":"taxable","17":"shipping-taxable","18":"purchasable","19":"product-type-simple"},"_links":{"self":[{"href":"https:\/\/bigbuy.tupique.com\/pt\/wp-json\/wp\/v2\/product\/47508","targetHints":{"allow":["GET"]}}],"collection":[{"href":"https:\/\/bigbuy.tupique.com\/pt\/wp-json\/wp\/v2\/product"}],"about":[{"href":"https:\/\/bigbuy.tupique.com\/pt\/wp-json\/wp\/v2\/types\/product"}],"replies":[{"embeddable":true,"href":"https:\/\/bigbuy.tupique.com\/pt\/wp-json\/wp\/v2\/comments?post=47508"}],"wp:featuredmedia":[{"embeddable":true,"href":"https:\/\/bigbuy.tupique.com\/pt\/wp-json\/wp\/v2\/media\/155260"}],"wp:attachment":[{"href":"https:\/\/bigbuy.tupique.com\/pt\/wp-json\/wp\/v2\/media?parent=47508"}],"wp:term":[{"taxonomy":"product_brand","embeddable":true,"href":"https:\/\/bigbuy.tupique.com\/pt\/wp-json\/wp\/v2\/product_brand?post=47508"},{"taxonomy":"product_cat","embeddable":true,"href":"https:\/\/bigbuy.tupique.com\/pt\/wp-json\/wp\/v2\/product_cat?post=47508"},{"taxonomy":"product_tag","embeddable":true,"href":"https:\/\/bigbuy.tupique.com\/pt\/wp-json\/wp\/v2\/product_tag?post=47508"}],"curies":[{"name":"wp","href":"https:\/\/api.w.org\/{rel}","templated":true}]}}