{"id":47383,"date":"2026-03-30T21:33:11","date_gmt":"2026-03-30T20:33:11","guid":{"rendered":"https:\/\/bigbuy.tupique.com\/produto\/sports-headphones-beats-mx743zm-a-orange\/"},"modified":"2026-04-16T23:54:45","modified_gmt":"2026-04-16T22:54:45","slug":"sports-headphones-beats-mx743zm-a-orange","status":"publish","type":"product","link":"https:\/\/bigbuy.tupique.com\/pt\/produto\/sports-headphones-beats-mx743zm-a-orange\/","title":{"rendered":"\u00c9couteurs sport Beats MX743ZM\/A Orange"},"content":{"rendered":"<p>Si vous \u00eates passionn\u00e9 d&#8217;<b>informatique et d&#8217;\u00e9lectronique<\/b>, si vous \u00eates \u00e0 la pointe de la technologie et qu&#8217;aucun d\u00e9tail ne vous \u00e9chappe, achetez <b>\u00c9couteurs sport Beats MX743ZM\/A Orange<\/b> au meilleur prix.<\/p>\n<ul>\n<li>Caract\u00e9ristiques:\n<ul>\n<li>Sans fil<\/li>\n<li>Imperm\u00e9able<\/li>\n<li>Contr\u00f4le du volume<\/li>\n<li>\u00c9tui<\/li>\n<li>Ergonomique<\/li>\n<li>Batterie rechargeable<\/li>\n<li>R\u00e9duction du bruit<\/li>\n<li>Microphone int\u00e9gr\u00e9<\/li>\n<li>R\u00e9sistant \u00e0 la sueur<\/li>\n<li>Garantie<\/li>\n<li>Guide d&#8217;installation inclus<\/li>\n<li>Casque &amp; Microphone<\/li>\n<li>Utilisation pratique et simple<\/li>\n<li>Chargement rapide<\/li>\n<\/ul>\n<\/li>\n<li>Couleur: Orange<\/li>\n<li>Connexions:\n<ul>\n<li>USB-C<\/li>\n<li>Lightning<\/li>\n<\/ul>\n<\/li>\n<li>Type:\n<ul>\n<li>Casques avec Microphone<\/li>\n<li>\u00c0 crochet<\/li>\n<\/ul>\n<\/li>\n<li>Connectivit\u00e9:\n<ul>\n<li>Bluetooth<\/li>\n<li>Sans fil<\/li>\n<\/ul>\n<\/li>\n<li>Type de casque: Internet intra-auriculaires<\/li>\n<li>Genre: Unisexe<\/li>\n<li>Microphone: Oui<\/li>\n<li>Fonctions: Acc\u00e9l\u00e9rom\u00e8tre<\/li>\n<li>Contr\u00f4le: Boutons<\/li>\n<li>Classification IP: IPX4<\/li>\n<li>Inclut: Manuel de l&#8217;utilisateur<\/li>\n<li>Utilisation recommand\u00e9e: Sport<\/li>\n<li>Type de batterie: Litio Ion<\/li>\n<li>Autonomie approx.: 10 heures<\/li>\n<\/ul>","protected":false},"excerpt":{"rendered":"<p>Si vous \u00eates passionn\u00e9 d&#8217;informatique et d&#8217;\u00e9lectronique, si vous \u00eates \u00e0 la pointe de la technologie et qu&#8217;aucun d\u00e9tail ne vous \u00e9chappe, achetez \u00c9couteurs sport Beats MX743ZM\/A Orange au meilleur prix. Caract\u00e9ristiques: Sans fil Imperm\u00e9able Contr\u00f4le du volume \u00c9tui Ergonomique Batterie rechargeable R\u00e9duction du bruit Microphone int\u00e9gr\u00e9 R\u00e9sistant \u00e0 la sueur Garantie Guide d&#8217;installation inclus [&hellip;]<\/p>\n","protected":false},"featured_media":47379,"comment_status":"open","ping_status":"closed","template":"","meta":[],"product_brand":[1410],"product_cat":[65,581,594],"product_tag":[213,566,106],"class_list":{"0":"post-47383","1":"product","2":"type-product","3":"status-publish","4":"has-post-thumbnail","6":"product_brand-brandp_4845","7":"product_cat-informatique-electronique","8":"product_cat-informatique-peripheriques-et-consommables","9":"product_cat-micros-et-ecouteurs","10":"product_tag-tag_933","11":"product_tag-tag_547","12":"product_tag-tag_1295","14":"first","15":"instock","16":"taxable","17":"shipping-taxable","18":"purchasable","19":"product-type-simple"},"_links":{"self":[{"href":"https:\/\/bigbuy.tupique.com\/pt\/wp-json\/wp\/v2\/product\/47383","targetHints":{"allow":["GET"]}}],"collection":[{"href":"https:\/\/bigbuy.tupique.com\/pt\/wp-json\/wp\/v2\/product"}],"about":[{"href":"https:\/\/bigbuy.tupique.com\/pt\/wp-json\/wp\/v2\/types\/product"}],"replies":[{"embeddable":true,"href":"https:\/\/bigbuy.tupique.com\/pt\/wp-json\/wp\/v2\/comments?post=47383"}],"wp:featuredmedia":[{"embeddable":true,"href":"https:\/\/bigbuy.tupique.com\/pt\/wp-json\/wp\/v2\/media\/47379"}],"wp:attachment":[{"href":"https:\/\/bigbuy.tupique.com\/pt\/wp-json\/wp\/v2\/media?parent=47383"}],"wp:term":[{"taxonomy":"product_brand","embeddable":true,"href":"https:\/\/bigbuy.tupique.com\/pt\/wp-json\/wp\/v2\/product_brand?post=47383"},{"taxonomy":"product_cat","embeddable":true,"href":"https:\/\/bigbuy.tupique.com\/pt\/wp-json\/wp\/v2\/product_cat?post=47383"},{"taxonomy":"product_tag","embeddable":true,"href":"https:\/\/bigbuy.tupique.com\/pt\/wp-json\/wp\/v2\/product_tag?post=47383"}],"curies":[{"name":"wp","href":"https:\/\/api.w.org\/{rel}","templated":true}]}}