{"id":47358,"date":"2026-03-30T21:32:09","date_gmt":"2026-03-30T20:32:09","guid":{"rendered":"https:\/\/bigbuy.tupique.com\/produto\/mens-watch-garmin-fenix-e-amoled-47mm-black-13\/"},"modified":"2026-05-11T19:55:52","modified_gmt":"2026-05-11T17:55:52","slug":"mens-watch-garmin-fenix-e-amoled-47mm-black-13","status":"publish","type":"product","link":"https:\/\/bigbuy.tupique.com\/pt\/produto\/mens-watch-garmin-fenix-e-amoled-47mm-black-13\/","title":{"rendered":"Montre Homme GARMIN F\u00e9nix E AMOLED 47mm Noir 1,3&#8243;"},"content":{"rendered":"<p>Si vous \u00eates passionn\u00e9 d&#8217;<b>informatique et d&#8217;\u00e9lectronique<\/b>, si vous \u00eates \u00e0 la pointe de la technologie et qu&#8217;aucun d\u00e9tail ne vous \u00e9chappe, achetez <b>Montre Homme GARMIN F\u00e9nix E AMOLED 47mm GPS Noir 1,3&#8243;<\/b> au meilleur prix.<\/p>\n<ul>\n<li>Genre: Homme<\/li>\n<li>Liens suppl\u00e9mentaires: Non<\/li>\n<li>Caract\u00e9ristiques:\n<ul>\n<li>Moniteur de Sommeil<\/li>\n<li>Moniteur de fr\u00e9quence cardiaque<\/li>\n<li>Acc\u00e9l\u00e9rom\u00e8tre<\/li>\n<li>Haut-parleurs int\u00e9gr\u00e9s<\/li>\n<li>Barom\u00e8tre<\/li>\n<li>Ecran tactile<\/li>\n<li>Gyroscope<\/li>\n<li>Altim\u00e8tre<\/li>\n<li>Moniteur de rythme cardiaque<\/li>\n<li>Alarme<\/li>\n<li>Microphone int\u00e9gr\u00e9<\/li>\n<li>R\u00e9veil<\/li>\n<li>Thermom\u00e8tre<\/li>\n<li>Distance parcourue<\/li>\n<li>Chronom\u00e8tre<\/li>\n<li>Notifications d\u2019appels et de messages<\/li>\n<li>Automatique<\/li>\n<li>Multisport<\/li>\n<li>Capteur de niveau d&#8217;oxyg\u00e8ne dans le sang<\/li>\n<\/ul>\n<\/li>\n<li>Fonctions:\n<ul>\n<li>Acc\u00e9l\u00e9rom\u00e8tre<\/li>\n<li>Alarme<\/li>\n<li>Barom\u00e8tre<\/li>\n<li>Chronom\u00e8tre<\/li>\n<li>Altim\u00e8tre<\/li>\n<li>\u00c9cran couleur<\/li>\n<li>Podom\u00e8tre<\/li>\n<li>Consommation de Calories<\/li>\n<li>Moniteur de Sommeil<\/li>\n<li>Recherche d&#8217;un appareil<\/li>\n<li>Moniteur de fr\u00e9quence cardiaque<\/li>\n<\/ul>\n<\/li>\n<li>Podom\u00e8tre: Oui<\/li>\n<li>Utilisation recommand\u00e9e:\n<ul>\n<li>Courir<\/li>\n<li>Golf<\/li>\n<li>Montagne<\/li>\n<li>Cyclisme<\/li>\n<li>Natation<\/li>\n<li>P\u00eache<\/li>\n<li>Rame<\/li>\n<li>Randonn\u00e9e<\/li>\n<li>Ski<\/li>\n<\/ul>\n<\/li>\n<li>Thermom\u00e8tre: Oui<\/li>\n<li>Sport: Fitness<\/li>\n<li>Ecran tactile: Oui<\/li>\n<li>Type:\n<ul>\n<li>Num\u00e9rique<\/li>\n<li>Montre-bracelet<\/li>\n<li>Vibratoire<\/li>\n<\/ul>\n<\/li>\n<li>Imperm\u00e9abilit\u00e9: 10 atm<\/li>\n<li>Inclut:\n<ul>\n<li>USB<\/li>\n<li>C\u00e2ble USB<\/li>\n<li>Minuterie<\/li>\n<li>Chargeur<\/li>\n<\/ul>\n<\/li>\n<li>Caisse: 47 mm<\/li>\n<li>Poids approx.: 76 g<\/li>\n<li>Microphone int\u00e9gr\u00e9: Oui<\/li>\n<li>Couleur: Noir<\/li>\n<li>Connexions: USB<\/li>\n<li>Connectivit\u00e9:\n<ul>\n<li>Wi-Fi<\/li>\n<li>GPS<\/li>\n<li>Glonass<\/li>\n<li>BeiDou<\/li>\n<li>Galileo<\/li>\n<li>Bluetooth<\/li>\n<\/ul>\n<\/li>\n<li>Syst\u00e8me d&#8217;exploitation: Android<\/li>\n<li>Ecran: 1,3&#8243;<\/li>\n<li>Technologie: AMOLED<\/li>\n<li>Mati\u00e8re:\n<ul>\n<li>verre<\/li>\n<li>Silicone<\/li>\n<\/ul>\n<\/li>\n<li>Type de batterie: Int\u00e9gr\u00e9e<\/li>\n<li>M\u00e9moire interne: 16 GB<\/li>\n<li>Forme: Rond<\/li>\n<li>Compatible: iOS, Android<\/li>\n<li>R\u00e9solution: 454 x 454 px<\/li>\n<li>M\u00e9moire Flash: 16 MB<\/li>\n<li>Sangle: Amovible<\/li>\n<li>R\u00e9sistant \u00e0 l&#8217;eau: 10 atm<\/li>\n<\/ul>","protected":false},"excerpt":{"rendered":"<p>Si vous \u00eates passionn\u00e9 d&#8217;informatique et d&#8217;\u00e9lectronique, si vous \u00eates \u00e0 la pointe de la technologie et qu&#8217;aucun d\u00e9tail ne vous \u00e9chappe, achetez Montre Homme GARMIN F\u00e9nix E AMOLED 47mm GPS Noir 1,3&#8243; au meilleur prix. Genre: Homme Liens suppl\u00e9mentaires: Non Caract\u00e9ristiques: Moniteur de Sommeil Moniteur de fr\u00e9quence cardiaque Acc\u00e9l\u00e9rom\u00e8tre Haut-parleurs int\u00e9gr\u00e9s Barom\u00e8tre Ecran tactile [&hellip;]<\/p>\n","protected":false},"featured_media":167848,"comment_status":"open","ping_status":"closed","template":"","meta":[],"product_brand":[826],"product_cat":[575,65,748],"product_tag":[103,566,106],"class_list":{"0":"post-47358","1":"product","2":"type-product","3":"status-publish","4":"has-post-thumbnail","6":"product_brand-brandp_649","7":"product_cat-electronique-telephonie-et-tablettes","8":"product_cat-informatique-electronique","9":"product_cat-smartwatches","10":"product_tag-tag_1261","11":"product_tag-tag_547","12":"product_tag-tag_1295","14":"first","15":"instock","16":"taxable","17":"shipping-taxable","18":"purchasable","19":"product-type-simple"},"_links":{"self":[{"href":"https:\/\/bigbuy.tupique.com\/pt\/wp-json\/wp\/v2\/product\/47358","targetHints":{"allow":["GET"]}}],"collection":[{"href":"https:\/\/bigbuy.tupique.com\/pt\/wp-json\/wp\/v2\/product"}],"about":[{"href":"https:\/\/bigbuy.tupique.com\/pt\/wp-json\/wp\/v2\/types\/product"}],"replies":[{"embeddable":true,"href":"https:\/\/bigbuy.tupique.com\/pt\/wp-json\/wp\/v2\/comments?post=47358"}],"wp:featuredmedia":[{"embeddable":true,"href":"https:\/\/bigbuy.tupique.com\/pt\/wp-json\/wp\/v2\/media\/167848"}],"wp:attachment":[{"href":"https:\/\/bigbuy.tupique.com\/pt\/wp-json\/wp\/v2\/media?parent=47358"}],"wp:term":[{"taxonomy":"product_brand","embeddable":true,"href":"https:\/\/bigbuy.tupique.com\/pt\/wp-json\/wp\/v2\/product_brand?post=47358"},{"taxonomy":"product_cat","embeddable":true,"href":"https:\/\/bigbuy.tupique.com\/pt\/wp-json\/wp\/v2\/product_cat?post=47358"},{"taxonomy":"product_tag","embeddable":true,"href":"https:\/\/bigbuy.tupique.com\/pt\/wp-json\/wp\/v2\/product_tag?post=47358"}],"curies":[{"name":"wp","href":"https:\/\/api.w.org\/{rel}","templated":true}]}}