{"id":47341,"date":"2026-03-30T21:31:25","date_gmt":"2026-03-30T20:31:25","guid":{"rendered":"https:\/\/bigbuy.tupique.com\/produto\/tablet-oneplus-pad-go-2-121-octa-core-8-gb-ram-256-gb-black\/"},"modified":"2026-04-15T07:04:05","modified_gmt":"2026-04-15T06:04:05","slug":"tablet-oneplus-pad-go-2-121-octa-core-8-gb-ram-256-gb-black","status":"publish","type":"product","link":"https:\/\/bigbuy.tupique.com\/pt\/produto\/tablet-oneplus-pad-go-2-121-octa-core-8-gb-ram-256-gb-black\/","title":{"rendered":"Tablette OnePlus Pad Go 2 12,1&#8243; Octa Core 8 GB RAM 256 GB Noir"},"content":{"rendered":"<p>Si vous \u00eates passionn\u00e9 d&#8217;<b>informatique et d&#8217;\u00e9lectronique<\/b>, si vous \u00eates \u00e0 la pointe de la technologie et qu&#8217;aucun d\u00e9tail ne vous \u00e9chappe, achetez <b>Tablette OnePlus Pad Go 2 12,1&#8243; Octa Core 8 GB RAM 256 GB Noir<\/b> au meilleur prix.<\/p>\n<p>La <b>tablette<\/b> OnePlus se distingue comme une option polyvalente et \u00e9quilibr\u00e9e pour l\u2019utilisateur recherchant productivit\u00e9 et divertissement dans un seul appareil. Pr\u00e9sent\u00e9e en \u00e9l\u00e9gant <b>noir<\/b>, cette tablette offre un g\u00e9n\u00e9reux <b>\u00e9cran de 12,1 pouces<\/b> qui assure un confort visuel aussi bien pour le travail que pour les loisirs, optimisant la lisibilit\u00e9 et l\u2019exp\u00e9rience multim\u00e9dia. Dot\u00e9e de <b>8 Go de RAM<\/b> et d\u2019une grande <b>capacit\u00e9 de stockage de 256 Go<\/b>, elle garantit des performances fluides m\u00eame en multit\u00e2che intensif et propose suffisamment d\u2019espace pour applications, documents, photos et vid\u00e9os. Le syst\u00e8me d\u2019exploitation bas\u00e9 sur Android facilite l\u2019int\u00e9gration et la personnalisation, tandis que la connectivit\u00e9 <b>Wi-Fi<\/b> assure un acc\u00e8s internet stable partout. La pr\u00e9sence d\u2019un port <b>USB-C<\/b> permet une recharge rapide et polyvalente, ainsi qu\u2019un transfert efficace de fichiers et la connexion \u00e0 d\u2019autres appareils. La tablette int\u00e8gre un appareil photo de <b>8 m\u00e9gapixels<\/b> adapt\u00e9 aux appels vid\u00e9o et aux prises de vue essentielles, en faisant un outil pr\u00e9cieux pour \u00e9tudiants, professionnels et utilisateurs recherchant une exp\u00e9rience num\u00e9rique compl\u00e8te en mobilit\u00e9. Son design l\u00e9ger et moderne, alli\u00e9 \u00e0 un \u00e9quipement technique robuste, fait de la OnePlus Tablet un choix intelligent et fonctionnel pour ceux qui souhaitent un \u00e9quilibre entre portabilit\u00e9, capacit\u00e9 et efficacit\u00e9.<\/p>\n<ul>\n<li>Diagonale de l&#8217;\u00e9cran (cm): 30,7 cm<\/li>\n<li>Type: Tablette<\/li>\n<li>Produit \u00e0 brancher: Oui<\/li>\n<li>Bloc d\u2019Alimentation: r\u00e9seau \u00e9lectrique<\/li>\n<li>Type de prise: Prise EU<\/li>\n<li>Indice de r\u00e9parabilit\u00e9: 7.2<\/li>\n<li>Technologie: IPS LCD<\/li>\n<li>Syst\u00e8me d&#8217;exploitation: Android<\/li>\n<li>Connectivit\u00e9: Wi-Fi<\/li>\n<li>Cam\u00e9ra\/Appareil Photo: 8 mpx<\/li>\n<li>Connexions: USB-C<\/li>\n<li>Ecran: 12,1&#8243;<\/li>\n<li>Processeur: Octa Core<\/li>\n<li>M\u00e9moire RAM: 8 GB RAM<\/li>\n<li>M\u00e9moire interne: 256 GB<\/li>\n<li>Couleur: Noir<\/li>\n<li>Autonomie approx.: 12 heures<\/li>\n<\/ul>","protected":false},"excerpt":{"rendered":"<p>Si vous \u00eates passionn\u00e9 d&#8217;informatique et d&#8217;\u00e9lectronique, si vous \u00eates \u00e0 la pointe de la technologie et qu&#8217;aucun d\u00e9tail ne vous \u00e9chappe, achetez Tablette OnePlus Pad Go 2 12,1&#8243; Octa Core 8 GB RAM 256 GB Noir au meilleur prix. La tablette OnePlus se distingue comme une option polyvalente et \u00e9quilibr\u00e9e pour l\u2019utilisateur recherchant productivit\u00e9 [&hellip;]<\/p>\n","protected":false},"featured_media":160486,"comment_status":"open","ping_status":"closed","template":"","meta":[],"product_brand":[1150],"product_cat":[575,65,1052],"product_tag":[566,106],"class_list":{"0":"post-47341","1":"product","2":"type-product","3":"status-publish","4":"has-post-thumbnail","6":"product_brand-brandp_4881","7":"product_cat-electronique-telephonie-et-tablettes","8":"product_cat-informatique-electronique","9":"product_cat-tablettes","10":"product_tag-tag_547","11":"product_tag-tag_1295","13":"first","14":"instock","15":"taxable","16":"shipping-taxable","17":"purchasable","18":"product-type-simple"},"_links":{"self":[{"href":"https:\/\/bigbuy.tupique.com\/pt\/wp-json\/wp\/v2\/product\/47341","targetHints":{"allow":["GET"]}}],"collection":[{"href":"https:\/\/bigbuy.tupique.com\/pt\/wp-json\/wp\/v2\/product"}],"about":[{"href":"https:\/\/bigbuy.tupique.com\/pt\/wp-json\/wp\/v2\/types\/product"}],"replies":[{"embeddable":true,"href":"https:\/\/bigbuy.tupique.com\/pt\/wp-json\/wp\/v2\/comments?post=47341"}],"wp:featuredmedia":[{"embeddable":true,"href":"https:\/\/bigbuy.tupique.com\/pt\/wp-json\/wp\/v2\/media\/160486"}],"wp:attachment":[{"href":"https:\/\/bigbuy.tupique.com\/pt\/wp-json\/wp\/v2\/media?parent=47341"}],"wp:term":[{"taxonomy":"product_brand","embeddable":true,"href":"https:\/\/bigbuy.tupique.com\/pt\/wp-json\/wp\/v2\/product_brand?post=47341"},{"taxonomy":"product_cat","embeddable":true,"href":"https:\/\/bigbuy.tupique.com\/pt\/wp-json\/wp\/v2\/product_cat?post=47341"},{"taxonomy":"product_tag","embeddable":true,"href":"https:\/\/bigbuy.tupique.com\/pt\/wp-json\/wp\/v2\/product_tag?post=47341"}],"curies":[{"name":"wp","href":"https:\/\/api.w.org\/{rel}","templated":true}]}}