{"id":47286,"date":"2026-03-30T21:19:40","date_gmt":"2026-03-30T20:19:40","guid":{"rendered":"https:\/\/bigbuy.tupique.com\/produto\/smartwatch-apple-watch-series-11-gps-cellular-grey-196-46-mm-o-46-mm\/"},"modified":"2026-05-11T19:55:52","modified_gmt":"2026-05-11T17:55:52","slug":"smartwatch-apple-watch-series-11-gps-cellular-grey-196-46-mm-o-46-mm","status":"publish","type":"product","link":"https:\/\/bigbuy.tupique.com\/pt\/produto\/smartwatch-apple-watch-series-11-gps-cellular-grey-196-46-mm-o-46-mm\/","title":{"rendered":"Montre intelligente Apple Watch Series 11 GPS + Cellular Gris 1,96&#8243; 46 mm \u00d8 46 mm"},"content":{"rendered":"<p>Si vous \u00eates passionn\u00e9 d&#8217;<b>informatique et d&#8217;\u00e9lectronique<\/b>, si vous \u00eates \u00e0 la pointe de la technologie et qu&#8217;aucun d\u00e9tail ne vous \u00e9chappe, achetez <b>Montre intelligente Apple Watch Series 11 GPS + Cellular Gris 1,96&#8243; 46 mm \u00d8 46 mm<\/b> au meilleur prix.<\/p>\n<p>L\u2019<b>Apple Watch<\/b> est une <b>smartwatch<\/b> avanc\u00e9e con\u00e7ue par Apple, reconnue pour son design moderne et sa construction robuste. Elle est disponible en finitions \u00e9l\u00e9gantes <b>gris<\/b> et <b>titane<\/b> avec un solide <b>bo\u00eetier en acier inoxydable<\/b>, offrant une excellente durabilit\u00e9 et une esth\u00e9tique haut de gamme adapt\u00e9e aussi bien \u00e0 un usage quotidien qu\u2019aux activit\u00e9s sportives. Son <b>\u00e9cran tactile de 1,96&#8243;<\/b> assure une visualisation claire et large des notifications, des donn\u00e9es de sant\u00e9 et des informations importantes, facilitant l\u2019interaction gr\u00e2ce \u00e0 une interface intuitive. Ce mod\u00e8le dispose de la <b>connectivit\u00e9 Bluetooth<\/b> pour une synchronisation efficace avec les appareils Apple compatibles, permettant de recevoir des alertes, de r\u00e9pondre aux messages ou de g\u00e9rer la musique directement depuis le poignet. Parmi ses capteurs figure l\u2019<b>acc\u00e9l\u00e9rom\u00e8tre<\/b>, qui permet un suivi pr\u00e9cis de l\u2019activit\u00e9 physique et l\u2019enregistrement des mouvements, ainsi que des <b>haut-parleurs int\u00e9gr\u00e9s<\/b> pour les appels et notifications sonores, am\u00e9liorant l\u2019utilit\u00e9 aussi bien en milieu urbain que sportif. L\u2019Apple Watch propose des fonctions ax\u00e9es sur le bien-\u00eatre telles que la surveillance de la sant\u00e9 et le suivi de l\u2019exercice, profitant de l\u2019int\u00e9gration \u00e0 l\u2019\u00e9cosyst\u00e8me Apple pour offrir un contr\u00f4le complet de la condition physique et du quotidien de l\u2019utilisateur. Gr\u00e2ce au choix de <b>mat\u00e9riaux de haute qualit\u00e9<\/b> et \u00e0 une conception pens\u00e9e pour la r\u00e9sistance et le confort tout au long de la journ\u00e9e, cette smartwatch est un choix de premier plan pour ceux qui recherchent une technologie avanc\u00e9e dans un format \u00e9l\u00e9gant et polyvalent. Alliant design raffin\u00e9, fonctionnalit\u00e9s de suivi de la sant\u00e9 et connectivit\u00e9 compl\u00e8te, l\u2019Apple Watch s\u2019impose comme une r\u00e9f\u00e9rence sur le march\u00e9 des montres connect\u00e9es haut de gamme.<\/p>\n<ul>\n<li>Type de montre: Montre intelligente<\/li>\n<li>Produit \u00e0 brancher: Oui<\/li>\n<li>Type de prise: Prise EU<\/li>\n<li>Bloc d\u2019Alimentation: r\u00e9seau \u00e9lectrique<\/li>\n<li>Couleur:\n<ul>\n<li>Gris<\/li>\n<li>Titane<\/li>\n<li>Naturel<\/li>\n<\/ul>\n<\/li>\n<li>M\u00e9moire interne: 64 GB<\/li>\n<li>Processeur: Dual Core<\/li>\n<li>Ecran: 1,96&#8243;<\/li>\n<li>Mati\u00e8re: Acier inoxydable<\/li>\n<li>Caract\u00e9ristiques:\n<ul>\n<li>Acc\u00e9l\u00e9rom\u00e8tre<\/li>\n<li>Haut-parleurs int\u00e9gr\u00e9s<\/li>\n<li>Ecran tactile<\/li>\n<li>Capteur de lumi\u00e8re ambiante<\/li>\n<li>Gyroscope<\/li>\n<li>Altim\u00e8tre<\/li>\n<li>Microphone int\u00e9gr\u00e9<\/li>\n<li>Distance parcourue<\/li>\n<li>Moniteur de Sommeil<\/li>\n<li>Connexion au r\u00e9seau mobile<\/li>\n<li>Charge magn\u00e9tique<\/li>\n<li>Multisport<\/li>\n<li>Capteur de niveau d&#8217;oxyg\u00e8ne dans le sang<\/li>\n<li>\u00c9cran avec coins arrondis<\/li>\n<\/ul>\n<\/li>\n<li>Fonctions:\n<ul>\n<li>\u00c9cran couleur<\/li>\n<li>Moniteur de Sommeil<\/li>\n<li>Moniteur de fr\u00e9quence cardiaque<\/li>\n<\/ul>\n<\/li>\n<li>Type de batterie:\n<ul>\n<li>Int\u00e9gr\u00e9e<\/li>\n<li>Litio Ion<\/li>\n<\/ul>\n<\/li>\n<li>Connectivit\u00e9:\n<ul>\n<li>Bluetooth<\/li>\n<li>Wi-Fi<\/li>\n<li>GPS<\/li>\n<li>NFC<\/li>\n<li>Glonass<\/li>\n<li>BeiDou<\/li>\n<li>Galileo<\/li>\n<li>5G<\/li>\n<li>Bluetooth Low Energy<\/li>\n<li>LTE<\/li>\n<li>Bluetooth 5.3<\/li>\n<\/ul>\n<\/li>\n<li>Compatible:\n<ul>\n<li>Siri<\/li>\n<li>Windows<\/li>\n<li>Android<\/li>\n<li>Linux<\/li>\n<li>iOS, Android<\/li>\n<li>iOS<\/li>\n<li>Bluetooth<\/li>\n<li>SIM<\/li>\n<li>App<\/li>\n<li>Microsoft Windows<\/li>\n<li>iPhone, Android, Windows<\/li>\n<li>iPhone, Android<\/li>\n<li>Google Fit App<\/li>\n<li>Apple Health App<\/li>\n<li>iOS 10+<\/li>\n<li>Android 5.0+<\/li>\n<li>Google Fit<\/li>\n<li>Apple Health<\/li>\n<li>nano SIM<\/li>\n<li>iPhone 11 Pro<\/li>\n<li>iPhone 11 Pro Max<\/li>\n<li>\u00c9cran<\/li>\n<li>iPhone 12 Mini<\/li>\n<li>iPhone 12 Pro<\/li>\n<li>iPhone 12 Pro Max<\/li>\n<li>Apple Watch<\/li>\n<li>Apple<\/li>\n<li>PC<\/li>\n<li>Ordinateurs<\/li>\n<li>iPhone 12<\/li>\n<li>iPhone 13 Mini<\/li>\n<li>iPhone 13 Pro Max<\/li>\n<li>iPhone 13 Pro<\/li>\n<li>iPhone 13<\/li>\n<li>Apple Watch SE<\/li>\n<li>Apple Watch Series 4\/5\/6<\/li>\n<li>Apple Watch Series 7<\/li>\n<li>Universel<\/li>\n<li>iPhone 12, 12 Pro<\/li>\n<li>iPhone 12, iPhone 12 Pro<\/li>\n<li>Android 5.0+, iOS 11+<\/li>\n<li>iPhone 14 Plus<\/li>\n<li>iPhone 14 Pro<\/li>\n<li>iPhone 14<\/li>\n<li>iPad (10th gen.)<\/li>\n<li>iPhone 14 Pro Max<\/li>\n<li>Macbook Pro 14&#8243; (2021)<\/li>\n<li>iPhone 15 Pro<\/li>\n<\/ul>\n<\/li>\n<li>Caisse: 46 mm<\/li>\n<li>Mat\u00e9riau du bracelet:\n<ul>\n<li>Acier inoxydable<\/li>\n<li>Legging<\/li>\n<\/ul>\n<\/li>\n<li>Couleur du bracelet: Beige<\/li>\n<li>Forme:\n<ul>\n<li>Rectangulaire<\/li>\n<li>Carr\u00e9<\/li>\n<\/ul>\n<\/li>\n<li>Taille:\n<ul>\n<li>S\/M<\/li>\n<li>46 mm<\/li>\n<\/ul>\n<\/li>\n<li>Genre: Adultes unisexes<\/li>\n<li>GPS: Oui<\/li>\n<li>Imperm\u00e9abilit\u00e9: 5 atm<\/li>\n<li>Cam\u00e9ra\/Appareil Photo: Non<\/li>\n<li>Bracelet: S-L<\/li>\n<li>Chargeur sans fil: Oui<\/li>\n<li>Autonomie approx.: 24 heures<\/li>\n<li>Radio FM: Non<\/li>\n<li>R\u00e9sistant \u00e0 l&#8217;eau: 50 m<\/li>\n<li>Diam\u00e8tre du bo\u00eetier: 46 mm<\/li>\n<li>Couleur du cadran: Gris<\/li>\n<li>Technologie: OLED<\/li>\n<li>Connexion USB: Non<\/li>\n<li>Sangle: Amovible<\/li>\n<li>Sport: Natation<\/li>\n<li>M\u00e9moire Flash: 64 MB<\/li>\n<li>Noyaux: 2 Noyaux<\/li>\n<li>Diam\u00e8tre du bo\u00eetier de la montre: \u00d8 46 mm<\/li>\n<\/ul>","protected":false},"excerpt":{"rendered":"<p><span class=\"unit-info\">25456.3043 &euro; \/ 1 m<\/span><\/p>","protected":false},"featured_media":155235,"comment_status":"open","ping_status":"closed","template":"","meta":[],"product_brand":[979],"product_cat":[575,65,748],"product_tag":[103,566,106],"class_list":{"0":"post-47286","1":"product","2":"type-product","3":"status-publish","4":"has-post-thumbnail","6":"product_brand-brandp_533","7":"product_cat-electronique-telephonie-et-tablettes","8":"product_cat-informatique-electronique","9":"product_cat-smartwatches","10":"product_tag-tag_1261","11":"product_tag-tag_547","12":"product_tag-tag_1295","14":"first","15":"instock","16":"taxable","17":"shipping-taxable","18":"purchasable","19":"product-type-simple"},"_links":{"self":[{"href":"https:\/\/bigbuy.tupique.com\/pt\/wp-json\/wp\/v2\/product\/47286","targetHints":{"allow":["GET"]}}],"collection":[{"href":"https:\/\/bigbuy.tupique.com\/pt\/wp-json\/wp\/v2\/product"}],"about":[{"href":"https:\/\/bigbuy.tupique.com\/pt\/wp-json\/wp\/v2\/types\/product"}],"replies":[{"embeddable":true,"href":"https:\/\/bigbuy.tupique.com\/pt\/wp-json\/wp\/v2\/comments?post=47286"}],"wp:featuredmedia":[{"embeddable":true,"href":"https:\/\/bigbuy.tupique.com\/pt\/wp-json\/wp\/v2\/media\/155235"}],"wp:attachment":[{"href":"https:\/\/bigbuy.tupique.com\/pt\/wp-json\/wp\/v2\/media?parent=47286"}],"wp:term":[{"taxonomy":"product_brand","embeddable":true,"href":"https:\/\/bigbuy.tupique.com\/pt\/wp-json\/wp\/v2\/product_brand?post=47286"},{"taxonomy":"product_cat","embeddable":true,"href":"https:\/\/bigbuy.tupique.com\/pt\/wp-json\/wp\/v2\/product_cat?post=47286"},{"taxonomy":"product_tag","embeddable":true,"href":"https:\/\/bigbuy.tupique.com\/pt\/wp-json\/wp\/v2\/product_tag?post=47286"}],"curies":[{"name":"wp","href":"https:\/\/api.w.org\/{rel}","templated":true}]}}