{"id":47247,"date":"2026-03-30T21:18:22","date_gmt":"2026-03-30T20:18:22","guid":{"rendered":"https:\/\/bigbuy.tupique.com\/produto\/surveillance-camcorder-axis-03213-001\/"},"modified":"2026-04-15T07:03:52","modified_gmt":"2026-04-15T06:03:52","slug":"surveillance-camcorder-axis-03213-001","status":"publish","type":"product","link":"https:\/\/bigbuy.tupique.com\/pt\/produto\/surveillance-camcorder-axis-03213-001\/","title":{"rendered":"Camescope de surveillance Axis 03213-001"},"content":{"rendered":"<p>Si vous \u00eates \u00e0 la recherche de nouvelles tendances sur le march\u00e9, nous vous pr\u00e9sentons <b>Camescope de surveillance Axis 03213-001<\/b> !<\/p>\n<ul>\n<li>Type:\n<ul>\n<li>Cam\u00e9scope<\/li>\n<li>Avec fil<\/li>\n<li>Cam\u00e9ra de s\u00e9curit\u00e9 IP<\/li>\n<\/ul>\n<\/li>\n<li>Couleur: Blanc<\/li>\n<li>Connexions:\n<ul>\n<li>Ethernet LAN<\/li>\n<li>RJ45<\/li>\n<li>Jack 3.5 mm<\/li>\n<\/ul>\n<\/li>\n<li>Fonctions: Vision nocturne<\/li>\n<li>Cam\u00e9ra\/Appareil Photo: 5 Mp<\/li>\n<li>Caract\u00e9ristiques:\n<ul>\n<li>Contr\u00f4le de l&#8217;inclinaison<\/li>\n<li>Alarme<\/li>\n<li>R\u00e9duction du bruit<\/li>\n<li>Microphone int\u00e9gr\u00e9<\/li>\n<li>Lecteur de Cartes<\/li>\n<li>T\u00e9moin de fonctionnement LED<\/li>\n<\/ul>\n<\/li>\n<li>Tension: 12 V<\/li>\n<li>Nombre de cam\u00e9ras: 1<\/li>\n<li>Classification IP: IP66<\/li>\n<li>Inclut:\n<ul>\n<li>Kit de Montage<\/li>\n<li>Manuel de l&#8217;utilisateur<\/li>\n<\/ul>\n<\/li>\n<li>Connectivit\u00e9: Ethernet LAN<\/li>\n<li>consommation d&#8217;\u00e9nergie: 4,7 W<\/li>\n<li>Technologie:\n<ul>\n<li>HDD<\/li>\n<li>2-Way CrossFireX<\/li>\n<\/ul>\n<\/li>\n<li>Non Inclus:\n<ul>\n<li>Wi-Fi<\/li>\n<li>Bluetooth<\/li>\n<\/ul>\n<\/li>\n<li>Bloc d\u2019Alimentation: CC<\/li>\n<li>Cartes M\u00e9moire Compatibles: MicroSD (TransFlash),MicroSDHC,MicroSDXC<\/li>\n<\/ul>","protected":false},"excerpt":{"rendered":"<p>Si vous \u00eates \u00e0 la recherche de nouvelles tendances sur le march\u00e9, nous vous pr\u00e9sentons Camescope de surveillance Axis 03213-001 ! Type: Cam\u00e9scope Avec fil Cam\u00e9ra de s\u00e9curit\u00e9 IP Couleur: Blanc Connexions: Ethernet LAN RJ45 Jack 3.5 mm Fonctions: Vision nocturne Cam\u00e9ra\/Appareil Photo: 5 Mp Caract\u00e9ristiques: Contr\u00f4le de l&#8217;inclinaison Alarme R\u00e9duction du bruit Microphone int\u00e9gr\u00e9 [&hellip;]<\/p>\n","protected":false},"featured_media":47242,"comment_status":"open","ping_status":"closed","template":"","meta":[],"product_brand":[645],"product_cat":[580,239,579],"product_tag":[567,210],"class_list":{"0":"post-47247","1":"product","2":"type-product","3":"status-publish","4":"has-post-thumbnail","6":"product_brand-brandp_4776","7":"product_cat-cameras-de-surveillance-video","8":"product_cat-maison-jardin","9":"product_cat-securite-a-la-maison","10":"product_tag-tag_556","11":"product_tag-tag_25","13":"first","14":"instock","15":"taxable","16":"shipping-taxable","17":"purchasable","18":"product-type-simple"},"_links":{"self":[{"href":"https:\/\/bigbuy.tupique.com\/pt\/wp-json\/wp\/v2\/product\/47247","targetHints":{"allow":["GET"]}}],"collection":[{"href":"https:\/\/bigbuy.tupique.com\/pt\/wp-json\/wp\/v2\/product"}],"about":[{"href":"https:\/\/bigbuy.tupique.com\/pt\/wp-json\/wp\/v2\/types\/product"}],"replies":[{"embeddable":true,"href":"https:\/\/bigbuy.tupique.com\/pt\/wp-json\/wp\/v2\/comments?post=47247"}],"wp:featuredmedia":[{"embeddable":true,"href":"https:\/\/bigbuy.tupique.com\/pt\/wp-json\/wp\/v2\/media\/47242"}],"wp:attachment":[{"href":"https:\/\/bigbuy.tupique.com\/pt\/wp-json\/wp\/v2\/media?parent=47247"}],"wp:term":[{"taxonomy":"product_brand","embeddable":true,"href":"https:\/\/bigbuy.tupique.com\/pt\/wp-json\/wp\/v2\/product_brand?post=47247"},{"taxonomy":"product_cat","embeddable":true,"href":"https:\/\/bigbuy.tupique.com\/pt\/wp-json\/wp\/v2\/product_cat?post=47247"},{"taxonomy":"product_tag","embeddable":true,"href":"https:\/\/bigbuy.tupique.com\/pt\/wp-json\/wp\/v2\/product_tag?post=47247"}],"curies":[{"name":"wp","href":"https:\/\/api.w.org\/{rel}","templated":true}]}}