{"id":47241,"date":"2026-03-30T21:18:07","date_gmt":"2026-03-30T20:18:07","guid":{"rendered":"https:\/\/bigbuy.tupique.com\/produto\/headphones-shokz-c610-ac-bk-eu-000-black\/"},"modified":"2026-04-15T07:03:51","modified_gmt":"2026-04-15T06:03:51","slug":"headphones-shokz-c610-ac-bk-eu-000-black","status":"publish","type":"product","link":"https:\/\/bigbuy.tupique.com\/pt\/produto\/headphones-shokz-c610-ac-bk-eu-000-black\/","title":{"rendered":"Casque Shokz C610-AC-BK-EU-000 Noir"},"content":{"rendered":"<p>Si vous \u00eates \u00e0 la recherche de nouvelles tendances sur le march\u00e9, nous vous pr\u00e9sentons <b>Casque Shokz C610-AC-BK-EU-000 Noir<\/b> !<\/p>\n<ul>\n<li>Type:\n<ul>\n<li>Casque<\/li>\n<li>\u00c9couteur<\/li>\n<li>Sans fil<\/li>\n<li>Casques avec Microphone<\/li>\n<li>\u00c0 crochet<\/li>\n<li>Batterie au lithium rechargeable<\/li>\n<\/ul>\n<\/li>\n<li>Couleur: Noir<\/li>\n<li>Caract\u00e9ristiques:\n<ul>\n<li>Annulation du bruit<\/li>\n<li>Plug and play<\/li>\n<li>R\u00e9sistant \u00e0 l&#8217;eau<\/li>\n<li>R\u00e9duction du bruit<\/li>\n<li>Interrupteur marche\/arr\u00eat<\/li>\n<li>Sans fil<\/li>\n<li>C\u00e2ble amovible<\/li>\n<li>Guide d&#8217;installation inclus<\/li>\n<li>Commande tactile<\/li>\n<\/ul>\n<\/li>\n<li>Connexions:\n<ul>\n<li>USB<\/li>\n<li>USB-C<\/li>\n<\/ul>\n<\/li>\n<li>Connectivit\u00e9: Bluetooth<\/li>\n<li>Longueur du c\u00e2ble: 1 m<\/li>\n<li>Utilisation recommand\u00e9e: Bureau\/Centre d&#8217;appels<\/li>\n<li>Compatible:\n<ul>\n<li>Windows<\/li>\n<li>Mac OS<\/li>\n<\/ul>\n<\/li>\n<li>Type de commande: Tactile<\/li>\n<li>Batterie: Oui<\/li>\n<li>Non Inclus: Adaptateur AC<\/li>\n<li>Inclut: USB Type-A<\/li>\n<\/ul>","protected":false},"excerpt":{"rendered":"<p>Si vous \u00eates \u00e0 la recherche de nouvelles tendances sur le march\u00e9, nous vous pr\u00e9sentons Casque Shokz C610-AC-BK-EU-000 Noir ! Type: Casque \u00c9couteur Sans fil Casques avec Microphone \u00c0 crochet Batterie au lithium rechargeable Couleur: Noir Caract\u00e9ristiques: Annulation du bruit Plug and play R\u00e9sistant \u00e0 l&#8217;eau R\u00e9duction du bruit Interrupteur marche\/arr\u00eat Sans fil C\u00e2ble amovible [&hellip;]<\/p>\n","protected":false},"featured_media":47232,"comment_status":"open","ping_status":"closed","template":"","meta":[],"product_brand":[1407],"product_cat":[65,581,594],"product_tag":[213,566,106],"class_list":{"0":"post-47241","1":"product","2":"type-product","3":"status-publish","4":"has-post-thumbnail","6":"product_brand-brandp_7212","7":"product_cat-informatique-electronique","8":"product_cat-informatique-peripheriques-et-consommables","9":"product_cat-micros-et-ecouteurs","10":"product_tag-tag_933","11":"product_tag-tag_547","12":"product_tag-tag_1295","14":"first","15":"instock","16":"taxable","17":"shipping-taxable","18":"purchasable","19":"product-type-simple"},"_links":{"self":[{"href":"https:\/\/bigbuy.tupique.com\/pt\/wp-json\/wp\/v2\/product\/47241","targetHints":{"allow":["GET"]}}],"collection":[{"href":"https:\/\/bigbuy.tupique.com\/pt\/wp-json\/wp\/v2\/product"}],"about":[{"href":"https:\/\/bigbuy.tupique.com\/pt\/wp-json\/wp\/v2\/types\/product"}],"replies":[{"embeddable":true,"href":"https:\/\/bigbuy.tupique.com\/pt\/wp-json\/wp\/v2\/comments?post=47241"}],"wp:featuredmedia":[{"embeddable":true,"href":"https:\/\/bigbuy.tupique.com\/pt\/wp-json\/wp\/v2\/media\/47232"}],"wp:attachment":[{"href":"https:\/\/bigbuy.tupique.com\/pt\/wp-json\/wp\/v2\/media?parent=47241"}],"wp:term":[{"taxonomy":"product_brand","embeddable":true,"href":"https:\/\/bigbuy.tupique.com\/pt\/wp-json\/wp\/v2\/product_brand?post=47241"},{"taxonomy":"product_cat","embeddable":true,"href":"https:\/\/bigbuy.tupique.com\/pt\/wp-json\/wp\/v2\/product_cat?post=47241"},{"taxonomy":"product_tag","embeddable":true,"href":"https:\/\/bigbuy.tupique.com\/pt\/wp-json\/wp\/v2\/product_tag?post=47241"}],"curies":[{"name":"wp","href":"https:\/\/api.w.org\/{rel}","templated":true}]}}