{"id":46998,"date":"2026-03-30T21:00:54","date_gmt":"2026-03-30T20:00:54","guid":{"rendered":"https:\/\/bigbuy.tupique.com\/produto\/smartphone-vivo-v60-lite-5g-677-octa-core-12-gb-ram-512-gb-pink\/"},"modified":"2026-05-11T19:55:48","modified_gmt":"2026-05-11T17:55:48","slug":"smartphone-vivo-v60-lite-5g-677-octa-core-12-gb-ram-512-gb-pink","status":"publish","type":"product","link":"https:\/\/bigbuy.tupique.com\/pt\/produto\/smartphone-vivo-v60-lite-5g-677-octa-core-12-gb-ram-512-gb-pink\/","title":{"rendered":"Smartphone Vivo V60 Lite 5G 6,77&#8243; Octa Core 12 GB RAM 512 GB Rose"},"content":{"rendered":"<p>Si vous \u00eates \u00e0 la recherche de nouvelles tendances sur le march\u00e9, nous vous pr\u00e9sentons <b>Smartphone Vivo V60 Lite 5G 6,77&#8243; Octa Core 12 GB RAM 512 GB Rose<\/b> !<\/p>\n<ul>\n<li>Type:\n<ul>\n<li>Smartphone<\/li>\n<li>Smartphones, t\u00e9l\u00e9phones mobiles<\/li>\n<\/ul>\n<\/li>\n<li>Produit \u00e0 brancher: Oui<\/li>\n<li>Ecran:\n<ul>\n<li>6,7&#8243;<\/li>\n<li>6,77&#8243;<\/li>\n<\/ul>\n<\/li>\n<li>Diagonale de l&#8217;\u00e9cran (cm):\n<ul>\n<li>17 cm<\/li>\n<li>17,2 cm<\/li>\n<\/ul>\n<\/li>\n<li>Processeur:\n<ul>\n<li>Mediatek Dimensity 7300<\/li>\n<li>Octa Core<\/li>\n<\/ul>\n<\/li>\n<li>Bloc d\u2019Alimentation: r\u00e9seau \u00e9lectrique<\/li>\n<li>Technologie:\n<ul>\n<li>AMOLED<\/li>\n<li>GPS<\/li>\n<li>OTG<\/li>\n<li>120 Hz<\/li>\n<li>NFC<\/li>\n<li>Multi-touch<\/li>\n<\/ul>\n<\/li>\n<li>Capacit\u00e9 de la batterie: 6500 mAh<\/li>\n<li>Syst\u00e8me d&#8217;exploitation: Android<\/li>\n<li>puissance: 90 W<\/li>\n<li>Connectivit\u00e9:\n<ul>\n<li>NFC<\/li>\n<li>Bluetooth<\/li>\n<li>Wi-Fi<\/li>\n<li>GPS<\/li>\n<li>Glonass<\/li>\n<li>BeiDou<\/li>\n<li>Galileo<\/li>\n<li>5G<\/li>\n<li>eSIM<\/li>\n<li>Wi-Fi 5 GHz<\/li>\n<li>Bluetooth 5.4<\/li>\n<\/ul>\n<\/li>\n<li>Cam\u00e9ra\/Appareil Photo:\n<ul>\n<li>50 Mp<\/li>\n<li>Avant (32 Mpx) et Arri\u00e8re (50 + 16 + 13 + 2 Mpx)<\/li>\n<li>Avant (32 Mpx) et Arri\u00e8re (50 + 50 + 13 + 3 Mpx)<\/li>\n<\/ul>\n<\/li>\n<li>Connexions:\n<ul>\n<li>USB-C<\/li>\n<li>USB 2.0<\/li>\n<li>4G<\/li>\n<li>USB-C 2.0<\/li>\n<li>Dual SIM<\/li>\n<li>nano SIM<\/li>\n<\/ul>\n<\/li>\n<li>M\u00e9moire RAM: 12 GB RAM<\/li>\n<li>M\u00e9moire interne: 512 GB<\/li>\n<li>Couleur: Rose<\/li>\n<li>Caract\u00e9ristiques:\n<ul>\n<li>GPS<\/li>\n<li>Acc\u00e9l\u00e9rom\u00e8tre<\/li>\n<li>Cam\u00e9ra frontale<\/li>\n<li>Flash<\/li>\n<li>Ecran tactile<\/li>\n<li>Capteur de lumi\u00e8re ambiante<\/li>\n<li>Cam\u00e9ra\/Appareil Photo<\/li>\n<li>eSIM<\/li>\n<li>Gyroscope<\/li>\n<li>\u00c9cran AMOLED<\/li>\n<li>Haut-parleur<\/li>\n<li>NFC<\/li>\n<li>Wi-Fi<\/li>\n<li>Full HD<\/li>\n<li>Batterie au lithium rechargeable<\/li>\n<li>MP3<\/li>\n<li>Lecteur d&#8217;empreintes<\/li>\n<li>Boussole \u00e9lectronique<\/li>\n<li>Chargement rapide<\/li>\n<li>Cam\u00e9ra arri\u00e8re<\/li>\n<li>Capteur de proximit\u00e9<\/li>\n<\/ul>\n<\/li>\n<li>R\u00e9solution:\n<ul>\n<li>AMOLED<\/li>\n<li>120 Hz<\/li>\n<li>1080 x 2400 px<\/li>\n<li>387 PPP<\/li>\n<\/ul>\n<\/li>\n<li>Formats: APE<\/li>\n<li>SIM:\n<ul>\n<li>nano SIM<\/li>\n<li>Dual SIM<\/li>\n<\/ul>\n<\/li>\n<li>Type de prise: Prise EU<\/li>\n<li>Noyaux: 8 Noyaux<\/li>\n<li>R\u00e9solution (px): 2392 x 1080 px<\/li>\n<\/ul>","protected":false},"excerpt":{"rendered":"<p>Si vous \u00eates \u00e0 la recherche de nouvelles tendances sur le march\u00e9, nous vous pr\u00e9sentons Smartphone Vivo V60 Lite 5G 6,77&#8243; Octa Core 12 GB RAM 512 GB Rose ! Type: Smartphone Smartphones, t\u00e9l\u00e9phones mobiles Produit \u00e0 brancher: Oui Ecran: 6,7&#8243; 6,77&#8243; Diagonale de l&#8217;\u00e9cran (cm): 17 cm 17,2 cm Processeur: Mediatek Dimensity 7300 Octa [&hellip;]<\/p>\n","protected":false},"featured_media":46988,"comment_status":"open","ping_status":"closed","template":"","meta":[],"product_brand":[1292],"product_cat":[575,65,960],"product_tag":[213,566,106],"class_list":{"0":"post-46998","1":"product","2":"type-product","3":"status-publish","4":"has-post-thumbnail","6":"product_brand-brandp_6701","7":"product_cat-electronique-telephonie-et-tablettes","8":"product_cat-informatique-electronique","9":"product_cat-telephones-portables","10":"product_tag-tag_933","11":"product_tag-tag_547","12":"product_tag-tag_1295","14":"first","15":"instock","16":"taxable","17":"shipping-taxable","18":"purchasable","19":"product-type-simple"},"_links":{"self":[{"href":"https:\/\/bigbuy.tupique.com\/pt\/wp-json\/wp\/v2\/product\/46998","targetHints":{"allow":["GET"]}}],"collection":[{"href":"https:\/\/bigbuy.tupique.com\/pt\/wp-json\/wp\/v2\/product"}],"about":[{"href":"https:\/\/bigbuy.tupique.com\/pt\/wp-json\/wp\/v2\/types\/product"}],"replies":[{"embeddable":true,"href":"https:\/\/bigbuy.tupique.com\/pt\/wp-json\/wp\/v2\/comments?post=46998"}],"wp:featuredmedia":[{"embeddable":true,"href":"https:\/\/bigbuy.tupique.com\/pt\/wp-json\/wp\/v2\/media\/46988"}],"wp:attachment":[{"href":"https:\/\/bigbuy.tupique.com\/pt\/wp-json\/wp\/v2\/media?parent=46998"}],"wp:term":[{"taxonomy":"product_brand","embeddable":true,"href":"https:\/\/bigbuy.tupique.com\/pt\/wp-json\/wp\/v2\/product_brand?post=46998"},{"taxonomy":"product_cat","embeddable":true,"href":"https:\/\/bigbuy.tupique.com\/pt\/wp-json\/wp\/v2\/product_cat?post=46998"},{"taxonomy":"product_tag","embeddable":true,"href":"https:\/\/bigbuy.tupique.com\/pt\/wp-json\/wp\/v2\/product_tag?post=46998"}],"curies":[{"name":"wp","href":"https:\/\/api.w.org\/{rel}","templated":true}]}}