{"id":46726,"date":"2026-03-30T20:42:13","date_gmt":"2026-03-30T19:42:13","guid":{"rendered":"https:\/\/bigbuy.tupique.com\/produto\/video-conferencing-system-barco-r9461811eu-full-hd\/"},"modified":"2026-05-11T20:00:44","modified_gmt":"2026-05-11T18:00:44","slug":"video-conferencing-system-barco-r9461811eu-full-hd","status":"publish","type":"product","link":"https:\/\/bigbuy.tupique.com\/pt\/produto\/video-conferencing-system-barco-r9461811eu-full-hd\/","title":{"rendered":"Syst\u00e8me de Vid\u00e9oconf\u00e9rence Barco R9461811EU Full HD"},"content":{"rendered":"<p>Si vous \u00eates passionn\u00e9 d&#8217;<b>informatique et d&#8217;\u00e9lectronique<\/b>, si vous \u00eates \u00e0 la pointe de la technologie et qu&#8217;aucun d\u00e9tail ne vous \u00e9chappe, achetez <b>Syst\u00e8me de Vid\u00e9oconf\u00e9rence Barco R9461811EU Full HD<\/b> au meilleur prix.<\/p>\n<ul>\n<li>Type:\n<ul>\n<li>Webcam<\/li>\n<li>Syst\u00e8me de Vid\u00e9oconf\u00e9rence<\/li>\n<\/ul>\n<\/li>\n<li>Mati\u00e8re: Plastique<\/li>\n<li>Connexions:\n<ul>\n<li>HDMI<\/li>\n<li>USB<\/li>\n<li>RJ45<\/li>\n<\/ul>\n<\/li>\n<li>R\u00e9solution: Full HD<\/li>\n<li>Pile incluse: Non<\/li>\n<li>Compatible:\n<ul>\n<li>Windows<\/li>\n<li>Mac OS<\/li>\n<\/ul>\n<\/li>\n<\/ul>","protected":false},"excerpt":{"rendered":"<p>Si vous \u00eates passionn\u00e9 d&#8217;informatique et d&#8217;\u00e9lectronique, si vous \u00eates \u00e0 la pointe de la technologie et qu&#8217;aucun d\u00e9tail ne vous \u00e9chappe, achetez Syst\u00e8me de Vid\u00e9oconf\u00e9rence Barco R9461811EU Full HD au meilleur prix. Type: Webcam Syst\u00e8me de Vid\u00e9oconf\u00e9rence Mati\u00e8re: Plastique Connexions: HDMI USB RJ45 R\u00e9solution: Full HD Pile incluse: Non Compatible: Windows Mac OS<\/p>","protected":false},"featured_media":46725,"comment_status":"open","ping_status":"closed","template":"","meta":[],"product_brand":[987],"product_cat":[65,581,607],"product_tag":[213,106],"class_list":{"0":"post-46726","1":"product","2":"type-product","3":"status-publish","4":"has-post-thumbnail","6":"product_brand-brandp_8790","7":"product_cat-informatique-electronique","8":"product_cat-informatique-peripheriques-et-consommables","9":"product_cat-webcam","10":"product_tag-tag_933","11":"product_tag-tag_1295","13":"first","14":"instock","15":"taxable","16":"shipping-taxable","17":"purchasable","18":"product-type-simple"},"_links":{"self":[{"href":"https:\/\/bigbuy.tupique.com\/pt\/wp-json\/wp\/v2\/product\/46726","targetHints":{"allow":["GET"]}}],"collection":[{"href":"https:\/\/bigbuy.tupique.com\/pt\/wp-json\/wp\/v2\/product"}],"about":[{"href":"https:\/\/bigbuy.tupique.com\/pt\/wp-json\/wp\/v2\/types\/product"}],"replies":[{"embeddable":true,"href":"https:\/\/bigbuy.tupique.com\/pt\/wp-json\/wp\/v2\/comments?post=46726"}],"wp:featuredmedia":[{"embeddable":true,"href":"https:\/\/bigbuy.tupique.com\/pt\/wp-json\/wp\/v2\/media\/46725"}],"wp:attachment":[{"href":"https:\/\/bigbuy.tupique.com\/pt\/wp-json\/wp\/v2\/media?parent=46726"}],"wp:term":[{"taxonomy":"product_brand","embeddable":true,"href":"https:\/\/bigbuy.tupique.com\/pt\/wp-json\/wp\/v2\/product_brand?post=46726"},{"taxonomy":"product_cat","embeddable":true,"href":"https:\/\/bigbuy.tupique.com\/pt\/wp-json\/wp\/v2\/product_cat?post=46726"},{"taxonomy":"product_tag","embeddable":true,"href":"https:\/\/bigbuy.tupique.com\/pt\/wp-json\/wp\/v2\/product_tag?post=46726"}],"curies":[{"name":"wp","href":"https:\/\/api.w.org\/{rel}","templated":true}]}}