{"id":46661,"date":"2026-03-30T20:29:47","date_gmt":"2026-03-30T19:29:47","guid":{"rendered":"https:\/\/bigbuy.tupique.com\/produto\/firewall-sonicwall-03-ssc-6925-rj45-ethernet-lan-10-100-1000\/"},"modified":"2026-04-15T07:03:12","modified_gmt":"2026-04-15T06:03:12","slug":"firewall-sonicwall-03-ssc-6925-rj45-ethernet-lan-10-100-1000","status":"publish","type":"product","link":"https:\/\/bigbuy.tupique.com\/pt\/produto\/firewall-sonicwall-03-ssc-6925-rj45-ethernet-lan-10-100-1000\/","title":{"rendered":"Firewall SonicWall 03-SSC-6925 RJ45 Ethernet LAN 10\/100\/1000"},"content":{"rendered":"<p>Si vous \u00eates \u00e0 la recherche de nouvelles tendances sur le march\u00e9, nous vous pr\u00e9sentons <b>Firewall SonicWall 03-SSC-6925 RJ45 Ethernet LAN 10\/100\/1000<\/b> !<\/p>\n<ul>\n<li>Type de prise: Prise EU<\/li>\n<li>Produit \u00e0 brancher: Oui<\/li>\n<li>Type:\n<ul>\n<li>Router<\/li>\n<li>Firewall<\/li>\n<li>Anti-Spyware<\/li>\n<\/ul>\n<\/li>\n<li>Connectivit\u00e9:\n<ul>\n<li>Ethernet LAN<\/li>\n<li>Ethernet LAN 10\/100\/1000<\/li>\n<\/ul>\n<\/li>\n<li>Bloc d\u2019Alimentation: r\u00e9seau \u00e9lectrique<\/li>\n<li>Connexions: RJ45<\/li>\n<\/ul>","protected":false},"excerpt":{"rendered":"<p>Si vous \u00eates \u00e0 la recherche de nouvelles tendances sur le march\u00e9, nous vous pr\u00e9sentons Firewall SonicWall 03-SSC-6925 RJ45 Ethernet LAN 10\/100\/1000 ! Type de prise: Prise EU Produit \u00e0 brancher: Oui Type: Router Firewall Anti-Spyware Connectivit\u00e9: Ethernet LAN Ethernet LAN 10\/100\/1000 Bloc d\u2019Alimentation: r\u00e9seau \u00e9lectrique Connexions: RJ45<\/p>","protected":false},"featured_media":46660,"comment_status":"open","ping_status":"closed","template":"","meta":[],"product_brand":[658],"product_cat":[65,584,612],"product_tag":[106],"class_list":{"0":"post-46661","1":"product","2":"type-product","3":"status-publish","4":"has-post-thumbnail","6":"product_brand-brandp_4781","7":"product_cat-informatique-electronique","8":"product_cat-informatique-reseaux-et-composants","9":"product_cat-routeurs-et-modems","10":"product_tag-tag_1295","12":"first","13":"instock","14":"taxable","15":"shipping-taxable","16":"purchasable","17":"product-type-simple"},"_links":{"self":[{"href":"https:\/\/bigbuy.tupique.com\/pt\/wp-json\/wp\/v2\/product\/46661","targetHints":{"allow":["GET"]}}],"collection":[{"href":"https:\/\/bigbuy.tupique.com\/pt\/wp-json\/wp\/v2\/product"}],"about":[{"href":"https:\/\/bigbuy.tupique.com\/pt\/wp-json\/wp\/v2\/types\/product"}],"replies":[{"embeddable":true,"href":"https:\/\/bigbuy.tupique.com\/pt\/wp-json\/wp\/v2\/comments?post=46661"}],"wp:featuredmedia":[{"embeddable":true,"href":"https:\/\/bigbuy.tupique.com\/pt\/wp-json\/wp\/v2\/media\/46660"}],"wp:attachment":[{"href":"https:\/\/bigbuy.tupique.com\/pt\/wp-json\/wp\/v2\/media?parent=46661"}],"wp:term":[{"taxonomy":"product_brand","embeddable":true,"href":"https:\/\/bigbuy.tupique.com\/pt\/wp-json\/wp\/v2\/product_brand?post=46661"},{"taxonomy":"product_cat","embeddable":true,"href":"https:\/\/bigbuy.tupique.com\/pt\/wp-json\/wp\/v2\/product_cat?post=46661"},{"taxonomy":"product_tag","embeddable":true,"href":"https:\/\/bigbuy.tupique.com\/pt\/wp-json\/wp\/v2\/product_tag?post=46661"}],"curies":[{"name":"wp","href":"https:\/\/api.w.org\/{rel}","templated":true}]}}