{"id":46633,"date":"2026-03-30T20:28:41","date_gmt":"2026-03-30T19:28:41","guid":{"rendered":"https:\/\/bigbuy.tupique.com\/produto\/raid-controller-card-synology-fx2421\/"},"modified":"2026-04-15T07:03:11","modified_gmt":"2026-04-15T06:03:11","slug":"raid-controller-card-synology-fx2421","status":"publish","type":"product","link":"https:\/\/bigbuy.tupique.com\/pt\/produto\/raid-controller-card-synology-fx2421\/","title":{"rendered":"Carte de contr\u00f4leur RAID Synology FX2421"},"content":{"rendered":"<p>Si vous \u00eates passionn\u00e9 d&#8217;<b>informatique et d&#8217;\u00e9lectronique<\/b>, si vous \u00eates \u00e0 la pointe de la technologie et qu&#8217;aucun d\u00e9tail ne vous \u00e9chappe, achetez <b>Carte de contr\u00f4leur RAID Synology FX2421<\/b> au meilleur prix.<\/p>\n<ul>\n<li>Produit \u00e0 brancher: Oui<\/li>\n<li>Type de prise: Prise EU<\/li>\n<li>Bloc d\u2019Alimentation: r\u00e9seau \u00e9lectrique<\/li>\n<li>Couleur: Noir<\/li>\n<li>Tension:\n<ul>\n<li>100-240V<\/li>\n<li>100 &#8211; 240 V<\/li>\n<\/ul>\n<\/li>\n<li>Fr\u00e9quence:\n<ul>\n<li>50-60 Hz<\/li>\n<li>50 &#8211; 60 Hz<\/li>\n<\/ul>\n<\/li>\n<li>Compartiments 3,5&#8243;: x 24<\/li>\n<li>Certificat: RoHS<\/li>\n<li>Taille: 2,5&#8243;<\/li>\n<li>Niveau sonore: 57 dB<\/li>\n<li>diam\u00e8tre approx.: \u00d8 80 cm<\/li>\n<li>Poids: 14,5 kg<\/li>\n<li>Inclut: Manuel de l&#8217;utilisateur<\/li>\n<li>Type: HDD\/SSD<\/li>\n<\/ul>\n<p><\/p>\n<p>Synology FX2421. Type de produit: Bo\u00eetier disque dur\/SSD. Nombre d&#8217;unit\u00e9s de stockage pris en charge: 24, Taille de l&#8217;unit\u00e9 de stockage: 2.5&#8243;, Interfaces de lecteur de stockage prises en charge: SAS, Capacit\u00e9 de stockage maximum: 92,16 To, \u00c9change \u00e0 chaud. Couleur du produit: Noir<\/p>\n<p><\/p>\n<ul>\n<li>Taille de l&#8217;unit\u00e9 de stockage: 2.5&#8243;<\/li>\n<li>Interfaces de lecteur de stockage prises en charge: SAS<\/li>\n<li>Nombre d&#8217;unit\u00e9s de stockage pris en charge: 24<\/li>\n<li>\u00c9change \u00e0 chaud: Oui<\/li>\n<li>Capacit\u00e9 de stockage maximum: 92,16 To<\/li>\n<li>Connectivit\u00e9 USB: Non<\/li>\n<li>Type de produit: Bo\u00eetier disque dur\/SSD<\/li>\n<li>Couleur du produit: Noir<\/li>\n<li>Nombre de ventilateurs: 4 ventilateur(s)<\/li>\n<li>Diam\u00e8tre du ventilateur: 8 cm<\/li>\n<li>Certification: UL<\/li>\n<li>Niveau sonore: 57 dB<\/li>\n<li>Type de source d&#8217;alimentation: Secteur<\/li>\n<li>Tension d&#8217;entr\u00e9e de l&#8217;adaptateur secteur: 100 &#8211; 240 V<\/li>\n<li>Fr\u00e9quence de l&#8217;adaptateur secteur: 50\/60 Hz<\/li>\n<li>Temp\u00e9rature d&#8217;op\u00e9ration: 0 &#8211; 35 \u00b0C<\/li>\n<li>Temp\u00e9rature hors fonctionnement: -20 &#8211; 60 \u00b0C<\/li>\n<li>Taux d&#8217;humidit\u00e9 de fonctionnement: 5 &#8211; 95%<\/li>\n<li>Largeur: 482 mm<\/li>\n<li>Profondeur: 724 mm<\/li>\n<li>Hauteur: 88 mm<\/li>\n<li>Poids: 14,5 kg<\/li>\n<li>C\u00e2bles inclus: Secteur, MiniSAS<\/li>\n<li>Manuel d&#8217;utilisation: Oui<\/li>\n<li>Certificats de durabilit\u00e9: RoHS<\/li>\n<\/ul>","protected":false},"excerpt":{"rendered":"<p>Si vous \u00eates passionn\u00e9 d&#8217;informatique et d&#8217;\u00e9lectronique, si vous \u00eates \u00e0 la pointe de la technologie et qu&#8217;aucun d\u00e9tail ne vous \u00e9chappe, achetez Carte de contr\u00f4leur RAID Synology FX2421 au meilleur prix. Produit \u00e0 brancher: Oui Type de prise: Prise EU Bloc d\u2019Alimentation: r\u00e9seau \u00e9lectrique Couleur: Noir Tension: 100-240V 100 &#8211; 240 V Fr\u00e9quence: 50-60 [&hellip;]<\/p>\n","protected":false},"featured_media":46632,"comment_status":"open","ping_status":"closed","template":"","meta":[],"product_brand":[990],"product_cat":[65,958,959],"product_tag":[106],"class_list":{"0":"post-46633","1":"product","2":"type-product","3":"status-publish","4":"has-post-thumbnail","6":"product_brand-brandp_653","7":"product_cat-informatique-electronique","8":"product_cat-informatique-ordinateurs","9":"product_cat-serveurs","10":"product_tag-tag_1295","12":"first","13":"instock","14":"taxable","15":"shipping-taxable","16":"purchasable","17":"product-type-simple"},"_links":{"self":[{"href":"https:\/\/bigbuy.tupique.com\/pt\/wp-json\/wp\/v2\/product\/46633","targetHints":{"allow":["GET"]}}],"collection":[{"href":"https:\/\/bigbuy.tupique.com\/pt\/wp-json\/wp\/v2\/product"}],"about":[{"href":"https:\/\/bigbuy.tupique.com\/pt\/wp-json\/wp\/v2\/types\/product"}],"replies":[{"embeddable":true,"href":"https:\/\/bigbuy.tupique.com\/pt\/wp-json\/wp\/v2\/comments?post=46633"}],"wp:featuredmedia":[{"embeddable":true,"href":"https:\/\/bigbuy.tupique.com\/pt\/wp-json\/wp\/v2\/media\/46632"}],"wp:attachment":[{"href":"https:\/\/bigbuy.tupique.com\/pt\/wp-json\/wp\/v2\/media?parent=46633"}],"wp:term":[{"taxonomy":"product_brand","embeddable":true,"href":"https:\/\/bigbuy.tupique.com\/pt\/wp-json\/wp\/v2\/product_brand?post=46633"},{"taxonomy":"product_cat","embeddable":true,"href":"https:\/\/bigbuy.tupique.com\/pt\/wp-json\/wp\/v2\/product_cat?post=46633"},{"taxonomy":"product_tag","embeddable":true,"href":"https:\/\/bigbuy.tupique.com\/pt\/wp-json\/wp\/v2\/product_tag?post=46633"}],"curies":[{"name":"wp","href":"https:\/\/api.w.org\/{rel}","templated":true}]}}