{"id":46584,"date":"2026-03-30T20:27:06","date_gmt":"2026-03-30T19:27:06","guid":{"rendered":"https:\/\/bigbuy.tupique.com\/produto\/mens-watch-versace-logo-halo\/"},"modified":"2026-04-15T07:03:06","modified_gmt":"2026-04-15T06:03:06","slug":"mens-watch-versace-logo-halo","status":"publish","type":"product","link":"https:\/\/bigbuy.tupique.com\/pt\/produto\/mens-watch-versace-logo-halo\/","title":{"rendered":"Montre Homme Versace LOGO HALO"},"content":{"rendered":"<p>Si vous aimez suivre les derni\u00e8res tendances en mati\u00e8re de mode et accessoires, achetez <b>Montre Homme Versace LOGO HALO<\/b> au meilleur prix.<\/p>\n<p>Le <b>LOGO HALO<\/b> de Versace est une <b>montre pour homme<\/b> qui allie \u00e9l\u00e9gance et robustesse, con\u00e7ue pour ceux qui appr\u00e9cient la qualit\u00e9 et le design raffin\u00e9. Son <b>bracelet en acier inoxydable<\/b> offre durabilit\u00e9 et finition moderne, id\u00e9al pour un usage quotidien comme pour des occasions formelles. Le cadran <b>noir<\/b> apporte une touche sobre et polyvalente facilitant une lecture claire de l\u2019heure, tandis que le verre en <b>saphir<\/b> garantit une haute r\u00e9sistance aux rayures et aux chocs, pr\u00e9servant l\u2019aspect impeccable de la montre au fil du temps. \u00c9quip\u00e9e d\u2019un <b>mouvement \u00e0 quartz<\/b>, cette montre assure une pr\u00e9cision fiable et un entretien r\u00e9duit, un atout essentiel pour la praticit\u00e9 quotidienne. De plus, elle pr\u00e9sente une <b>\u00e9tanch\u00e9it\u00e9 de 5 atm<\/b>, la rendant r\u00e9sistante aux \u00e9claboussures et contacts accidentels avec l\u2019eau, offrant ainsi une tranquillit\u00e9 d\u2019esprit dans les conditions habituelles sans soins particuliers. Fabriqu\u00e9 en Suisse, ce mod\u00e8le refl\u00e8te la tradition horlog\u00e8re et l\u2019engagement envers l\u2019excellence qui caract\u00e9risent la marque Versace. Cette montre est une expression de style, soutenue par des mat\u00e9riaux de haute qualit\u00e9 et la technologie suisse, con\u00e7ue pour les hommes recherchant un accessoire sophistiqu\u00e9 avec des performances techniques \u00e0 la hauteur.<\/p>\n<ul>\n<li>Liens suppl\u00e9mentaires: Non<\/li>\n<li>Type de montre: Montre-bracelet<\/li>\n<li>Diam\u00e8tre du bo\u00eetier de la montre: \u00d8 42 mm<\/li>\n<li>Mat\u00e9riau du bo\u00eetier de la montre: Acier inoxydable<\/li>\n<li>Type de fermeture: Pression<\/li>\n<li>Couleur du bo\u00eetier de l&#8217;horloge: Dor\u00e9<\/li>\n<li>Couleur du bracelet: Dor\u00e9<\/li>\n<li>Couleur du cadran: Noir<\/li>\n<li>Genre: Homme<\/li>\n<li>Mat\u00e9riau du bracelet: Acier inoxydable<\/li>\n<li>Inclut: Inclut un \u00e9tui ou une housse de la marque<\/li>\n<li>Imperm\u00e9abilit\u00e9: 5 atm<\/li>\n<li>Verre: Saphir<\/li>\n<li>Type de mouvement: Quartz<\/li>\n<\/ul>","protected":false},"excerpt":{"rendered":"<p>Si vous aimez suivre les derni\u00e8res tendances en mati\u00e8re de mode et accessoires, achetez Montre Homme Versace LOGO HALO au meilleur prix. Le LOGO HALO de Versace est une montre pour homme qui allie \u00e9l\u00e9gance et robustesse, con\u00e7ue pour ceux qui appr\u00e9cient la qualit\u00e9 et le design raffin\u00e9. Son bracelet en acier inoxydable offre durabilit\u00e9 [&hellip;]<\/p>\n","protected":false},"featured_media":46574,"comment_status":"open","ping_status":"closed","template":"","meta":[],"product_brand":[626],"product_cat":[544,574,545],"product_tag":[103,543],"class_list":{"0":"post-46584","1":"product","2":"type-product","3":"status-publish","4":"has-post-thumbnail","6":"product_brand-brandp_504","7":"product_cat-mode-accessoires","8":"product_cat-montres-homme","9":"product_cat-montres-bracelets","10":"product_tag-tag_1261","11":"product_tag-tag_61","13":"first","14":"instock","15":"taxable","16":"shipping-taxable","17":"purchasable","18":"product-type-simple"},"_links":{"self":[{"href":"https:\/\/bigbuy.tupique.com\/pt\/wp-json\/wp\/v2\/product\/46584","targetHints":{"allow":["GET"]}}],"collection":[{"href":"https:\/\/bigbuy.tupique.com\/pt\/wp-json\/wp\/v2\/product"}],"about":[{"href":"https:\/\/bigbuy.tupique.com\/pt\/wp-json\/wp\/v2\/types\/product"}],"replies":[{"embeddable":true,"href":"https:\/\/bigbuy.tupique.com\/pt\/wp-json\/wp\/v2\/comments?post=46584"}],"wp:featuredmedia":[{"embeddable":true,"href":"https:\/\/bigbuy.tupique.com\/pt\/wp-json\/wp\/v2\/media\/46574"}],"wp:attachment":[{"href":"https:\/\/bigbuy.tupique.com\/pt\/wp-json\/wp\/v2\/media?parent=46584"}],"wp:term":[{"taxonomy":"product_brand","embeddable":true,"href":"https:\/\/bigbuy.tupique.com\/pt\/wp-json\/wp\/v2\/product_brand?post=46584"},{"taxonomy":"product_cat","embeddable":true,"href":"https:\/\/bigbuy.tupique.com\/pt\/wp-json\/wp\/v2\/product_cat?post=46584"},{"taxonomy":"product_tag","embeddable":true,"href":"https:\/\/bigbuy.tupique.com\/pt\/wp-json\/wp\/v2\/product_tag?post=46584"}],"curies":[{"name":"wp","href":"https:\/\/api.w.org\/{rel}","templated":true}]}}