{"id":46460,"date":"2026-03-30T20:11:53","date_gmt":"2026-03-30T19:11:53","guid":{"rendered":"https:\/\/bigbuy.tupique.com\/produto\/switch-hpe-s4r22aabb\/"},"modified":"2026-04-16T19:51:26","modified_gmt":"2026-04-16T18:51:26","slug":"switch-hpe-s4r22aabb","status":"publish","type":"product","link":"https:\/\/bigbuy.tupique.com\/pt\/produto\/switch-hpe-s4r22aabb\/","title":{"rendered":"Switch HPE S4R22A#ABB"},"content":{"rendered":"<p>Si vous \u00eates \u00e0 la recherche de nouvelles tendances sur le march\u00e9, nous vous pr\u00e9sentons <b>Switch HPE S4R22A#ABB<\/b> !<\/p>\n<ul>\n<li>Produit \u00e0 brancher: Oui<\/li>\n<li>Type: Switch<\/li>\n<li>Type de prise: Prise EU<\/li>\n<li>Bloc d\u2019Alimentation: r\u00e9seau \u00e9lectrique<\/li>\n<li>Connexions: PoE<\/li>\n<li>Mati\u00e8re: M\u00e9tal<\/li>\n<li>Ports: 12<\/li>\n<li>Connectivit\u00e9:\n<ul>\n<li>Gigabit Ethernet<\/li>\n<li>Ethernet LAN<\/li>\n<li>PoE<\/li>\n<li>LAN 10\/100\/1000<\/li>\n<\/ul>\n<\/li>\n<li>Transmission de donn\u00e9es: 10, 100, 1000 Mbit\/s<\/li>\n<li>consommation d&#8217;\u00e9nergie: 60 W<\/li>\n<li>Tension: 100-240 V<\/li>\n<\/ul>","protected":false},"excerpt":{"rendered":"<p>Si vous \u00eates \u00e0 la recherche de nouvelles tendances sur le march\u00e9, nous vous pr\u00e9sentons Switch HPE S4R22A#ABB ! Produit \u00e0 brancher: Oui Type: Switch Type de prise: Prise EU Bloc d\u2019Alimentation: r\u00e9seau \u00e9lectrique Connexions: PoE Mati\u00e8re: M\u00e9tal Ports: 12 Connectivit\u00e9: Gigabit Ethernet Ethernet LAN PoE LAN 10\/100\/1000 Transmission de donn\u00e9es: 10, 100, 1000 Mbit\/s [&hellip;]<\/p>\n","protected":false},"featured_media":46457,"comment_status":"open","ping_status":"closed","template":"","meta":[],"product_brand":[644],"product_cat":[65,584,585],"product_tag":[106],"class_list":{"0":"post-46460","1":"product","2":"type-product","3":"status-publish","4":"has-post-thumbnail","6":"product_brand-brandp_662","7":"product_cat-informatique-electronique","8":"product_cat-informatique-reseaux-et-composants","9":"product_cat-switch","10":"product_tag-tag_1295","12":"first","13":"instock","14":"taxable","15":"shipping-taxable","16":"purchasable","17":"product-type-simple"},"_links":{"self":[{"href":"https:\/\/bigbuy.tupique.com\/pt\/wp-json\/wp\/v2\/product\/46460","targetHints":{"allow":["GET"]}}],"collection":[{"href":"https:\/\/bigbuy.tupique.com\/pt\/wp-json\/wp\/v2\/product"}],"about":[{"href":"https:\/\/bigbuy.tupique.com\/pt\/wp-json\/wp\/v2\/types\/product"}],"replies":[{"embeddable":true,"href":"https:\/\/bigbuy.tupique.com\/pt\/wp-json\/wp\/v2\/comments?post=46460"}],"wp:featuredmedia":[{"embeddable":true,"href":"https:\/\/bigbuy.tupique.com\/pt\/wp-json\/wp\/v2\/media\/46457"}],"wp:attachment":[{"href":"https:\/\/bigbuy.tupique.com\/pt\/wp-json\/wp\/v2\/media?parent=46460"}],"wp:term":[{"taxonomy":"product_brand","embeddable":true,"href":"https:\/\/bigbuy.tupique.com\/pt\/wp-json\/wp\/v2\/product_brand?post=46460"},{"taxonomy":"product_cat","embeddable":true,"href":"https:\/\/bigbuy.tupique.com\/pt\/wp-json\/wp\/v2\/product_cat?post=46460"},{"taxonomy":"product_tag","embeddable":true,"href":"https:\/\/bigbuy.tupique.com\/pt\/wp-json\/wp\/v2\/product_tag?post=46460"}],"curies":[{"name":"wp","href":"https:\/\/api.w.org\/{rel}","templated":true}]}}