{"id":45821,"date":"2026-03-30T19:31:05","date_gmt":"2026-03-30T18:31:05","guid":{"rendered":"https:\/\/bigbuy.tupique.com\/produto\/switch-d-link-dgs-1530-10-e\/"},"modified":"2026-05-11T20:00:35","modified_gmt":"2026-05-11T18:00:35","slug":"switch-d-link-dgs-1530-10-e","status":"publish","type":"product","link":"https:\/\/bigbuy.tupique.com\/pt\/produto\/switch-d-link-dgs-1530-10-e\/","title":{"rendered":"Switch D-Link DGS-1530-10\/E"},"content":{"rendered":"<p>Si vous \u00eates \u00e0 la recherche de nouvelles tendances sur le march\u00e9, nous vous pr\u00e9sentons <b>Switch D-Link DGS-1530-10\/E<\/b> !<\/p>\n<p>Le <b>D-Link DGS-1530-10\/E<\/b> est un <b>switch<\/b> manageable de derni\u00e8re g\u00e9n\u00e9ration con\u00e7u pour offrir une connectivit\u00e9 efficace et fiable dans les environnements professionnels ou les r\u00e9seaux avanc\u00e9s. Il pr\u00e9sente une finition \u00e9l\u00e9gante en <b>noir<\/b> et une structure en <b>plastique robuste<\/b>, garantissant durabilit\u00e9 et adaptation \u00e0 divers types d&#8217;installation. Il dispose de <b>8 ports RJ45<\/b> compatibles avec des vitesses de <b>10\/100\/1000 Mbps<\/b>, permettant des connexions Ethernet LAN rapides et stables pour de nombreux appareils, ainsi que <b>2 ports 10G SFP+<\/b> d\u00e9di\u00e9s aux liaisons montantes haut d\u00e9bit, id\u00e9aux pour la connexion \u00e0 une infrastructure backbone ou l\u2019extension par empilage. L\u2019appareil int\u00e8gre des fonctions de smart management, facilitant la gestion avanc\u00e9e du trafic et de la s\u00e9curit\u00e9 sans complexit\u00e9, et il est compatible avec le <b>multilingue<\/b>, dont le fran\u00e7ais, ce qui simplifie la configuration et l\u2019utilisation pour diff\u00e9rents profils d\u2019utilisateurs. Le switch offre une alimentation flexible gr\u00e2ce \u00e0 sa <b>tension d&#8217;entr\u00e9e de 100-240 V<\/b>, s\u2019adaptant \u00e0 divers standards \u00e9lectriques et environnements internationaux. Il comprend un <b>port USB<\/b> pour des t\u00e2ches auxiliaires telles que les mises \u00e0 jour du firmware ou le stockage de la configuration, am\u00e9liorant l\u2019efficacit\u00e9 de la gestion r\u00e9seau. Con\u00e7u pour ceux qui recherchent performance fiable, \u00e9volutivit\u00e9 et gestion avanc\u00e9e, le DGS-1530-10\/E se distingue par sa polyvalence et son excellent \u00e9quilibre entre fonctionnalit\u00e9s professionnelles et int\u00e9gration facile dans les r\u00e9seaux d\u2019entreprise modernes.<\/p>\n<ul>\n<li>Type de prise: Prise EU<\/li>\n<li>Produit \u00e0 brancher: Oui<\/li>\n<li>Type:\n<ul>\n<li>Switch<\/li>\n<li>Empilable<\/li>\n<\/ul>\n<\/li>\n<li>Bloc d\u2019Alimentation: r\u00e9seau \u00e9lectrique<\/li>\n<li>Couleur: Noir<\/li>\n<li>Connexions:\n<ul>\n<li>RJ45<\/li>\n<li>USB<\/li>\n<li>Ethernet LAN<\/li>\n<li>rj45 x 8<\/li>\n<\/ul>\n<\/li>\n<li>Tension:\n<ul>\n<li>100-240 V<\/li>\n<li>100 &#8211; 240 V<\/li>\n<\/ul>\n<\/li>\n<li>Fr\u00e9quence: 50-60 Hz<\/li>\n<li>Mati\u00e8re: Plastique<\/li>\n<li>Support: Multisupport<\/li>\n<li>Langue: Espagnol<\/li>\n<li>N\u00b0 de rainures: 2<\/li>\n<li>Caract\u00e9ristiques:\n<ul>\n<li>T\u00e9moin de fonctionnement LED<\/li>\n<li>Protection des donn\u00e9es\/mot de passe<\/li>\n<\/ul>\n<\/li>\n<li>Fr\u00e9quence d&#8217;entr\u00e9e AC: 50-60 Hz<\/li>\n<li>vitesse:\n<ul>\n<li>10\/100\/1000 Mbps<\/li>\n<li>1000 Mbps<\/li>\n<\/ul>\n<\/li>\n<li>S\u00e9curit\u00e9: IGMP<\/li>\n<li>Type de batterie:\n<ul>\n<li>Litio Ion<\/li>\n<li>Batterie au lithium rechargeable<\/li>\n<\/ul>\n<\/li>\n<\/ul>","protected":false},"excerpt":{"rendered":"<p>Si vous \u00eates \u00e0 la recherche de nouvelles tendances sur le march\u00e9, nous vous pr\u00e9sentons Switch D-Link DGS-1530-10\/E ! Le D-Link DGS-1530-10\/E est un switch manageable de derni\u00e8re g\u00e9n\u00e9ration con\u00e7u pour offrir une connectivit\u00e9 efficace et fiable dans les environnements professionnels ou les r\u00e9seaux avanc\u00e9s. Il pr\u00e9sente une finition \u00e9l\u00e9gante en noir et une structure [&hellip;]<\/p>\n","protected":false},"featured_media":45816,"comment_status":"open","ping_status":"closed","template":"","meta":[],"product_brand":[640],"product_cat":[65,584,585],"product_tag":[106],"class_list":{"0":"post-45821","1":"product","2":"type-product","3":"status-publish","4":"has-post-thumbnail","6":"product_brand-brandp_543","7":"product_cat-informatique-electronique","8":"product_cat-informatique-reseaux-et-composants","9":"product_cat-switch","10":"product_tag-tag_1295","12":"first","13":"instock","14":"taxable","15":"shipping-taxable","16":"purchasable","17":"product-type-simple"},"_links":{"self":[{"href":"https:\/\/bigbuy.tupique.com\/pt\/wp-json\/wp\/v2\/product\/45821","targetHints":{"allow":["GET"]}}],"collection":[{"href":"https:\/\/bigbuy.tupique.com\/pt\/wp-json\/wp\/v2\/product"}],"about":[{"href":"https:\/\/bigbuy.tupique.com\/pt\/wp-json\/wp\/v2\/types\/product"}],"replies":[{"embeddable":true,"href":"https:\/\/bigbuy.tupique.com\/pt\/wp-json\/wp\/v2\/comments?post=45821"}],"wp:featuredmedia":[{"embeddable":true,"href":"https:\/\/bigbuy.tupique.com\/pt\/wp-json\/wp\/v2\/media\/45816"}],"wp:attachment":[{"href":"https:\/\/bigbuy.tupique.com\/pt\/wp-json\/wp\/v2\/media?parent=45821"}],"wp:term":[{"taxonomy":"product_brand","embeddable":true,"href":"https:\/\/bigbuy.tupique.com\/pt\/wp-json\/wp\/v2\/product_brand?post=45821"},{"taxonomy":"product_cat","embeddable":true,"href":"https:\/\/bigbuy.tupique.com\/pt\/wp-json\/wp\/v2\/product_cat?post=45821"},{"taxonomy":"product_tag","embeddable":true,"href":"https:\/\/bigbuy.tupique.com\/pt\/wp-json\/wp\/v2\/product_tag?post=45821"}],"curies":[{"name":"wp","href":"https:\/\/api.w.org\/{rel}","templated":true}]}}