{"id":45782,"date":"2026-03-30T19:29:33","date_gmt":"2026-03-30T18:29:33","guid":{"rendered":"https:\/\/bigbuy.tupique.com\/produto\/videowall-monitor-lg-lscc012-gzg-aeuq\/"},"modified":"2026-05-11T20:00:44","modified_gmt":"2026-05-11T18:00:44","slug":"videowall-monitor-lg-lscc012-gzg-aeuq","status":"publish","type":"product","link":"https:\/\/bigbuy.tupique.com\/pt\/produto\/videowall-monitor-lg-lscc012-gzg-aeuq\/","title":{"rendered":"Moniteur Videowall LG LSCC012-GZG.AEUQ"},"content":{"rendered":"<p>Si vous \u00eates passionn\u00e9 d&#8217;<b>informatique et d&#8217;\u00e9lectronique<\/b>, si vous \u00eates \u00e0 la pointe de la technologie et qu&#8217;aucun d\u00e9tail ne vous \u00e9chappe, achetez <b>Moniteur Videowall LG LSCC012-GZG.AEUQ<\/b> au meilleur prix.<\/p>\n<ul>\n<li>Type:\n<ul>\n<li>\u00c9cran<\/li>\n<li>Moniteur Videowall<\/li>\n<\/ul>\n<\/li>\n<li>Produit \u00e0 brancher: Oui<\/li>\n<li>Bloc d\u2019Alimentation: r\u00e9seau \u00e9lectrique<\/li>\n<li>Couleur: Noir<\/li>\n<li>Tension: 100-240 V<\/li>\n<li>Brille: 800 cd\/m\u00b2<\/li>\n<li>Ecran tactile: Non<\/li>\n<li>Technologie: LCD<\/li>\n<li>Caract\u00e9ristiques:\n<ul>\n<li>\u00c9cran LCD<\/li>\n<li>\u00c9cran plat<\/li>\n<\/ul>\n<\/li>\n<li>Connexions:\n<ul>\n<li>HDMI<\/li>\n<li>USB<\/li>\n<\/ul>\n<\/li>\n<li>Rapport d&#8217;aspect: 16:9<\/li>\n<li>Format: 16:9<\/li>\n<li>Montage: Montage mural<\/li>\n<li>Fr\u00e9quence: 50 &#8211; 60 Hz<\/li>\n<li>Type de prise: Prise EU<\/li>\n<li>Utilisation recommand\u00e9e: Entreprise et commerce<\/li>\n<\/ul>","protected":false},"excerpt":{"rendered":"<p>Si vous \u00eates passionn\u00e9 d&#8217;informatique et d&#8217;\u00e9lectronique, si vous \u00eates \u00e0 la pointe de la technologie et qu&#8217;aucun d\u00e9tail ne vous \u00e9chappe, achetez Moniteur Videowall LG LSCC012-GZG.AEUQ au meilleur prix. Type: \u00c9cran Moniteur Videowall Produit \u00e0 brancher: Oui Bloc d\u2019Alimentation: r\u00e9seau \u00e9lectrique Couleur: Noir Tension: 100-240 V Brille: 800 cd\/m\u00b2 Ecran tactile: Non Technologie: LCD [&hellip;]<\/p>\n","protected":false},"featured_media":45773,"comment_status":"open","ping_status":"closed","template":"","meta":[],"product_brand":[662],"product_cat":[65,581,616],"product_tag":[213,106],"class_list":{"0":"post-45782","1":"product","2":"type-product","3":"status-publish","4":"has-post-thumbnail","6":"product_brand-brandp_559","7":"product_cat-informatique-electronique","8":"product_cat-informatique-peripheriques-et-consommables","9":"product_cat-moniteurs","10":"product_tag-tag_933","11":"product_tag-tag_1295","13":"first","14":"instock","15":"taxable","16":"shipping-taxable","17":"purchasable","18":"product-type-simple"},"_links":{"self":[{"href":"https:\/\/bigbuy.tupique.com\/pt\/wp-json\/wp\/v2\/product\/45782","targetHints":{"allow":["GET"]}}],"collection":[{"href":"https:\/\/bigbuy.tupique.com\/pt\/wp-json\/wp\/v2\/product"}],"about":[{"href":"https:\/\/bigbuy.tupique.com\/pt\/wp-json\/wp\/v2\/types\/product"}],"replies":[{"embeddable":true,"href":"https:\/\/bigbuy.tupique.com\/pt\/wp-json\/wp\/v2\/comments?post=45782"}],"wp:featuredmedia":[{"embeddable":true,"href":"https:\/\/bigbuy.tupique.com\/pt\/wp-json\/wp\/v2\/media\/45773"}],"wp:attachment":[{"href":"https:\/\/bigbuy.tupique.com\/pt\/wp-json\/wp\/v2\/media?parent=45782"}],"wp:term":[{"taxonomy":"product_brand","embeddable":true,"href":"https:\/\/bigbuy.tupique.com\/pt\/wp-json\/wp\/v2\/product_brand?post=45782"},{"taxonomy":"product_cat","embeddable":true,"href":"https:\/\/bigbuy.tupique.com\/pt\/wp-json\/wp\/v2\/product_cat?post=45782"},{"taxonomy":"product_tag","embeddable":true,"href":"https:\/\/bigbuy.tupique.com\/pt\/wp-json\/wp\/v2\/product_tag?post=45782"}],"curies":[{"name":"wp","href":"https:\/\/api.w.org\/{rel}","templated":true}]}}