{"id":45133,"date":"2026-03-30T18:37:34","date_gmt":"2026-03-30T17:37:34","guid":{"rendered":"https:\/\/bigbuy.tupique.com\/produto\/switch-d-link-dms-1016-e\/"},"modified":"2026-04-15T07:02:15","modified_gmt":"2026-04-15T06:02:15","slug":"switch-d-link-dms-1016-e","status":"publish","type":"product","link":"https:\/\/bigbuy.tupique.com\/pt\/produto\/switch-d-link-dms-1016-e\/","title":{"rendered":"Switch D-Link DMS-1016\/E"},"content":{"rendered":"<p>Si vous \u00eates \u00e0 la recherche de nouvelles tendances sur le march\u00e9, nous vous pr\u00e9sentons <b>Switch D-Link DMS-1016\/E<\/b> !<\/p>\n<p>Le <b>DMS-1016\/E de D-Link<\/b> est un <b>switch<\/b> professionnel con\u00e7u pour optimiser la connectivit\u00e9 r\u00e9seau dans les environnements d\u2019entreprise ou de bureau n\u00e9cessitant une grande fiabilit\u00e9 et une gestion efficace du trafic. Ce mod\u00e8le se distingue par son <b>bo\u00eetier en m\u00e9tal<\/b>, garantissant robustesse et durabilit\u00e9 pour une utilisation intensive, ainsi que par son format compact de <b>25 cm<\/b> qui facilite l\u2019int\u00e9gration dans des racks ou sur des bureaux. Dot\u00e9 de <b>16 ports RJ45<\/b>, il offre de multiples possibilit\u00e9s de connexion pour les \u00e9quipements et p\u00e9riph\u00e9riques r\u00e9seau, permettant une gestion efficace des ressources dans les installations \u00e0 forte demande de connectivit\u00e9. Fonctionnant sous <b>12 V<\/b>, il assure une compatibilit\u00e9 avec les infrastructures \u00e9lectriques standards, et sa couleur <b>noire<\/b> lui conf\u00e8re une apparence discr\u00e8te et professionnelle, id\u00e9ale pour tout espace d\u2019entreprise ou salle technique. Ce switch est livr\u00e9 avec un guide d\u2019installation qui simplifie la mise en service et garantit un processus accessible m\u00eame pour les utilisateurs moins exp\u00e9riment\u00e9s. La configuration \u00e0 16 ports offre \u00e9volutivit\u00e9 et flexibilit\u00e9 pour \u00e9tendre la connectivit\u00e9 selon les besoins de croissance du r\u00e9seau. Le <b>D-Link DMS-1016\/E<\/b> constitue une solution robuste et pratique pour ceux qui recherchent des performances constantes et une s\u00e9curit\u00e9 dans la transmission des donn\u00e9es au sein d\u2019un r\u00e9seau local.<\/p>\n<ul>\n<li>Produit \u00e0 brancher: Oui<\/li>\n<li>Type:\n<ul>\n<li>Switch<\/li>\n<li>Armoire<\/li>\n<li>Empilable<\/li>\n<\/ul>\n<\/li>\n<li>vitesse:\n<ul>\n<li>2.5 Gbps<\/li>\n<li>10\/100\/1000 Mbps<\/li>\n<li>10\/100\/1000\/2500 Mbps<\/li>\n<\/ul>\n<\/li>\n<li>Type de prise: Prise EU<\/li>\n<li>Bloc d\u2019Alimentation:\n<ul>\n<li>r\u00e9seau \u00e9lectrique<\/li>\n<li>Incluses<\/li>\n<li>DC<\/li>\n<\/ul>\n<\/li>\n<li>Couleur: Noir<\/li>\n<li>Connexions: RJ45<\/li>\n<li>Mati\u00e8re: M\u00e9tal<\/li>\n<li>Caract\u00e9ristiques:\n<ul>\n<li>Guide d&#8217;installation inclus<\/li>\n<li>T\u00e9moin de fonctionnement LED<\/li>\n<\/ul>\n<\/li>\n<li>Profondeur: 25 cm<\/li>\n<li>Tension: 12 V<\/li>\n<li>Ports: 16<\/li>\n<li>Largeur: 44 cm<\/li>\n<li>Plage d&#8217;humidit\u00e9 de travail: 10 % &#8211; 90 %<\/li>\n<li>Temp\u00e9rature approximative: &#8211; 20\u00baC \/ 70\u00b0C<\/li>\n<\/ul>","protected":false},"excerpt":{"rendered":"<p>Si vous \u00eates \u00e0 la recherche de nouvelles tendances sur le march\u00e9, nous vous pr\u00e9sentons Switch D-Link DMS-1016\/E ! Le DMS-1016\/E de D-Link est un switch professionnel con\u00e7u pour optimiser la connectivit\u00e9 r\u00e9seau dans les environnements d\u2019entreprise ou de bureau n\u00e9cessitant une grande fiabilit\u00e9 et une gestion efficace du trafic. Ce mod\u00e8le se distingue par [&hellip;]<\/p>\n","protected":false},"featured_media":45117,"comment_status":"open","ping_status":"closed","template":"","meta":[],"product_brand":[640],"product_cat":[65,584,585],"product_tag":[106],"class_list":{"0":"post-45133","1":"product","2":"type-product","3":"status-publish","4":"has-post-thumbnail","6":"product_brand-brandp_543","7":"product_cat-informatique-electronique","8":"product_cat-informatique-reseaux-et-composants","9":"product_cat-switch","10":"product_tag-tag_1295","12":"first","13":"instock","14":"taxable","15":"shipping-taxable","16":"purchasable","17":"product-type-simple"},"_links":{"self":[{"href":"https:\/\/bigbuy.tupique.com\/pt\/wp-json\/wp\/v2\/product\/45133","targetHints":{"allow":["GET"]}}],"collection":[{"href":"https:\/\/bigbuy.tupique.com\/pt\/wp-json\/wp\/v2\/product"}],"about":[{"href":"https:\/\/bigbuy.tupique.com\/pt\/wp-json\/wp\/v2\/types\/product"}],"replies":[{"embeddable":true,"href":"https:\/\/bigbuy.tupique.com\/pt\/wp-json\/wp\/v2\/comments?post=45133"}],"wp:featuredmedia":[{"embeddable":true,"href":"https:\/\/bigbuy.tupique.com\/pt\/wp-json\/wp\/v2\/media\/45117"}],"wp:attachment":[{"href":"https:\/\/bigbuy.tupique.com\/pt\/wp-json\/wp\/v2\/media?parent=45133"}],"wp:term":[{"taxonomy":"product_brand","embeddable":true,"href":"https:\/\/bigbuy.tupique.com\/pt\/wp-json\/wp\/v2\/product_brand?post=45133"},{"taxonomy":"product_cat","embeddable":true,"href":"https:\/\/bigbuy.tupique.com\/pt\/wp-json\/wp\/v2\/product_cat?post=45133"},{"taxonomy":"product_tag","embeddable":true,"href":"https:\/\/bigbuy.tupique.com\/pt\/wp-json\/wp\/v2\/product_tag?post=45133"}],"curies":[{"name":"wp","href":"https:\/\/api.w.org\/{rel}","templated":true}]}}