{"id":44762,"date":"2026-03-30T18:06:18","date_gmt":"2026-03-30T17:06:18","guid":{"rendered":"https:\/\/bigbuy.tupique.com\/produto\/keyboard-logitech-920-010210-grey-spanish-qwerty-azerty\/"},"modified":"2026-04-15T07:01:29","modified_gmt":"2026-04-15T06:01:29","slug":"keyboard-logitech-920-010210-grey-spanish-qwerty-azerty","status":"publish","type":"product","link":"https:\/\/bigbuy.tupique.com\/pt\/produto\/keyboard-logitech-920-010210-grey-spanish-qwerty-azerty\/","title":{"rendered":"Clavier Logitech 920-010210 Gris Espagnol Qwerty AZERTY"},"content":{"rendered":"<p>Si vous \u00eates passionn\u00e9 d&#8217;<b>informatique et d&#8217;\u00e9lectronique<\/b>, si vous \u00eates \u00e0 la pointe de la technologie et qu&#8217;aucun d\u00e9tail ne vous \u00e9chappe, achetez <b>Clavier Logitech 920-010210 Gris Espagnol Qwerty AZERTY<\/b> au meilleur prix.<\/p>\n<p>Le <b>clavier sans fil Logitech 920-010210<\/b> est un appareil de haute qualit\u00e9 con\u00e7u sp\u00e9cialement pour les utilisateurs ayant besoin d\u2019un <b>clavier Azerty fran\u00e7ais<\/b> efficace et confortable, id\u00e9al pour la saisie en langue fran\u00e7aise. Sa finition en <b>noir et gris<\/b> offre un aspect sobre et professionnel, adapt\u00e9 aux environnements domestiques et de bureau. Ce clavier se distingue par sa connectivit\u00e9 sans fil, qui permet une libert\u00e9 de mouvement et une connexion sans c\u00e2ble, facilitant une exp\u00e9rience plus ergonomique et ordonn\u00e9e au poste de travail. De plus, il int\u00e8gre un r\u00e9tro\u00e9clairage qui am\u00e9liore la visibilit\u00e9 des touches en conditions de faible luminosit\u00e9, assurant pr\u00e9cision et confort lors de longues sessions d\u2019utilisation. La disposition sp\u00e9cifique du clavier Azerty est adapt\u00e9e au fran\u00e7ais, facilitant la saisie et r\u00e9duisant les erreurs gr\u00e2ce \u00e0 des touches et caract\u00e8res propres \u00e0 cette langue, optimisant ainsi la productivit\u00e9 et l\u2019ergonomie pour les utilisateurs francophones. Avec un design compact et l\u00e9ger, il est parfait pour accompagner les appareils portables et tablettes, offrant portabilit\u00e9 et polyvalence suppl\u00e9mentaires. En r\u00e9sum\u00e9, ce clavier Logitech repr\u00e9sente une solution fiable et pratique pour ceux qui recherchent un clavier sans fil r\u00e9tro\u00e9clair\u00e9 configur\u00e9 en fran\u00e7ais, alliant fonctionnalit\u00e9, confort et design soign\u00e9.<\/p>\n<ul>\n<li>Clavier:\n<ul>\n<li>AZERTY<\/li>\n<li>Espagnol Qwerty<\/li>\n<li>Azerty Fran\u00e7ais<\/li>\n<\/ul>\n<\/li>\n<li>Compatible:\n<ul>\n<li>Apple<\/li>\n<li>iPadOS<\/li>\n<\/ul>\n<\/li>\n<li>Type: Clavier<\/li>\n<li>Compatible avec: 12,9&#8243;<\/li>\n<li>Couleur:\n<ul>\n<li>Noir<\/li>\n<li>Gris<\/li>\n<\/ul>\n<\/li>\n<li>Connexions:\n<ul>\n<li>Couplage<\/li>\n<li>Dock<\/li>\n<\/ul>\n<\/li>\n<li>Langue: Fran\u00e7ais<\/li>\n<li>Piles incluses: Non<\/li>\n<li>Caract\u00e9ristiques:\n<ul>\n<li>R\u00e9tro-\u00e9clair\u00e9<\/li>\n<li>Sans fil<\/li>\n<li>Clavier 78 Touches<\/li>\n<\/ul>\n<\/li>\n<li>Ecran: 12,9&#8243;<\/li>\n<li>Non Inclus: Clavier num\u00e9rique<\/li>\n<\/ul>","protected":false},"excerpt":{"rendered":"<p>Si vous \u00eates passionn\u00e9 d&#8217;informatique et d&#8217;\u00e9lectronique, si vous \u00eates \u00e0 la pointe de la technologie et qu&#8217;aucun d\u00e9tail ne vous \u00e9chappe, achetez Clavier Logitech 920-010210 Gris Espagnol Qwerty AZERTY au meilleur prix. Le clavier sans fil Logitech 920-010210 est un appareil de haute qualit\u00e9 con\u00e7u sp\u00e9cialement pour les utilisateurs ayant besoin d\u2019un clavier Azerty [&hellip;]<\/p>\n","protected":false},"featured_media":44738,"comment_status":"open","ping_status":"closed","template":"","meta":[],"product_brand":[647],"product_cat":[729,65,581],"product_tag":[213,106],"class_list":{"0":"post-44762","1":"product","2":"type-product","3":"status-publish","4":"has-post-thumbnail","6":"product_brand-brandp_561","7":"product_cat-claviers","8":"product_cat-informatique-electronique","9":"product_cat-informatique-peripheriques-et-consommables","10":"product_tag-tag_933","11":"product_tag-tag_1295","13":"first","14":"instock","15":"taxable","16":"shipping-taxable","17":"purchasable","18":"product-type-simple"},"_links":{"self":[{"href":"https:\/\/bigbuy.tupique.com\/pt\/wp-json\/wp\/v2\/product\/44762","targetHints":{"allow":["GET"]}}],"collection":[{"href":"https:\/\/bigbuy.tupique.com\/pt\/wp-json\/wp\/v2\/product"}],"about":[{"href":"https:\/\/bigbuy.tupique.com\/pt\/wp-json\/wp\/v2\/types\/product"}],"replies":[{"embeddable":true,"href":"https:\/\/bigbuy.tupique.com\/pt\/wp-json\/wp\/v2\/comments?post=44762"}],"wp:featuredmedia":[{"embeddable":true,"href":"https:\/\/bigbuy.tupique.com\/pt\/wp-json\/wp\/v2\/media\/44738"}],"wp:attachment":[{"href":"https:\/\/bigbuy.tupique.com\/pt\/wp-json\/wp\/v2\/media?parent=44762"}],"wp:term":[{"taxonomy":"product_brand","embeddable":true,"href":"https:\/\/bigbuy.tupique.com\/pt\/wp-json\/wp\/v2\/product_brand?post=44762"},{"taxonomy":"product_cat","embeddable":true,"href":"https:\/\/bigbuy.tupique.com\/pt\/wp-json\/wp\/v2\/product_cat?post=44762"},{"taxonomy":"product_tag","embeddable":true,"href":"https:\/\/bigbuy.tupique.com\/pt\/wp-json\/wp\/v2\/product_tag?post=44762"}],"curies":[{"name":"wp","href":"https:\/\/api.w.org\/{rel}","templated":true}]}}