{"id":44559,"date":"2026-03-30T17:47:28","date_gmt":"2026-03-30T16:47:28","guid":{"rendered":"https:\/\/bigbuy.tupique.com\/produto\/seperators-brother-pa-lp-005\/"},"modified":"2026-05-11T19:59:29","modified_gmt":"2026-05-11T17:59:29","slug":"seperators-brother-pa-lp-005","status":"publish","type":"product","link":"https:\/\/bigbuy.tupique.com\/pt\/produto\/seperators-brother-pa-lp-005\/","title":{"rendered":"S\u00e9parateurs Brother PA-LP-005"},"content":{"rendered":"<p>Retournez au bureau sans rien oublier ! Achetez <b>S\u00e9parateurs Brother PA-LP-005<\/b> et faites envie \u00e0 vos coll\u00e8gues!<\/p>\n<ul>\n<li>Compatible: Brother<\/li>\n<li>Type:\n<ul>\n<li>S\u00e9parateur<\/li>\n<li>S\u00e9parateurs<\/li>\n<\/ul>\n<\/li>\n<li>Couleur: Noir<\/li>\n<li>Forme: Rectangulaire<\/li>\n<\/ul>","protected":false},"excerpt":{"rendered":"<p>Retournez au bureau sans rien oublier ! Achetez S\u00e9parateurs Brother PA-LP-005 et faites envie \u00e0 vos coll\u00e8gues! Compatible: Brother Type: S\u00e9parateur S\u00e9parateurs Couleur: Noir Forme: Rectangulaire<\/p>","protected":false},"featured_media":44556,"comment_status":"open","ping_status":"closed","template":"","meta":[],"product_brand":[669],"product_cat":[1398,157,962],"product_tag":[106],"class_list":{"0":"post-44559","1":"product","2":"type-product","3":"status-publish","4":"has-post-thumbnail","6":"product_brand-brandp_538","7":"product_cat-dossiers","8":"product_cat-jouets-deguisements","9":"product_cat-materiel-scolaire","10":"product_tag-tag_1295","12":"first","13":"instock","14":"taxable","15":"shipping-taxable","16":"purchasable","17":"product-type-simple"},"_links":{"self":[{"href":"https:\/\/bigbuy.tupique.com\/pt\/wp-json\/wp\/v2\/product\/44559","targetHints":{"allow":["GET"]}}],"collection":[{"href":"https:\/\/bigbuy.tupique.com\/pt\/wp-json\/wp\/v2\/product"}],"about":[{"href":"https:\/\/bigbuy.tupique.com\/pt\/wp-json\/wp\/v2\/types\/product"}],"replies":[{"embeddable":true,"href":"https:\/\/bigbuy.tupique.com\/pt\/wp-json\/wp\/v2\/comments?post=44559"}],"wp:featuredmedia":[{"embeddable":true,"href":"https:\/\/bigbuy.tupique.com\/pt\/wp-json\/wp\/v2\/media\/44556"}],"wp:attachment":[{"href":"https:\/\/bigbuy.tupique.com\/pt\/wp-json\/wp\/v2\/media?parent=44559"}],"wp:term":[{"taxonomy":"product_brand","embeddable":true,"href":"https:\/\/bigbuy.tupique.com\/pt\/wp-json\/wp\/v2\/product_brand?post=44559"},{"taxonomy":"product_cat","embeddable":true,"href":"https:\/\/bigbuy.tupique.com\/pt\/wp-json\/wp\/v2\/product_cat?post=44559"},{"taxonomy":"product_tag","embeddable":true,"href":"https:\/\/bigbuy.tupique.com\/pt\/wp-json\/wp\/v2\/product_tag?post=44559"}],"curies":[{"name":"wp","href":"https:\/\/api.w.org\/{rel}","templated":true}]}}