{"id":44512,"date":"2026-03-30T17:45:37","date_gmt":"2026-03-30T16:45:37","guid":{"rendered":"https:\/\/bigbuy.tupique.com\/produto\/smartwatch-apple-watch-series-11-gps-2\/"},"modified":"2026-04-15T07:01:14","modified_gmt":"2026-04-15T06:01:14","slug":"smartwatch-apple-watch-series-11-gps-2","status":"publish","type":"product","link":"https:\/\/bigbuy.tupique.com\/pt\/produto\/smartwatch-apple-watch-series-11-gps-2\/","title":{"rendered":"Montre intelligente Apple WATCH SERIES 11 GPS"},"content":{"rendered":"<p>Si vous \u00eates \u00e0 la recherche de nouvelles tendances sur le march\u00e9, nous vous pr\u00e9sentons <b>Montre intelligente Apple WATCH SERIES 11 GPS<\/b> !<\/p>\n<p>L\u2019<b>Apple Watch Series 11 GPS<\/b> s\u2019impose comme une <b>smartwatch<\/b> avanc\u00e9e, id\u00e9ale pour ceux qui souhaitent allier technologie de pointe et design embl\u00e9matique de la marque. Cette g\u00e9n\u00e9ration int\u00e8gre le <b>processeur derni\u00e8re g\u00e9n\u00e9ration d\u2019Apple<\/b>, garantissant des performances fluides et rapides \u00e0 chaque utilisation, pour acc\u00e9der facilement aux notifications, messages et applications essentielles directement au poignet. Le mod\u00e8le dot\u00e9 de la <b>connectivit\u00e9 GPS<\/b> permet d\u2019enregistrer avec pr\u00e9cision les activit\u00e9s sportives en ext\u00e9rieur, parfait pour les coureurs, cyclistes et amateurs de sport souhaitant suivre distance, itin\u00e9raires et allure sans d\u00e9pendre d\u2019un smartphone. L\u2019<b>Apple Watch Series 11 GPS<\/b> dispose d\u2019un \u00e9cran toujours allum\u00e9 offrant une excellente visibilit\u00e9 dans tous les environnements, gr\u00e2ce \u00e0 une technologie am\u00e9lior\u00e9e qui assure une clart\u00e9 m\u00eame en plein soleil. Son design robuste et \u00e9l\u00e9gant, fid\u00e8le \u00e0 l\u2019esth\u00e9tique minimaliste d\u2019Apple, assure confort et r\u00e9sistance au quotidien comme lors d\u2019entra\u00eenements intensifs. Les fonctions classiques de suivi de la sant\u00e9 sont pr\u00e9sentes, telles que la mesure de la fr\u00e9quence cardiaque, le suivi du sommeil et les rappels bien-\u00eatre intelligents, le tout soutenu par une int\u00e9gration totale \u00e0 l\u2019\u00e9cosyst\u00e8me Apple pour une exp\u00e9rience coh\u00e9rente et homog\u00e8ne. La <b>prise de type EU<\/b> garantit la compatibilit\u00e9 avec les normes europ\u00e9ennes de charge, facilitant l\u2019utilisation et la recharge de la montre sans adaptateur suppl\u00e9mentaire. Alliant technologie, fonctionnalit\u00e9 et style, l\u2019Apple Watch Series 11 GPS est un choix \u00e9quilibr\u00e9 pour ceux qui recherchent une montre connect\u00e9e fiable, optimisant sant\u00e9 et connectivit\u00e9 au quotidien.<\/p>\n<ul>\n<li>Type de prise: Prise EU<\/li>\n<li>Type de montre: Montre intelligente<\/li>\n<li>Produit \u00e0 brancher: Oui<\/li>\n<li>Bloc d\u2019Alimentation: r\u00e9seau \u00e9lectrique<\/li>\n<li>Couleur: Rose<\/li>\n<li>M\u00e9moire interne: 64 GB<\/li>\n<li>Processeur: Dual Core<\/li>\n<li>Ecran: 1,96&#8243;<\/li>\n<\/ul>","protected":false},"excerpt":{"rendered":"<p><span class=\"unit-info\">13608.4783 &euro; \/ 1 m<\/span><\/p>","protected":false},"featured_media":155228,"comment_status":"open","ping_status":"closed","template":"","meta":[],"product_brand":[979],"product_cat":[575,65,748],"product_tag":[103,566,106],"class_list":{"0":"post-44512","1":"product","2":"type-product","3":"status-publish","4":"has-post-thumbnail","6":"product_brand-brandp_533","7":"product_cat-electronique-telephonie-et-tablettes","8":"product_cat-informatique-electronique","9":"product_cat-smartwatches","10":"product_tag-tag_1261","11":"product_tag-tag_547","12":"product_tag-tag_1295","14":"first","15":"instock","16":"taxable","17":"shipping-taxable","18":"purchasable","19":"product-type-simple"},"_links":{"self":[{"href":"https:\/\/bigbuy.tupique.com\/pt\/wp-json\/wp\/v2\/product\/44512","targetHints":{"allow":["GET"]}}],"collection":[{"href":"https:\/\/bigbuy.tupique.com\/pt\/wp-json\/wp\/v2\/product"}],"about":[{"href":"https:\/\/bigbuy.tupique.com\/pt\/wp-json\/wp\/v2\/types\/product"}],"replies":[{"embeddable":true,"href":"https:\/\/bigbuy.tupique.com\/pt\/wp-json\/wp\/v2\/comments?post=44512"}],"wp:featuredmedia":[{"embeddable":true,"href":"https:\/\/bigbuy.tupique.com\/pt\/wp-json\/wp\/v2\/media\/155228"}],"wp:attachment":[{"href":"https:\/\/bigbuy.tupique.com\/pt\/wp-json\/wp\/v2\/media?parent=44512"}],"wp:term":[{"taxonomy":"product_brand","embeddable":true,"href":"https:\/\/bigbuy.tupique.com\/pt\/wp-json\/wp\/v2\/product_brand?post=44512"},{"taxonomy":"product_cat","embeddable":true,"href":"https:\/\/bigbuy.tupique.com\/pt\/wp-json\/wp\/v2\/product_cat?post=44512"},{"taxonomy":"product_tag","embeddable":true,"href":"https:\/\/bigbuy.tupique.com\/pt\/wp-json\/wp\/v2\/product_tag?post=44512"}],"curies":[{"name":"wp","href":"https:\/\/api.w.org\/{rel}","templated":true}]}}