{"id":44200,"date":"2026-03-30T17:15:41","date_gmt":"2026-03-30T16:15:41","guid":{"rendered":"https:\/\/bigbuy.tupique.com\/produto\/ladies-watch-versace-medusa-pop-3h-versace-black-silicon-purse-o-39-mm\/"},"modified":"2026-04-15T07:01:06","modified_gmt":"2026-04-15T06:01:06","slug":"ladies-watch-versace-medusa-pop-3h-versace-black-silicon-purse-o-39-mm","status":"publish","type":"product","link":"https:\/\/bigbuy.tupique.com\/pt\/produto\/ladies-watch-versace-medusa-pop-3h-versace-black-silicon-purse-o-39-mm\/","title":{"rendered":"Montre Femme Versace MEDUSA POP 3H + VERSACE BLACK SILICON PURSE (\u00d8 39 mm)"},"content":{"rendered":"<p>Si vous \u00eates \u00e0 la recherche de nouvelles tendances sur le march\u00e9, nous vous pr\u00e9sentons <b>Montre Femme Versace MEDUSA POP 3H + VERSACE BLACK SILICON PURSE (\u00d8 39 mm)<\/b> !<\/p>\n<ul>\n<li>Liens suppl\u00e9mentaires: Non<\/li>\n<li>Type de montre: Montre-bracelet<\/li>\n<li>Genre: Femme<\/li>\n<li>Mat\u00e9riau du bracelet: Silicone<\/li>\n<li>Imperm\u00e9abilit\u00e9: 3 atm<\/li>\n<li>Verre: Min\u00e9ral<\/li>\n<li>Type de mouvement: Quartz<\/li>\n<li>Diam\u00e8tre du bo\u00eetier de la montre: \u00d8 39 mm<\/li>\n<\/ul>","protected":false},"excerpt":{"rendered":"<p>Si vous \u00eates \u00e0 la recherche de nouvelles tendances sur le march\u00e9, nous vous pr\u00e9sentons Montre Femme Versace MEDUSA POP 3H + VERSACE BLACK SILICON PURSE (\u00d8 39 mm) ! Liens suppl\u00e9mentaires: Non Type de montre: Montre-bracelet Genre: Femme Mat\u00e9riau du bracelet: Silicone Imperm\u00e9abilit\u00e9: 3 atm Verre: Min\u00e9ral Type de mouvement: Quartz Diam\u00e8tre du bo\u00eetier [&hellip;]<\/p>\n","protected":false},"featured_media":44197,"comment_status":"open","ping_status":"closed","template":"","meta":[],"product_brand":[626],"product_cat":[544,546,545],"product_tag":[103,542,543],"class_list":{"0":"post-44200","1":"product","2":"type-product","3":"status-publish","4":"has-post-thumbnail","6":"product_brand-brandp_504","7":"product_cat-mode-accessoires","8":"product_cat-montres-femme","9":"product_cat-montres-bracelets","10":"product_tag-tag_1261","11":"product_tag-tag_1274","12":"product_tag-tag_61","14":"first","15":"instock","16":"taxable","17":"shipping-taxable","18":"purchasable","19":"product-type-simple"},"_links":{"self":[{"href":"https:\/\/bigbuy.tupique.com\/pt\/wp-json\/wp\/v2\/product\/44200","targetHints":{"allow":["GET"]}}],"collection":[{"href":"https:\/\/bigbuy.tupique.com\/pt\/wp-json\/wp\/v2\/product"}],"about":[{"href":"https:\/\/bigbuy.tupique.com\/pt\/wp-json\/wp\/v2\/types\/product"}],"replies":[{"embeddable":true,"href":"https:\/\/bigbuy.tupique.com\/pt\/wp-json\/wp\/v2\/comments?post=44200"}],"wp:featuredmedia":[{"embeddable":true,"href":"https:\/\/bigbuy.tupique.com\/pt\/wp-json\/wp\/v2\/media\/44197"}],"wp:attachment":[{"href":"https:\/\/bigbuy.tupique.com\/pt\/wp-json\/wp\/v2\/media?parent=44200"}],"wp:term":[{"taxonomy":"product_brand","embeddable":true,"href":"https:\/\/bigbuy.tupique.com\/pt\/wp-json\/wp\/v2\/product_brand?post=44200"},{"taxonomy":"product_cat","embeddable":true,"href":"https:\/\/bigbuy.tupique.com\/pt\/wp-json\/wp\/v2\/product_cat?post=44200"},{"taxonomy":"product_tag","embeddable":true,"href":"https:\/\/bigbuy.tupique.com\/pt\/wp-json\/wp\/v2\/product_tag?post=44200"}],"curies":[{"name":"wp","href":"https:\/\/api.w.org\/{rel}","templated":true}]}}