{"id":43934,"date":"2026-03-30T16:59:03","date_gmt":"2026-03-30T15:59:03","guid":{"rendered":"https:\/\/bigbuy.tupique.com\/produto\/router-sonicwall-03-ssc-2749\/"},"modified":"2026-05-11T19:59:55","modified_gmt":"2026-05-11T17:59:55","slug":"router-sonicwall-03-ssc-2749","status":"publish","type":"product","link":"https:\/\/bigbuy.tupique.com\/pt\/produto\/router-sonicwall-03-ssc-2749\/","title":{"rendered":"Router SonicWall 03-SSC-2749"},"content":{"rendered":"<p>Si vous \u00eates passionn\u00e9 d&#8217;<b>informatique et d&#8217;\u00e9lectronique<\/b>, si vous \u00eates \u00e0 la pointe de la technologie et qu&#8217;aucun d\u00e9tail ne vous \u00e9chappe, achetez <b>Router SonicWall 03-SSC-2749<\/b> au meilleur prix.<\/p>\n<p>Le <b>03-SSC-2749<\/b> de SonicWall est un <b>firewall<\/b> professionnel con\u00e7u pour offrir une protection compl\u00e8te aux r\u00e9seaux d\u2019entreprise, combinant des fonctionnalit\u00e9s avanc\u00e9es telles que <b>l\u2019anti-spyware<\/b> et le filtrage du trafic afin de garantir la s\u00e9curit\u00e9 des donn\u00e9es face aux menaces actuelles. Cet appareil se distingue par l\u2019int\u00e9gration de la technologie <b>Firewall<\/b> robuste de SonicWall, reconnue pour son efficacit\u00e9 dans le contr\u00f4le d\u2019acc\u00e8s, la gestion des politiques de s\u00e9curit\u00e9 et la d\u00e9tection d\u2019intrusions. Il int\u00e8gre \u00e9galement des capacit\u00e9s anti-spyware qui renforcent la d\u00e9fense contre les logiciels malveillants, prot\u00e9geant les syst\u00e8mes contre les attaques automatis\u00e9es et les activit\u00e9s suspectes. Son format de prise EU facilite l\u2019int\u00e9gration dans les infrastructures europ\u00e9ennes, permettant une installation rapide dans tous types d\u2019environnements professionnels. Ce mod\u00e8le est con\u00e7u aussi bien pour les environnements \u00e0 haute disponibilit\u00e9 que pour les d\u00e9ploiements critiques o\u00f9 la continuit\u00e9 du service et la protection p\u00e9rim\u00e9trique sont essentielles. En choisissant le <b>03-SSC-2749<\/b> de SonicWall, les organisations b\u00e9n\u00e9ficient d\u2019une solution de s\u00e9curit\u00e9 r\u00e9seau compl\u00e8te, facile \u00e0 d\u00e9ployer et \u00e0 maintenir, r\u00e9pondant aux d\u00e9fis actuels de connectivit\u00e9 et de protection.<\/p>\n<ul>\n<li>Type:\n<ul>\n<li>Anti-Spyware<\/li>\n<li>Firewall<\/li>\n<li>Router<\/li>\n<\/ul>\n<\/li>\n<li>Type de prise: Prise EU<\/li>\n<li>Produit \u00e0 brancher: Oui<\/li>\n<li>Bloc d\u2019Alimentation: r\u00e9seau \u00e9lectrique<\/li>\n<\/ul>","protected":false},"excerpt":{"rendered":"<p>Si vous \u00eates passionn\u00e9 d&#8217;informatique et d&#8217;\u00e9lectronique, si vous \u00eates \u00e0 la pointe de la technologie et qu&#8217;aucun d\u00e9tail ne vous \u00e9chappe, achetez Router SonicWall 03-SSC-2749 au meilleur prix. Le 03-SSC-2749 de SonicWall est un firewall professionnel con\u00e7u pour offrir une protection compl\u00e8te aux r\u00e9seaux d\u2019entreprise, combinant des fonctionnalit\u00e9s avanc\u00e9es telles que l\u2019anti-spyware et le [&hellip;]<\/p>\n","protected":false},"featured_media":43933,"comment_status":"open","ping_status":"closed","template":"","meta":[],"product_brand":[658],"product_cat":[65,584,612],"product_tag":[106],"class_list":{"0":"post-43934","1":"product","2":"type-product","3":"status-publish","4":"has-post-thumbnail","6":"product_brand-brandp_4781","7":"product_cat-informatique-electronique","8":"product_cat-informatique-reseaux-et-composants","9":"product_cat-routeurs-et-modems","10":"product_tag-tag_1295","12":"first","13":"instock","14":"taxable","15":"shipping-taxable","16":"purchasable","17":"product-type-simple"},"_links":{"self":[{"href":"https:\/\/bigbuy.tupique.com\/pt\/wp-json\/wp\/v2\/product\/43934","targetHints":{"allow":["GET"]}}],"collection":[{"href":"https:\/\/bigbuy.tupique.com\/pt\/wp-json\/wp\/v2\/product"}],"about":[{"href":"https:\/\/bigbuy.tupique.com\/pt\/wp-json\/wp\/v2\/types\/product"}],"replies":[{"embeddable":true,"href":"https:\/\/bigbuy.tupique.com\/pt\/wp-json\/wp\/v2\/comments?post=43934"}],"wp:featuredmedia":[{"embeddable":true,"href":"https:\/\/bigbuy.tupique.com\/pt\/wp-json\/wp\/v2\/media\/43933"}],"wp:attachment":[{"href":"https:\/\/bigbuy.tupique.com\/pt\/wp-json\/wp\/v2\/media?parent=43934"}],"wp:term":[{"taxonomy":"product_brand","embeddable":true,"href":"https:\/\/bigbuy.tupique.com\/pt\/wp-json\/wp\/v2\/product_brand?post=43934"},{"taxonomy":"product_cat","embeddable":true,"href":"https:\/\/bigbuy.tupique.com\/pt\/wp-json\/wp\/v2\/product_cat?post=43934"},{"taxonomy":"product_tag","embeddable":true,"href":"https:\/\/bigbuy.tupique.com\/pt\/wp-json\/wp\/v2\/product_tag?post=43934"}],"curies":[{"name":"wp","href":"https:\/\/api.w.org\/{rel}","templated":true}]}}