{"id":43888,"date":"2026-03-30T16:57:03","date_gmt":"2026-03-30T15:57:03","guid":{"rendered":"https:\/\/bigbuy.tupique.com\/produto\/stabiliser-for-support-axis-02011-001\/"},"modified":"2026-04-15T07:00:52","modified_gmt":"2026-04-15T06:00:52","slug":"stabiliser-for-support-axis-02011-001","status":"publish","type":"product","link":"https:\/\/bigbuy.tupique.com\/pt\/produto\/stabiliser-for-support-axis-02011-001\/","title":{"rendered":"Stabilisateur de soutien Axis 02011-001"},"content":{"rendered":"<p>Si vous \u00eates passionn\u00e9 d&#8217;<b>informatique et d&#8217;\u00e9lectronique<\/b>, si vous \u00eates \u00e0 la pointe de la technologie et qu&#8217;aucun d\u00e9tail ne vous \u00e9chappe, achetez <b>Stabilisateur de soutien Axis 02011-001<\/b> au meilleur prix.<\/p>\n<ul>\n<li>Type: Stabilisateur de soutien<\/li>\n<li>Couleur:\n<ul>\n<li>Blanc<\/li>\n<li>Noir<\/li>\n<\/ul>\n<\/li>\n<li>Caract\u00e9ristiques:\n<ul>\n<li>Usage en int\u00e9rieur<\/li>\n<li>Protecteur<\/li>\n<\/ul>\n<\/li>\n<\/ul>","protected":false},"excerpt":{"rendered":"<p>Si vous \u00eates passionn\u00e9 d&#8217;informatique et d&#8217;\u00e9lectronique, si vous \u00eates \u00e0 la pointe de la technologie et qu&#8217;aucun d\u00e9tail ne vous \u00e9chappe, achetez Stabilisateur de soutien Axis 02011-001 au meilleur prix. Type: Stabilisateur de soutien Couleur: Blanc Noir Caract\u00e9ristiques: Usage en int\u00e9rieur Protecteur<\/p>","protected":false},"featured_media":43884,"comment_status":"open","ping_status":"closed","template":"","meta":[],"product_brand":[645],"product_cat":[601,600,65],"product_tag":[571,210],"class_list":{"0":"post-43888","1":"product","2":"type-product","3":"status-publish","4":"has-post-thumbnail","6":"product_brand-brandp_4776","7":"product_cat-accessoires-pour-appareils-photo-et-camescopes","8":"product_cat-electronique-photo-et-video","9":"product_cat-informatique-electronique","10":"product_tag-tag_27","11":"product_tag-tag_25","13":"first","14":"instock","15":"taxable","16":"shipping-taxable","17":"purchasable","18":"product-type-simple"},"_links":{"self":[{"href":"https:\/\/bigbuy.tupique.com\/pt\/wp-json\/wp\/v2\/product\/43888","targetHints":{"allow":["GET"]}}],"collection":[{"href":"https:\/\/bigbuy.tupique.com\/pt\/wp-json\/wp\/v2\/product"}],"about":[{"href":"https:\/\/bigbuy.tupique.com\/pt\/wp-json\/wp\/v2\/types\/product"}],"replies":[{"embeddable":true,"href":"https:\/\/bigbuy.tupique.com\/pt\/wp-json\/wp\/v2\/comments?post=43888"}],"wp:featuredmedia":[{"embeddable":true,"href":"https:\/\/bigbuy.tupique.com\/pt\/wp-json\/wp\/v2\/media\/43884"}],"wp:attachment":[{"href":"https:\/\/bigbuy.tupique.com\/pt\/wp-json\/wp\/v2\/media?parent=43888"}],"wp:term":[{"taxonomy":"product_brand","embeddable":true,"href":"https:\/\/bigbuy.tupique.com\/pt\/wp-json\/wp\/v2\/product_brand?post=43888"},{"taxonomy":"product_cat","embeddable":true,"href":"https:\/\/bigbuy.tupique.com\/pt\/wp-json\/wp\/v2\/product_cat?post=43888"},{"taxonomy":"product_tag","embeddable":true,"href":"https:\/\/bigbuy.tupique.com\/pt\/wp-json\/wp\/v2\/product_tag?post=43888"}],"curies":[{"name":"wp","href":"https:\/\/api.w.org\/{rel}","templated":true}]}}