{"id":43872,"date":"2026-03-30T16:56:28","date_gmt":"2026-03-30T15:56:28","guid":{"rendered":"https:\/\/bigbuy.tupique.com\/produto\/condenser-microphone-axis-t8353a\/"},"modified":"2026-04-15T07:00:51","modified_gmt":"2026-04-15T06:00:51","slug":"condenser-microphone-axis-t8353a","status":"publish","type":"product","link":"https:\/\/bigbuy.tupique.com\/pt\/produto\/condenser-microphone-axis-t8353a\/","title":{"rendered":"Microphone \u00e0 condensateur Axis T8353A"},"content":{"rendered":"<p>Si vous \u00eates passionn\u00e9 d&#8217;<b>informatique et d&#8217;\u00e9lectronique<\/b>, si vous \u00eates \u00e0 la pointe de la technologie et qu&#8217;aucun d\u00e9tail ne vous \u00e9chappe, achetez <b>Microphone \u00e0 condensateur Axis T8353A<\/b> au meilleur prix.<\/p>\n<ul>\n<li>Type:\n<ul>\n<li>Cam\u00e9scope<\/li>\n<li>Avec fil<\/li>\n<li>Omnidirectionnels<\/li>\n<\/ul>\n<\/li>\n<li>Couleur: Blanc<\/li>\n<li>Caract\u00e9ristiques: Microphone omnidirectionnel<\/li>\n<li>Bloc d\u2019Alimentation: Avec fil<\/li>\n<li>Connexions: Jack 3.5 mm<\/li>\n<li>Fr\u00e9quence: 20 &#8211; 20000 Hz<\/li>\n<li>Niveau sonore: 97 dB<\/li>\n<\/ul>","protected":false},"excerpt":{"rendered":"<p>Si vous \u00eates passionn\u00e9 d&#8217;informatique et d&#8217;\u00e9lectronique, si vous \u00eates \u00e0 la pointe de la technologie et qu&#8217;aucun d\u00e9tail ne vous \u00e9chappe, achetez Microphone \u00e0 condensateur Axis T8353A au meilleur prix. Type: Cam\u00e9scope Avec fil Omnidirectionnels Couleur: Blanc Caract\u00e9ristiques: Microphone omnidirectionnel Bloc d\u2019Alimentation: Avec fil Connexions: Jack 3.5 mm Fr\u00e9quence: 20 &#8211; 20000 Hz Niveau [&hellip;]<\/p>\n","protected":false},"featured_media":43868,"comment_status":"open","ping_status":"closed","template":"","meta":[],"product_brand":[645],"product_cat":[65,581,594],"product_tag":[],"class_list":{"0":"post-43872","1":"product","2":"type-product","3":"status-publish","4":"has-post-thumbnail","6":"product_brand-brandp_4776","7":"product_cat-informatique-electronique","8":"product_cat-informatique-peripheriques-et-consommables","9":"product_cat-micros-et-ecouteurs","11":"first","12":"instock","13":"taxable","14":"shipping-taxable","15":"purchasable","16":"product-type-simple"},"_links":{"self":[{"href":"https:\/\/bigbuy.tupique.com\/pt\/wp-json\/wp\/v2\/product\/43872","targetHints":{"allow":["GET"]}}],"collection":[{"href":"https:\/\/bigbuy.tupique.com\/pt\/wp-json\/wp\/v2\/product"}],"about":[{"href":"https:\/\/bigbuy.tupique.com\/pt\/wp-json\/wp\/v2\/types\/product"}],"replies":[{"embeddable":true,"href":"https:\/\/bigbuy.tupique.com\/pt\/wp-json\/wp\/v2\/comments?post=43872"}],"wp:featuredmedia":[{"embeddable":true,"href":"https:\/\/bigbuy.tupique.com\/pt\/wp-json\/wp\/v2\/media\/43868"}],"wp:attachment":[{"href":"https:\/\/bigbuy.tupique.com\/pt\/wp-json\/wp\/v2\/media?parent=43872"}],"wp:term":[{"taxonomy":"product_brand","embeddable":true,"href":"https:\/\/bigbuy.tupique.com\/pt\/wp-json\/wp\/v2\/product_brand?post=43872"},{"taxonomy":"product_cat","embeddable":true,"href":"https:\/\/bigbuy.tupique.com\/pt\/wp-json\/wp\/v2\/product_cat?post=43872"},{"taxonomy":"product_tag","embeddable":true,"href":"https:\/\/bigbuy.tupique.com\/pt\/wp-json\/wp\/v2\/product_tag?post=43872"}],"curies":[{"name":"wp","href":"https:\/\/api.w.org\/{rel}","templated":true}]}}