{"id":43704,"date":"2026-03-30T16:46:01","date_gmt":"2026-03-30T15:46:01","guid":{"rendered":"https:\/\/bigbuy.tupique.com\/produto\/external-hard-drive-western-digital-my-passport-2-tb-ssd\/"},"modified":"2026-04-16T10:19:49","modified_gmt":"2026-04-16T09:19:49","slug":"external-hard-drive-western-digital-my-passport-2-tb-ssd","status":"publish","type":"product","link":"https:\/\/bigbuy.tupique.com\/pt\/produto\/external-hard-drive-western-digital-my-passport-2-tb-ssd\/","title":{"rendered":"Disque Dur Externe Western Digital My Passport 2 TB SSD"},"content":{"rendered":"<p>Si vous \u00eates passionn\u00e9 d&#8217;<b>informatique et d&#8217;\u00e9lectronique<\/b>, si vous \u00eates \u00e0 la pointe de la technologie et qu&#8217;aucun d\u00e9tail ne vous \u00e9chappe, achetez <b>Disque Dur Externe Western Digital My Passport 2 TB SSD<\/b> au meilleur prix.<\/p>\n<ul>\n<li>Connexions:\n<ul>\n<li>USB-C<\/li>\n<li>USB 3.2<\/li>\n<li>USB<\/li>\n<\/ul>\n<\/li>\n<li>Compatible:\n<ul>\n<li>Mac OS<\/li>\n<li>Windows 10<\/li>\n<li>Windows 8.1<\/li>\n<li>macOS<\/li>\n<\/ul>\n<\/li>\n<li>Disque dur: 2 TB SSD<\/li>\n<li>Inclut:\n<ul>\n<li>C\u00e2ble USB-C<\/li>\n<li>C\u00e2ble USB<\/li>\n<\/ul>\n<\/li>\n<li>Type:\n<ul>\n<li>Disque Dur Externe<\/li>\n<li>SSD<\/li>\n<\/ul>\n<\/li>\n<li>Largeur: 5,5 cm<\/li>\n<li>Long: 10 cm<\/li>\n<li>Poids approx.: 45,7 G<\/li>\n<li>Dimensions approx.: 5,5 x 0,9 x 2 cm<\/li>\n<li>Syst\u00e8me d&#8217;exploitation: macOS<\/li>\n<li>Couleur: Gris<\/li>\n<li>vitesse:\n<ul>\n<li>1000 MB\/s<\/li>\n<li>1050 MB\/s<\/li>\n<\/ul>\n<\/li>\n<li>Mati\u00e8re: M\u00e9tal<\/li>\n<li>Non Inclus: Wi-Fi<\/li>\n<li>Caract\u00e9ristiques: Protection des donn\u00e9es\/mot de passe<\/li>\n<\/ul>","protected":false},"excerpt":{"rendered":"<p>Si vous \u00eates passionn\u00e9 d&#8217;informatique et d&#8217;\u00e9lectronique, si vous \u00eates \u00e0 la pointe de la technologie et qu&#8217;aucun d\u00e9tail ne vous \u00e9chappe, achetez Disque Dur Externe Western Digital My Passport 2 TB SSD au meilleur prix. Connexions: USB-C USB 3.2 USB Compatible: Mac OS Windows 10 Windows 8.1 macOS Disque dur: 2 TB SSD Inclut: [&hellip;]<\/p>\n","protected":false},"featured_media":43659,"comment_status":"open","ping_status":"closed","template":"","meta":[],"product_brand":[792],"product_cat":[588,65,584],"product_tag":[106],"class_list":{"0":"post-43704","1":"product","2":"type-product","3":"status-publish","4":"has-post-thumbnail","6":"product_brand-brandp_589","7":"product_cat-disques-durs","8":"product_cat-informatique-electronique","9":"product_cat-informatique-reseaux-et-composants","10":"product_tag-tag_1295","12":"first","13":"instock","14":"taxable","15":"shipping-taxable","16":"purchasable","17":"product-type-simple"},"_links":{"self":[{"href":"https:\/\/bigbuy.tupique.com\/pt\/wp-json\/wp\/v2\/product\/43704","targetHints":{"allow":["GET"]}}],"collection":[{"href":"https:\/\/bigbuy.tupique.com\/pt\/wp-json\/wp\/v2\/product"}],"about":[{"href":"https:\/\/bigbuy.tupique.com\/pt\/wp-json\/wp\/v2\/types\/product"}],"replies":[{"embeddable":true,"href":"https:\/\/bigbuy.tupique.com\/pt\/wp-json\/wp\/v2\/comments?post=43704"}],"wp:featuredmedia":[{"embeddable":true,"href":"https:\/\/bigbuy.tupique.com\/pt\/wp-json\/wp\/v2\/media\/43659"}],"wp:attachment":[{"href":"https:\/\/bigbuy.tupique.com\/pt\/wp-json\/wp\/v2\/media?parent=43704"}],"wp:term":[{"taxonomy":"product_brand","embeddable":true,"href":"https:\/\/bigbuy.tupique.com\/pt\/wp-json\/wp\/v2\/product_brand?post=43704"},{"taxonomy":"product_cat","embeddable":true,"href":"https:\/\/bigbuy.tupique.com\/pt\/wp-json\/wp\/v2\/product_cat?post=43704"},{"taxonomy":"product_tag","embeddable":true,"href":"https:\/\/bigbuy.tupique.com\/pt\/wp-json\/wp\/v2\/product_tag?post=43704"}],"curies":[{"name":"wp","href":"https:\/\/api.w.org\/{rel}","templated":true}]}}