{"id":43489,"date":"2026-03-30T16:28:49","date_gmt":"2026-03-30T15:28:49","guid":{"rendered":"https:\/\/bigbuy.tupique.com\/produto\/smart-tv-samsung-hg50u700feuxen-4k-ultra-hd-50-led\/"},"modified":"2026-05-11T20:00:45","modified_gmt":"2026-05-11T18:00:45","slug":"smart-tv-samsung-hg50u700feuxen-4k-ultra-hd-50-led","status":"publish","type":"product","link":"https:\/\/bigbuy.tupique.com\/pt\/produto\/smart-tv-samsung-hg50u700feuxen-4k-ultra-hd-50-led\/","title":{"rendered":"TV intelligente Samsung HG50U700FEUXEN 4K Ultra HD 50&#8243; LED"},"content":{"rendered":"<p>Si vous \u00eates passionn\u00e9 d&#8217;<b>informatique et d&#8217;\u00e9lectronique<\/b>, si vous \u00eates \u00e0 la pointe de la technologie et qu&#8217;aucun d\u00e9tail ne vous \u00e9chappe, achetez <b>TV intelligente Samsung HG50U700FEUXEN 4K Ultra HD 50&#8243; LED<\/b> au meilleur prix.<\/p>\n<ul>\n<li>Diagonale de l&#8217;\u00e9cran (cm):\n<ul>\n<li>127 cm<\/li>\n<li>124,5 cm<\/li>\n<\/ul>\n<\/li>\n<li>Ecran: 50&#8243;<\/li>\n<li>Couleur: Noir<\/li>\n<li>HbbTV: Oui<\/li>\n<li>TV intelligente: Oui<\/li>\n<li>Fr\u00e9quence: 50-60 Hz<\/li>\n<li>Technologie: LED<\/li>\n<li>R\u00e9cepteur:\n<ul>\n<li>Analogique et num\u00e9rique<\/li>\n<li>DVB-C,DVB-S2,DVB-T2<\/li>\n<\/ul>\n<\/li>\n<li>Classification \u00e9nerg\u00e9tique: E<\/li>\n<li>R\u00e9solution: 4K Ultra HD<\/li>\n<li>Connectivit\u00e9:\n<ul>\n<li>Wi-Fi<\/li>\n<li>Bluetooth<\/li>\n<li>Anynet+<\/li>\n<li>Bluetooth 5.2<\/li>\n<\/ul>\n<\/li>\n<li>Connexions:\n<ul>\n<li>USB 2.0<\/li>\n<li>Ethernet LAN<\/li>\n<li>RJ45<\/li>\n<li>RF x 3<\/li>\n<li>CI+<\/li>\n<li>CI+ 1.4 x 1<\/li>\n<li>HDMI 1.4<\/li>\n<\/ul>\n<\/li>\n<li>R\u00e9solution (px): 3840 x 2160 px<\/li>\n<li>Caract\u00e9ristiques:\n<ul>\n<li>Arr\u00eat Automatique<\/li>\n<li>T\u00e9l\u00e9texte<\/li>\n<li>Guide d&#8217;installation inclus<\/li>\n<li>2 Haut-parleurs<\/li>\n<\/ul>\n<\/li>\n<li>Rapport d&#8217;aspect: 16:9<\/li>\n<li>puissance: 20 W<\/li>\n<li>Inclut:\n<ul>\n<li>T\u00e9l\u00e9commande<\/li>\n<li>Manuel d\u2019utilisation<\/li>\n<\/ul>\n<\/li>\n<li>VESA: 20 x 20 cm<\/li>\n<li>Fr\u00e9quence d&#8217;entr\u00e9e AC: 50-60 Hz<\/li>\n<li>Tension: 220-240 V<\/li>\n<li>Angle: 178\u00ba<\/li>\n<li>Montage: VESA<\/li>\n<\/ul>","protected":false},"excerpt":{"rendered":"<p>Si vous \u00eates passionn\u00e9 d&#8217;informatique et d&#8217;\u00e9lectronique, si vous \u00eates \u00e0 la pointe de la technologie et qu&#8217;aucun d\u00e9tail ne vous \u00e9chappe, achetez TV intelligente Samsung HG50U700FEUXEN 4K Ultra HD 50&#8243; LED au meilleur prix. Diagonale de l&#8217;\u00e9cran (cm): 127 cm 124,5 cm Ecran: 50&#8243; Couleur: Noir HbbTV: Oui TV intelligente: Oui Fr\u00e9quence: 50-60 Hz [&hellip;]<\/p>\n","protected":false},"featured_media":43479,"comment_status":"open","ping_status":"closed","template":"","meta":[],"product_brand":[183],"product_cat":[589,65,957],"product_tag":[],"class_list":{"0":"post-43489","1":"product","2":"type-product","3":"status-publish","4":"has-post-thumbnail","6":"product_brand-brandp_576","7":"product_cat-electronique-television","8":"product_cat-informatique-electronique","9":"product_cat-televisions-et-smart-tv","11":"first","12":"instock","13":"taxable","14":"shipping-taxable","15":"purchasable","16":"product-type-simple"},"_links":{"self":[{"href":"https:\/\/bigbuy.tupique.com\/pt\/wp-json\/wp\/v2\/product\/43489","targetHints":{"allow":["GET"]}}],"collection":[{"href":"https:\/\/bigbuy.tupique.com\/pt\/wp-json\/wp\/v2\/product"}],"about":[{"href":"https:\/\/bigbuy.tupique.com\/pt\/wp-json\/wp\/v2\/types\/product"}],"replies":[{"embeddable":true,"href":"https:\/\/bigbuy.tupique.com\/pt\/wp-json\/wp\/v2\/comments?post=43489"}],"wp:featuredmedia":[{"embeddable":true,"href":"https:\/\/bigbuy.tupique.com\/pt\/wp-json\/wp\/v2\/media\/43479"}],"wp:attachment":[{"href":"https:\/\/bigbuy.tupique.com\/pt\/wp-json\/wp\/v2\/media?parent=43489"}],"wp:term":[{"taxonomy":"product_brand","embeddable":true,"href":"https:\/\/bigbuy.tupique.com\/pt\/wp-json\/wp\/v2\/product_brand?post=43489"},{"taxonomy":"product_cat","embeddable":true,"href":"https:\/\/bigbuy.tupique.com\/pt\/wp-json\/wp\/v2\/product_cat?post=43489"},{"taxonomy":"product_tag","embeddable":true,"href":"https:\/\/bigbuy.tupique.com\/pt\/wp-json\/wp\/v2\/product_tag?post=43489"}],"curies":[{"name":"wp","href":"https:\/\/api.w.org\/{rel}","templated":true}]}}