{"id":43434,"date":"2026-03-30T16:20:25","date_gmt":"2026-03-30T15:20:25","guid":{"rendered":"https:\/\/bigbuy.tupique.com\/produto\/gaming-monitor-lg-32gx850a-b-4k-ultra-hd-32\/"},"modified":"2026-04-15T06:39:15","modified_gmt":"2026-04-15T05:39:15","slug":"gaming-monitor-lg-32gx850a-b-4k-ultra-hd-32","status":"publish","type":"product","link":"https:\/\/bigbuy.tupique.com\/pt\/produto\/gaming-monitor-lg-32gx850a-b-4k-ultra-hd-32\/","title":{"rendered":"Monitor Gaming LG 32GX850A-B 4K Ultra HD 32&#8243;"},"content":{"rendered":"<p>Si vous \u00eates passionn\u00e9 d&#8217;<b>informatique et d&#8217;\u00e9lectronique<\/b>, si vous \u00eates \u00e0 la pointe de la technologie et qu&#8217;aucun d\u00e9tail ne vous \u00e9chappe, achetez <b>Monitor Gaming LG 32GX850A-B 4K Ultra HD 32&#8243;<\/b> au meilleur prix.<\/p>\n<p>Le <b>moniteur gaming LG 32GX850A-B<\/b> est un \u00e9cran professionnel de <b>32 pouces<\/b> con\u00e7u pour les joueurs recherchant une exp\u00e9rience visuelle avanc\u00e9e et une haute qualit\u00e9 d\u2019image. Il int\u00e8gre la technologie avanc\u00e9e <b>OLED<\/b>, garantissant des noirs profonds et un contraste exceptionnel, offrant des couleurs vives et r\u00e9alistes, essentielles pour le gaming et le multim\u00e9dia. Sa compatibilit\u00e9 avec le <b>HDR10<\/b> permet d\u2019appr\u00e9cier une large plage dynamique, avec une meilleure repr\u00e9sentation des lumi\u00e8res et des ombres, am\u00e9liorant l\u2019immersion sur les titres compatibles. De plus, il int\u00e8gre la technologie <b>NVIDIA G-SYNC<\/b>, qui synchronise le taux de rafra\u00eechissement du moniteur avec la carte graphique pour \u00e9liminer le tearing et r\u00e9duire le stuttering, assurant un gameplay fluide et sans interruption visuelle. Pour pr\u00e9server la sant\u00e9 visuelle lors de longues sessions, il dispose de fonctionnalit\u00e9s <b>Flicker free<\/b> qui r\u00e9duisent le scintillement de l\u2019\u00e9cran et diminuent la fatigue oculaire. Son design comporte une structure avec une finition en <b>blanc<\/b>, combinant une esth\u00e9tique moderne avec des \u00e9l\u00e9ments r\u00e9glables et pivotants, facilitant l\u2019adaptation du moniteur \u00e0 diff\u00e9rents angles et positions ergonomiques selon les besoins de l\u2019utilisateur. Ces caract\u00e9ristiques font du LG 32GX850A-B une option remarquable pour ceux qui recherchent un \u00e9cran de haute qualit\u00e9 dans le domaine du gaming, o\u00f9 performance visuelle et confort sont essentiels. En r\u00e9sum\u00e9, ce moniteur se positionne comme une solution \u00e9quilibr\u00e9e pour les gamers exigeant pr\u00e9cision d\u2019image et technologies am\u00e9liorant l\u2019exp\u00e9rience de jeu.<\/p>\n<ul>\n<li>Diagonale de l&#8217;\u00e9cran (cm): 81,3 cm<\/li>\n<li>Connexions:\n<ul>\n<li>DisplayPort<\/li>\n<li>HDMI<\/li>\n<li>2<\/li>\n<li>USB<\/li>\n<li>HDCP<\/li>\n<li>USB A x 2<\/li>\n<li>DisplayPort 1.4<\/li>\n<li>DisplayPort x 1<\/li>\n<li>HDMI x 2<\/li>\n<\/ul>\n<\/li>\n<li>Microphone int\u00e9gr\u00e9: Non<\/li>\n<li>Temps de r\u00e9ponse: 0,03 ms<\/li>\n<li>Illumination: No<\/li>\n<li>Type:\n<ul>\n<li>\u00c9cran<\/li>\n<li>Axe<\/li>\n<\/ul>\n<\/li>\n<li>Produit \u00e0 brancher: Oui<\/li>\n<li>Ecran: 32&#8243;<\/li>\n<li>Bloc d\u2019Alimentation: r\u00e9seau \u00e9lectrique<\/li>\n<li>Couleur:\n<ul>\n<li>Noir<\/li>\n<li>Blanc<\/li>\n<\/ul>\n<\/li>\n<li>VESA: 10 x 10 cm<\/li>\n<li>Classification \u00e9nerg\u00e9tique: F<\/li>\n<li>R\u00e9solution: 4K Ultra HD<\/li>\n<li>Rapport d&#8217;aspect: 16:9<\/li>\n<li>Caract\u00e9ristiques:\n<ul>\n<li>Plaque Tournante<\/li>\n<li>R\u00e9glable<\/li>\n<li>HDR<\/li>\n<li>Avec stand<\/li>\n<li>Inclinaison r\u00e9glable<\/li>\n<li>\u00c9cran plat<\/li>\n<\/ul>\n<\/li>\n<li>R\u00e9solution (px): 3840 x 2160 px<\/li>\n<li>Technologie:\n<ul>\n<li>OLED<\/li>\n<li>HDR10<\/li>\n<li>Flicker free<\/li>\n<li>NVIDIA G-SYNC<\/li>\n<\/ul>\n<\/li>\n<li>Ports: 1<\/li>\n<li>Compatible: VESA<\/li>\n<li>Fr\u00e9quence: 165 Hz<\/li>\n<li>Inclut:\n<ul>\n<li>Adaptateur de courant<\/li>\n<li>Sortie d&#8217;\u00e9couteurs<\/li>\n<\/ul>\n<\/li>\n<li>Utilisation recommand\u00e9e: Jeux<\/li>\n<li>Ethernet: Non<\/li>\n<li>consommation d&#8217;\u00e9nergie: 32 kWh<\/li>\n<li>Ecran tactile: Non<\/li>\n<li>Non Inclus: Wi-Fi<\/li>\n<li>Angle: 178\u00ba<\/li>\n<li>Montage: VESA<\/li>\n<\/ul>","protected":false},"excerpt":{"rendered":"<p>Si vous \u00eates passionn\u00e9 d&#8217;informatique et d&#8217;\u00e9lectronique, si vous \u00eates \u00e0 la pointe de la technologie et qu&#8217;aucun d\u00e9tail ne vous \u00e9chappe, achetez Monitor Gaming LG 32GX850A-B 4K Ultra HD 32&#8243; au meilleur prix. Le moniteur gaming LG 32GX850A-B est un \u00e9cran professionnel de 32 pouces con\u00e7u pour les joueurs recherchant une exp\u00e9rience visuelle avanc\u00e9e [&hellip;]<\/p>\n","protected":false},"featured_media":43429,"comment_status":"open","ping_status":"closed","template":"","meta":[],"product_brand":[662],"product_cat":[65,581,616],"product_tag":[213,106],"class_list":{"0":"post-43434","1":"product","2":"type-product","3":"status-publish","4":"has-post-thumbnail","6":"product_brand-brandp_559","7":"product_cat-informatique-electronique","8":"product_cat-informatique-peripheriques-et-consommables","9":"product_cat-moniteurs","10":"product_tag-tag_933","11":"product_tag-tag_1295","13":"first","14":"instock","15":"taxable","16":"shipping-taxable","17":"purchasable","18":"product-type-simple"},"_links":{"self":[{"href":"https:\/\/bigbuy.tupique.com\/pt\/wp-json\/wp\/v2\/product\/43434","targetHints":{"allow":["GET"]}}],"collection":[{"href":"https:\/\/bigbuy.tupique.com\/pt\/wp-json\/wp\/v2\/product"}],"about":[{"href":"https:\/\/bigbuy.tupique.com\/pt\/wp-json\/wp\/v2\/types\/product"}],"replies":[{"embeddable":true,"href":"https:\/\/bigbuy.tupique.com\/pt\/wp-json\/wp\/v2\/comments?post=43434"}],"wp:featuredmedia":[{"embeddable":true,"href":"https:\/\/bigbuy.tupique.com\/pt\/wp-json\/wp\/v2\/media\/43429"}],"wp:attachment":[{"href":"https:\/\/bigbuy.tupique.com\/pt\/wp-json\/wp\/v2\/media?parent=43434"}],"wp:term":[{"taxonomy":"product_brand","embeddable":true,"href":"https:\/\/bigbuy.tupique.com\/pt\/wp-json\/wp\/v2\/product_brand?post=43434"},{"taxonomy":"product_cat","embeddable":true,"href":"https:\/\/bigbuy.tupique.com\/pt\/wp-json\/wp\/v2\/product_cat?post=43434"},{"taxonomy":"product_tag","embeddable":true,"href":"https:\/\/bigbuy.tupique.com\/pt\/wp-json\/wp\/v2\/product_tag?post=43434"}],"curies":[{"name":"wp","href":"https:\/\/api.w.org\/{rel}","templated":true}]}}