{"id":43428,"date":"2026-03-30T16:20:10","date_gmt":"2026-03-30T15:20:10","guid":{"rendered":"https:\/\/bigbuy.tupique.com\/produto\/multimode-sfp-fibre-module-zyxel-sfp10g-lr-e-zzbd01f\/"},"modified":"2026-05-11T19:59:13","modified_gmt":"2026-05-11T17:59:13","slug":"multimode-sfp-fibre-module-zyxel-sfp10g-lr-e-zzbd01f","status":"publish","type":"product","link":"https:\/\/bigbuy.tupique.com\/pt\/produto\/multimode-sfp-fibre-module-zyxel-sfp10g-lr-e-zzbd01f\/","title":{"rendered":"Module SFP \u00e0 fibre optique multimode ZyXEL SFP10G-LR-E-ZZBD01F"},"content":{"rendered":"<p>Si vous \u00eates passionn\u00e9 d&#8217;<b>informatique et d&#8217;\u00e9lectronique<\/b>, si vous \u00eates \u00e0 la pointe de la technologie et qu&#8217;aucun d\u00e9tail ne vous \u00e9chappe, achetez <b>Module SFP \u00e0 fibre optique multimode ZyXEL SFP10G-LR-E-ZZBD01F<\/b> au meilleur prix.<\/p>\n<p>Le <b>SFP10G-LR-E-ZZBD01F de ZyXEL<\/b> est un <b>module fibre optique SFP+ multimode<\/b> con\u00e7u pour les environnements professionnels n\u00e9cessitant une connectivit\u00e9 r\u00e9seau haut d\u00e9bit et fiable. Compatible avec une large gamme d\u2019appareils ZyXEL, ce transceiver permet un <b>transfert de donn\u00e9es jusqu\u2019\u00e0 10&nbsp;Gbps (10000&nbsp;Mbit\/s)<\/b>, assurant des communications rapides et stables dans les r\u00e9seaux d\u2019entreprise exigeants. Sa connexion <b>SFP+<\/b> et l\u2019utilisation de <b>connecteurs LC<\/b> garantissent une int\u00e9gration ais\u00e9e dans les infrastructures actuelles, id\u00e9al pour les extensions ou les nouvelles installations. Fabriqu\u00e9 en <b>acier<\/b>, ce module offre une excellente r\u00e9sistance et durabilit\u00e9 dans les environnements professionnels, contribuant \u00e0 une longue dur\u00e9e de vie et \u00e0 un entretien r\u00e9duit. Il prend en charge une distance de transmission jusqu\u2019\u00e0 <b>10&nbsp;km sur fibre optique monomode<\/b>, ce qui le rend adapt\u00e9 aux liaisons backbone et aux communications entre b\u00e2timents ou bureaux \u00e9loign\u00e9s. Fonctionne sur une longueur d\u2019onde de <b>1310&nbsp;nm<\/b>, offrant un \u00e9quilibre optimal entre port\u00e9e et qualit\u00e9 du signal. Originaire de Chine et dot\u00e9 de dimensions compactes (14,8 mm de large, 56,5 mm de profondeur et 11,8 mm de haut), il s\u2019int\u00e8gre facilement dans des solutions r\u00e9seau denses o\u00f9 l\u2019espace est limit\u00e9. Le module fonctionne avec une plage de tension d\u2019entr\u00e9e de 3,14\u20133,46 V et un courant maximal de 0,3 A, optimisant la consommation d\u2019\u00e9nergie dans les armoires de communication ou les centres de donn\u00e9es. Ce transceiver est con\u00e7u pour offrir une connectivit\u00e9 efficace, robuste et flexible, r\u00e9pondant aux besoins des r\u00e9seaux exigeant des performances avanc\u00e9es et une fiabilit\u00e9 \u00e0 long terme.<\/p>\n<ul>\n<li>Type: Fibres optiques<\/li>\n<li>Couleur: Acier<\/li>\n<li>Connexions:\n<ul>\n<li>SFP+<\/li>\n<li>LC<\/li>\n<li>USB 2.0 x 2<\/li>\n<\/ul>\n<\/li>\n<li>vitesse: 10000 Mbit\/s<\/li>\n<li>Port\u00e9e: 10 km<\/li>\n<li>Longueur d&#8217;onde: 1310 nm<\/li>\n<\/ul>","protected":false},"excerpt":{"rendered":"<p>Si vous \u00eates passionn\u00e9 d&#8217;informatique et d&#8217;\u00e9lectronique, si vous \u00eates \u00e0 la pointe de la technologie et qu&#8217;aucun d\u00e9tail ne vous \u00e9chappe, achetez Module SFP \u00e0 fibre optique multimode ZyXEL SFP10G-LR-E-ZZBD01F au meilleur prix. Le SFP10G-LR-E-ZZBD01F de ZyXEL est un module fibre optique SFP+ multimode con\u00e7u pour les environnements professionnels n\u00e9cessitant une connectivit\u00e9 r\u00e9seau haut [&hellip;]<\/p>\n","protected":false},"featured_media":43427,"comment_status":"open","ping_status":"closed","template":"","meta":[],"product_brand":[648],"product_cat":[65,584,597],"product_tag":[106],"class_list":{"0":"post-43428","1":"product","2":"type-product","3":"status-publish","4":"has-post-thumbnail","6":"product_brand-brandp_669","7":"product_cat-informatique-electronique","8":"product_cat-informatique-reseaux-et-composants","9":"product_cat-reseaux-cables","10":"product_tag-tag_1295","12":"first","13":"instock","14":"taxable","15":"shipping-taxable","16":"purchasable","17":"product-type-simple"},"_links":{"self":[{"href":"https:\/\/bigbuy.tupique.com\/pt\/wp-json\/wp\/v2\/product\/43428","targetHints":{"allow":["GET"]}}],"collection":[{"href":"https:\/\/bigbuy.tupique.com\/pt\/wp-json\/wp\/v2\/product"}],"about":[{"href":"https:\/\/bigbuy.tupique.com\/pt\/wp-json\/wp\/v2\/types\/product"}],"replies":[{"embeddable":true,"href":"https:\/\/bigbuy.tupique.com\/pt\/wp-json\/wp\/v2\/comments?post=43428"}],"wp:featuredmedia":[{"embeddable":true,"href":"https:\/\/bigbuy.tupique.com\/pt\/wp-json\/wp\/v2\/media\/43427"}],"wp:attachment":[{"href":"https:\/\/bigbuy.tupique.com\/pt\/wp-json\/wp\/v2\/media?parent=43428"}],"wp:term":[{"taxonomy":"product_brand","embeddable":true,"href":"https:\/\/bigbuy.tupique.com\/pt\/wp-json\/wp\/v2\/product_brand?post=43428"},{"taxonomy":"product_cat","embeddable":true,"href":"https:\/\/bigbuy.tupique.com\/pt\/wp-json\/wp\/v2\/product_cat?post=43428"},{"taxonomy":"product_tag","embeddable":true,"href":"https:\/\/bigbuy.tupique.com\/pt\/wp-json\/wp\/v2\/product_tag?post=43428"}],"curies":[{"name":"wp","href":"https:\/\/api.w.org\/{rel}","templated":true}]}}