{"id":43344,"date":"2026-03-30T16:16:30","date_gmt":"2026-03-30T15:16:30","guid":{"rendered":"https:\/\/bigbuy.tupique.com\/produto\/projector-nec-100015608\/"},"modified":"2026-05-11T20:00:41","modified_gmt":"2026-05-11T18:00:41","slug":"projector-nec-100015608","status":"publish","type":"product","link":"https:\/\/bigbuy.tupique.com\/pt\/produto\/projector-nec-100015608\/","title":{"rendered":"Projecteur NEC 100015608"},"content":{"rendered":"<p>Si vous \u00eates \u00e0 la recherche de nouvelles tendances sur le march\u00e9, nous vous pr\u00e9sentons <b>Projecteur NEC 100015608<\/b> !<\/p>\n<ul>\n<li>Type: Projecteur<\/li>\n<li>Couleur: Noir<\/li>\n<li>Connectivit\u00e9: Bluetooth<\/li>\n<li>Syst\u00e8me d&#8217;exploitation: Windows 10<\/li>\n<li>M\u00e9moire RAM: 8 GB RAM<\/li>\n<li>M\u00e9moire interne: 128 GB<\/li>\n<li>Type de stockage: SSD<\/li>\n<\/ul>","protected":false},"excerpt":{"rendered":"<p>Si vous \u00eates \u00e0 la recherche de nouvelles tendances sur le march\u00e9, nous vous pr\u00e9sentons Projecteur NEC 100015608 ! Type: Projecteur Couleur: Noir Connectivit\u00e9: Bluetooth Syst\u00e8me d&#8217;exploitation: Windows 10 M\u00e9moire RAM: 8 GB RAM M\u00e9moire interne: 128 GB Type de stockage: SSD<\/p>","protected":false},"featured_media":43339,"comment_status":"open","ping_status":"closed","template":"","meta":[],"product_brand":[1303],"product_cat":[65,581,583],"product_tag":[],"class_list":{"0":"post-43344","1":"product","2":"type-product","3":"status-publish","4":"has-post-thumbnail","6":"product_brand-brandp_4764","7":"product_cat-informatique-electronique","8":"product_cat-informatique-peripheriques-et-consommables","9":"product_cat-projecteurs","11":"first","12":"instock","13":"taxable","14":"shipping-taxable","15":"purchasable","16":"product-type-simple"},"_links":{"self":[{"href":"https:\/\/bigbuy.tupique.com\/pt\/wp-json\/wp\/v2\/product\/43344","targetHints":{"allow":["GET"]}}],"collection":[{"href":"https:\/\/bigbuy.tupique.com\/pt\/wp-json\/wp\/v2\/product"}],"about":[{"href":"https:\/\/bigbuy.tupique.com\/pt\/wp-json\/wp\/v2\/types\/product"}],"replies":[{"embeddable":true,"href":"https:\/\/bigbuy.tupique.com\/pt\/wp-json\/wp\/v2\/comments?post=43344"}],"wp:featuredmedia":[{"embeddable":true,"href":"https:\/\/bigbuy.tupique.com\/pt\/wp-json\/wp\/v2\/media\/43339"}],"wp:attachment":[{"href":"https:\/\/bigbuy.tupique.com\/pt\/wp-json\/wp\/v2\/media?parent=43344"}],"wp:term":[{"taxonomy":"product_brand","embeddable":true,"href":"https:\/\/bigbuy.tupique.com\/pt\/wp-json\/wp\/v2\/product_brand?post=43344"},{"taxonomy":"product_cat","embeddable":true,"href":"https:\/\/bigbuy.tupique.com\/pt\/wp-json\/wp\/v2\/product_cat?post=43344"},{"taxonomy":"product_tag","embeddable":true,"href":"https:\/\/bigbuy.tupique.com\/pt\/wp-json\/wp\/v2\/product_tag?post=43344"}],"curies":[{"name":"wp","href":"https:\/\/api.w.org\/{rel}","templated":true}]}}