{"id":43332,"date":"2026-03-30T16:16:01","date_gmt":"2026-03-30T15:16:01","guid":{"rendered":"https:\/\/bigbuy.tupique.com\/produto\/cable-dahua-dhi-lph75-mc480\/"},"modified":"2026-05-11T20:00:45","modified_gmt":"2026-05-11T18:00:45","slug":"cable-dahua-dhi-lph75-mc480","status":"publish","type":"product","link":"https:\/\/bigbuy.tupique.com\/pt\/produto\/cable-dahua-dhi-lph75-mc480\/","title":{"rendered":"C\u00e2ble Dahua DHI-LPH75-MC480"},"content":{"rendered":"<p>Si vous \u00eates \u00e0 la recherche de nouvelles tendances sur le march\u00e9, nous vous pr\u00e9sentons <b>C\u00e2ble Dahua DHI-LPH75-MC480<\/b> !<\/p>\n<ul>\n<li>Type: C\u00e2ble<\/li>\n<li>Couleur: Noir<\/li>\n<li>Ecran: 75&#8243;<\/li>\n<li>Brille: 400 cd\/m\u00b2<\/li>\n<li>Connectivit\u00e9:\n<ul>\n<li>Bluetooth<\/li>\n<li>Wi-Fi<\/li>\n<li>Sans fil<\/li>\n<\/ul>\n<\/li>\n<li>R\u00e9solution: 4K Ultra HD<\/li>\n<li>Bloc d\u2019Alimentation: C\u00e2ble \u00e9lectrique<\/li>\n<li>Fonctions: Vision nocturne<\/li>\n<li>R\u00e9solution (px): 1080 px<\/li>\n<\/ul>","protected":false},"excerpt":{"rendered":"<p>Si vous \u00eates \u00e0 la recherche de nouvelles tendances sur le march\u00e9, nous vous pr\u00e9sentons C\u00e2ble Dahua DHI-LPH75-MC480 ! Type: C\u00e2ble Couleur: Noir Ecran: 75&#8243; Brille: 400 cd\/m\u00b2 Connectivit\u00e9: Bluetooth Wi-Fi Sans fil R\u00e9solution: 4K Ultra HD Bloc d\u2019Alimentation: C\u00e2ble \u00e9lectrique Fonctions: Vision nocturne R\u00e9solution (px): 1080 px<\/p>","protected":false},"featured_media":43330,"comment_status":"open","ping_status":"closed","template":"","meta":[],"product_brand":[1293],"product_cat":[65,581,616],"product_tag":[213,106],"class_list":{"0":"post-43332","1":"product","2":"type-product","3":"status-publish","4":"has-post-thumbnail","6":"product_brand-brandp_4794","7":"product_cat-informatique-electronique","8":"product_cat-informatique-peripheriques-et-consommables","9":"product_cat-moniteurs","10":"product_tag-tag_933","11":"product_tag-tag_1295","13":"first","14":"instock","15":"taxable","16":"shipping-taxable","17":"purchasable","18":"product-type-simple"},"_links":{"self":[{"href":"https:\/\/bigbuy.tupique.com\/pt\/wp-json\/wp\/v2\/product\/43332","targetHints":{"allow":["GET"]}}],"collection":[{"href":"https:\/\/bigbuy.tupique.com\/pt\/wp-json\/wp\/v2\/product"}],"about":[{"href":"https:\/\/bigbuy.tupique.com\/pt\/wp-json\/wp\/v2\/types\/product"}],"replies":[{"embeddable":true,"href":"https:\/\/bigbuy.tupique.com\/pt\/wp-json\/wp\/v2\/comments?post=43332"}],"wp:featuredmedia":[{"embeddable":true,"href":"https:\/\/bigbuy.tupique.com\/pt\/wp-json\/wp\/v2\/media\/43330"}],"wp:attachment":[{"href":"https:\/\/bigbuy.tupique.com\/pt\/wp-json\/wp\/v2\/media?parent=43332"}],"wp:term":[{"taxonomy":"product_brand","embeddable":true,"href":"https:\/\/bigbuy.tupique.com\/pt\/wp-json\/wp\/v2\/product_brand?post=43332"},{"taxonomy":"product_cat","embeddable":true,"href":"https:\/\/bigbuy.tupique.com\/pt\/wp-json\/wp\/v2\/product_cat?post=43332"},{"taxonomy":"product_tag","embeddable":true,"href":"https:\/\/bigbuy.tupique.com\/pt\/wp-json\/wp\/v2\/product_tag?post=43332"}],"curies":[{"name":"wp","href":"https:\/\/api.w.org\/{rel}","templated":true}]}}