{"id":43313,"date":"2026-03-30T16:15:18","date_gmt":"2026-03-30T15:15:18","guid":{"rendered":"https:\/\/bigbuy.tupique.com\/produto\/scratching-post-for-cats-trixie-xxl-amadeus-beige\/"},"modified":"2026-05-11T19:55:17","modified_gmt":"2026-05-11T17:55:17","slug":"scratching-post-for-cats-trixie-xxl-amadeus-beige","status":"publish","type":"product","link":"https:\/\/bigbuy.tupique.com\/pt\/produto\/scratching-post-for-cats-trixie-xxl-amadeus-beige\/","title":{"rendered":"Grattoir pour Chats Trixie XXL Amadeus Beige"},"content":{"rendered":"<p>Si vous \u00eates \u00e0 la recherche de nouvelles tendances sur le march\u00e9, nous vous pr\u00e9sentons <b>Grattoir pour Chats Trixie XXL Amadeus Beige<\/b> !<\/p>\n<ul>\n<li>Type:\n<ul>\n<li>Griffoir<\/li>\n<li>Grattoir pour Chats<\/li>\n<\/ul>\n<\/li>\n<li>Animal de compagnie: Chat<\/li>\n<li>Couleur: Beige<\/li>\n<li>Mati\u00e8re:\n<ul>\n<li>Polyester<\/li>\n<li>Jute<\/li>\n<li>Sisal<\/li>\n<\/ul>\n<\/li>\n<li>Hauteur: 163 cm<\/li>\n<li>Surface utile environ: 90 x 60 cm<\/li>\n<li>Largeur: 90 cm<\/li>\n<li>Utilisation recommand\u00e9e: Int\u00e9rieur<\/li>\n<\/ul>","protected":false},"excerpt":{"rendered":"<p>Si vous \u00eates \u00e0 la recherche de nouvelles tendances sur le march\u00e9, nous vous pr\u00e9sentons Grattoir pour Chats Trixie XXL Amadeus Beige ! Type: Griffoir Grattoir pour Chats Animal de compagnie: Chat Couleur: Beige Mati\u00e8re: Polyester Jute Sisal Hauteur: 163 cm Surface utile environ: 90 x 60 cm Largeur: 90 cm Utilisation recommand\u00e9e: Int\u00e9rieur<\/p>","protected":false},"featured_media":192649,"comment_status":"open","ping_status":"closed","template":"","meta":[],"product_brand":[445],"product_cat":[621,786,239],"product_tag":[],"class_list":{"0":"post-43313","1":"product","2":"type-product","3":"status-publish","4":"has-post-thumbnail","6":"product_brand-brandp_3600","7":"product_cat-animaux-de-compagnie","8":"product_cat-jouets","9":"product_cat-maison-jardin","11":"first","12":"instock","13":"taxable","14":"shipping-taxable","15":"purchasable","16":"product-type-simple"},"_links":{"self":[{"href":"https:\/\/bigbuy.tupique.com\/pt\/wp-json\/wp\/v2\/product\/43313","targetHints":{"allow":["GET"]}}],"collection":[{"href":"https:\/\/bigbuy.tupique.com\/pt\/wp-json\/wp\/v2\/product"}],"about":[{"href":"https:\/\/bigbuy.tupique.com\/pt\/wp-json\/wp\/v2\/types\/product"}],"replies":[{"embeddable":true,"href":"https:\/\/bigbuy.tupique.com\/pt\/wp-json\/wp\/v2\/comments?post=43313"}],"wp:featuredmedia":[{"embeddable":true,"href":"https:\/\/bigbuy.tupique.com\/pt\/wp-json\/wp\/v2\/media\/192649"}],"wp:attachment":[{"href":"https:\/\/bigbuy.tupique.com\/pt\/wp-json\/wp\/v2\/media?parent=43313"}],"wp:term":[{"taxonomy":"product_brand","embeddable":true,"href":"https:\/\/bigbuy.tupique.com\/pt\/wp-json\/wp\/v2\/product_brand?post=43313"},{"taxonomy":"product_cat","embeddable":true,"href":"https:\/\/bigbuy.tupique.com\/pt\/wp-json\/wp\/v2\/product_cat?post=43313"},{"taxonomy":"product_tag","embeddable":true,"href":"https:\/\/bigbuy.tupique.com\/pt\/wp-json\/wp\/v2\/product_tag?post=43313"}],"curies":[{"name":"wp","href":"https:\/\/api.w.org\/{rel}","templated":true}]}}