{"id":43279,"date":"2026-03-30T16:03:31","date_gmt":"2026-03-30T15:03:31","guid":{"rendered":"https:\/\/bigbuy.tupique.com\/produto\/ladies-watch-frederique-constant-fc-206rs1s6-o-30-mm\/"},"modified":"2026-04-15T06:27:44","modified_gmt":"2026-04-15T05:27:44","slug":"ladies-watch-frederique-constant-fc-206rs1s6-o-30-mm","status":"publish","type":"product","link":"https:\/\/bigbuy.tupique.com\/pt\/produto\/ladies-watch-frederique-constant-fc-206rs1s6-o-30-mm\/","title":{"rendered":"Montre Femme Frederique Constant FC-206RS1S6 (\u00d8 30 mm)"},"content":{"rendered":"<p>Si vous aimez suivre les derni\u00e8res tendances en mati\u00e8re de mode et accessoires, achetez <b>Montre Femme Frederique Constant FC-206RS1S6 (\u00d8 30 mm)<\/b> au meilleur prix.<\/p>\n<ul>\n<li>Liens suppl\u00e9mentaires: Non<\/li>\n<li>Type de montre: Montre-bracelet<\/li>\n<li>Fonctions: Phase lunaire<\/li>\n<li>Genre: Femme<\/li>\n<li>Mat\u00e9riau du bracelet: Cuir<\/li>\n<li>Inclut: Inclut un \u00e9tui ou une housse de la marque<\/li>\n<li>Imperm\u00e9abilit\u00e9: 3 atm<\/li>\n<li>Verre: Saphir<\/li>\n<li>Type de mouvement: Quartz<\/li>\n<li>Diam\u00e8tre du bo\u00eetier de la montre: \u00d8 30 mm<\/li>\n<\/ul>","protected":false},"excerpt":{"rendered":"<p>Si vous aimez suivre les derni\u00e8res tendances en mati\u00e8re de mode et accessoires, achetez Montre Femme Frederique Constant FC-206RS1S6 (\u00d8 30 mm) au meilleur prix. Liens suppl\u00e9mentaires: Non Type de montre: Montre-bracelet Fonctions: Phase lunaire Genre: Femme Mat\u00e9riau du bracelet: Cuir Inclut: Inclut un \u00e9tui ou une housse de la marque Imperm\u00e9abilit\u00e9: 3 atm Verre: [&hellip;]<\/p>\n","protected":false},"featured_media":43274,"comment_status":"open","ping_status":"closed","template":"","meta":[],"product_brand":[795],"product_cat":[544,546,545],"product_tag":[103,542,543],"class_list":{"0":"post-43279","1":"product","2":"type-product","3":"status-publish","4":"has-post-thumbnail","6":"product_brand-brandp_6826","7":"product_cat-mode-accessoires","8":"product_cat-montres-femme","9":"product_cat-montres-bracelets","10":"product_tag-tag_1261","11":"product_tag-tag_1274","12":"product_tag-tag_61","14":"first","15":"instock","16":"taxable","17":"shipping-taxable","18":"purchasable","19":"product-type-simple"},"_links":{"self":[{"href":"https:\/\/bigbuy.tupique.com\/pt\/wp-json\/wp\/v2\/product\/43279","targetHints":{"allow":["GET"]}}],"collection":[{"href":"https:\/\/bigbuy.tupique.com\/pt\/wp-json\/wp\/v2\/product"}],"about":[{"href":"https:\/\/bigbuy.tupique.com\/pt\/wp-json\/wp\/v2\/types\/product"}],"replies":[{"embeddable":true,"href":"https:\/\/bigbuy.tupique.com\/pt\/wp-json\/wp\/v2\/comments?post=43279"}],"wp:featuredmedia":[{"embeddable":true,"href":"https:\/\/bigbuy.tupique.com\/pt\/wp-json\/wp\/v2\/media\/43274"}],"wp:attachment":[{"href":"https:\/\/bigbuy.tupique.com\/pt\/wp-json\/wp\/v2\/media?parent=43279"}],"wp:term":[{"taxonomy":"product_brand","embeddable":true,"href":"https:\/\/bigbuy.tupique.com\/pt\/wp-json\/wp\/v2\/product_brand?post=43279"},{"taxonomy":"product_cat","embeddable":true,"href":"https:\/\/bigbuy.tupique.com\/pt\/wp-json\/wp\/v2\/product_cat?post=43279"},{"taxonomy":"product_tag","embeddable":true,"href":"https:\/\/bigbuy.tupique.com\/pt\/wp-json\/wp\/v2\/product_tag?post=43279"}],"curies":[{"name":"wp","href":"https:\/\/api.w.org\/{rel}","templated":true}]}}