{"id":42665,"date":"2026-03-30T15:28:57","date_gmt":"2026-03-30T14:28:57","guid":{"rendered":"https:\/\/bigbuy.tupique.com\/produto\/edge-cutter-stanley-4-ah\/"},"modified":"2026-05-11T20:02:14","modified_gmt":"2026-05-11T18:02:14","slug":"edge-cutter-stanley-4-ah","status":"publish","type":"product","link":"https:\/\/bigbuy.tupique.com\/pt\/produto\/edge-cutter-stanley-4-ah\/","title":{"rendered":"Taille-bordures Stanley 4 Ah"},"content":{"rendered":"<p>Si vous \u00eates \u00e0 la recherche de nouvelles tendances sur le march\u00e9, nous vous pr\u00e9sentons <b>Taille-bordures Stanley 4 Ah<\/b> !<\/p>\n<ul>\n<li>Couleur: Jaune<\/li>\n<li>Bloc d\u2019Alimentation: Batterie<\/li>\n<li>Capacit\u00e9 de la batterie: 4 Ah<\/li>\n<\/ul>","protected":false},"excerpt":{"rendered":"<p>Si vous \u00eates \u00e0 la recherche de nouvelles tendances sur le march\u00e9, nous vous pr\u00e9sentons Taille-bordures Stanley 4 Ah ! Couleur: Jaune Bloc d\u2019Alimentation: Batterie Capacit\u00e9 de la batterie: 4 Ah<\/p>","protected":false},"featured_media":42659,"comment_status":"open","ping_status":"closed","template":"","meta":[],"product_brand":[833],"product_cat":[613,239],"product_tag":[59,210],"class_list":{"0":"post-42665","1":"product","2":"type-product","3":"status-publish","4":"has-post-thumbnail","6":"product_brand-brandp_3090","7":"product_cat-bricolage-et-materiel","8":"product_cat-maison-jardin","9":"product_tag-tag_1304","10":"product_tag-tag_25","12":"first","13":"instock","14":"taxable","15":"shipping-taxable","16":"purchasable","17":"product-type-simple"},"_links":{"self":[{"href":"https:\/\/bigbuy.tupique.com\/pt\/wp-json\/wp\/v2\/product\/42665","targetHints":{"allow":["GET"]}}],"collection":[{"href":"https:\/\/bigbuy.tupique.com\/pt\/wp-json\/wp\/v2\/product"}],"about":[{"href":"https:\/\/bigbuy.tupique.com\/pt\/wp-json\/wp\/v2\/types\/product"}],"replies":[{"embeddable":true,"href":"https:\/\/bigbuy.tupique.com\/pt\/wp-json\/wp\/v2\/comments?post=42665"}],"wp:featuredmedia":[{"embeddable":true,"href":"https:\/\/bigbuy.tupique.com\/pt\/wp-json\/wp\/v2\/media\/42659"}],"wp:attachment":[{"href":"https:\/\/bigbuy.tupique.com\/pt\/wp-json\/wp\/v2\/media?parent=42665"}],"wp:term":[{"taxonomy":"product_brand","embeddable":true,"href":"https:\/\/bigbuy.tupique.com\/pt\/wp-json\/wp\/v2\/product_brand?post=42665"},{"taxonomy":"product_cat","embeddable":true,"href":"https:\/\/bigbuy.tupique.com\/pt\/wp-json\/wp\/v2\/product_cat?post=42665"},{"taxonomy":"product_tag","embeddable":true,"href":"https:\/\/bigbuy.tupique.com\/pt\/wp-json\/wp\/v2\/product_tag?post=42665"}],"curies":[{"name":"wp","href":"https:\/\/api.w.org\/{rel}","templated":true}]}}