{"id":42438,"date":"2026-03-30T15:04:28","date_gmt":"2026-03-30T14:04:28","guid":{"rendered":"https:\/\/bigbuy.tupique.com\/produto\/tablet-apple-ipad-11-256-gb-pink-m4\/"},"modified":"2026-05-11T19:55:33","modified_gmt":"2026-05-11T17:55:33","slug":"tablet-apple-ipad-11-256-gb-pink-m4","status":"publish","type":"product","link":"https:\/\/bigbuy.tupique.com\/pt\/produto\/tablet-apple-ipad-11-256-gb-pink-m4\/","title":{"rendered":"Tablette Apple iPad 11&#8243; 256 GB Rose M4"},"content":{"rendered":"<p>Si vous \u00eates passionn\u00e9 d&#8217;<b>informatique et d&#8217;\u00e9lectronique<\/b>, si vous \u00eates \u00e0 la pointe de la technologie et qu&#8217;aucun d\u00e9tail ne vous \u00e9chappe, achetez <b>Tablette Apple iPad 11&#8243; 256 GB Rose M4<\/b> au meilleur prix.<\/p>\n<p>L\u2019<b>iPad<\/b> d\u2019Apple est une <b>tablette<\/b> polyvalente qui se distingue par son \u00e9quilibre entre puissance, design et fonctionnalit\u00e9, id\u00e9ale aussi bien pour le divertissement multim\u00e9dia que pour la productivit\u00e9 au quotidien. Ce mod\u00e8le pr\u00e9sente un \u00e9l\u00e9gant bo\u00eetier en <b>aluminium<\/b> de couleur <b>rose<\/b>, apportant une touche moderne et distinctive \u00e0 la gamme de tablettes. Il int\u00e8gre un <b>\u00e9cran de 11 pouces<\/b>, offrant une excellente qualit\u00e9 d\u2019affichage, parfaite pour regarder des s\u00e9ries, des films, naviguer sur Internet ou travailler avec des applications cr\u00e9atives. Sa <b>capacit\u00e9 de stockage interne de 256 Go<\/b> permet de conserver de nombreux documents, photos, vid\u00e9os ou applications sans se soucier de l\u2019espace disponible. Il dispose d\u2019un <b>appareil photo arri\u00e8re de 12 m\u00e9gapixels<\/b> pour des prises de vue nettes et d\u00e9taill\u00e9es, ainsi que d\u2019une <b>cam\u00e9ra frontale<\/b> id\u00e9ale pour les appels vid\u00e9o, selfies et r\u00e9unions virtuelles, facilitant la communication o\u00f9 que vous soyez. La pr\u00e9sence d\u2019un <b>capteur de lumi\u00e8re ambiante<\/b> assure un confort visuel optimal en adaptant la luminosit\u00e9 de l\u2019\u00e9cran \u00e0 l\u2019environnement, tandis que les fonctions <b>flash<\/b> et HDR permettent d\u2019obtenir des images \u00e9quilibr\u00e9es m\u00eame dans des conditions d\u2019\u00e9clairage complexes. Son syst\u00e8me d\u2019exploitation garantit une int\u00e9gration totale \u00e0 l\u2019\u00e9cosyst\u00e8me Apple, permettant l\u2019utilisation d\u2019accessoires comme l\u2019Apple Pencil et des claviers externes pour le dessin ou la saisie avanc\u00e9e. Cet iPad est une solution avanc\u00e9e pour ceux qui recherchent un appareil fiable, rapide et au design soign\u00e9, pr\u00eat \u00e0 r\u00e9pondre aussi bien aux besoins de loisirs qu\u2019aux exigences professionnelles actuelles.<\/p>\n<ul>\n<li>Type:\n<ul>\n<li>Tablette<\/li>\n<li>iPad<\/li>\n<li>Flash<\/li>\n<\/ul>\n<\/li>\n<li>Type de prise: Prise EU<\/li>\n<li>Produit \u00e0 brancher: Oui<\/li>\n<li>Connectivit\u00e9:\n<ul>\n<li>Wi-Fi<\/li>\n<li>Bluetooth<\/li>\n<li>GPS<\/li>\n<li>Wi-Fi 6 GHz<\/li>\n<li>Bluetooth 5.3<\/li>\n<\/ul>\n<\/li>\n<li>Couleur:\n<ul>\n<li>Ros\u00e9<\/li>\n<li>Rose<\/li>\n<\/ul>\n<\/li>\n<li>Formats: AAC<\/li>\n<li>Caract\u00e9ristiques:\n<ul>\n<li>Capteur de lumi\u00e8re ambiante<\/li>\n<li>Contr\u00f4le vocal<\/li>\n<li>Wi-Fi<\/li>\n<li>Cam\u00e9ra frontale<\/li>\n<li>Microphone int\u00e9gr\u00e9<\/li>\n<li>Autofocus<\/li>\n<li>Pile incluse<\/li>\n<li>Stabilisateur d&#8217;image<\/li>\n<li>2 Haut-parleurs<\/li>\n<li>Lecteur d&#8217;empreintes<\/li>\n<li>Boussole \u00e9lectronique<\/li>\n<li>\u00c9cran avec coins arrondis<\/li>\n<\/ul>\n<\/li>\n<li>Profondeur: 7 mm<\/li>\n<li>Bloc d\u2019Alimentation:\n<ul>\n<li>r\u00e9seau \u00e9lectrique<\/li>\n<li>USB<\/li>\n<\/ul>\n<\/li>\n<li>Noyaux:\n<ul>\n<li>1<\/li>\n<li>16 Noyaux<\/li>\n<\/ul>\n<\/li>\n<li>Plate-forme: iOS<\/li>\n<li>Dimensions approx.: 20 x 5 x 27 cm<\/li>\n<li>M\u00e9moire interne: 256 GB<\/li>\n<li>Connexions:\n<ul>\n<li>USB-C<\/li>\n<li>USB-C 2.0<\/li>\n<\/ul>\n<\/li>\n<li>Cam\u00e9ra\/Appareil Photo:\n<ul>\n<li>12 mpx<\/li>\n<li>12 MP<\/li>\n<li>Arri\u00e8re<\/li>\n<\/ul>\n<\/li>\n<li>Syst\u00e8me d&#8217;exploitation:\n<ul>\n<li>iPadOS<\/li>\n<li>iOS<\/li>\n<\/ul>\n<\/li>\n<li>Capacit\u00e9 de la batterie: 8500 mAh<\/li>\n<li>Ecran: 11&#8243;<\/li>\n<li>Mati\u00e8re: Aluminium<\/li>\n<li>Fonctions:\n<ul>\n<li>Barom\u00e8tre<\/li>\n<li>Acc\u00e9l\u00e9rom\u00e8tre<\/li>\n<li>G\u00e9olocalisation<\/li>\n<\/ul>\n<\/li>\n<li>Classification \u00e9nerg\u00e9tique: G<\/li>\n<li>Ouverture: F\/1,8<\/li>\n<li>Technologie:\n<ul>\n<li>LED<\/li>\n<li>IPS<\/li>\n<li>Mime<\/li>\n<li>Capacitive<\/li>\n<\/ul>\n<\/li>\n<li>Brille: 500 cd\/m2<\/li>\n<li>Inclut: Rose<\/li>\n<li>Non Inclus:\n<ul>\n<li>Adaptateur AC<\/li>\n<li>Connexion au r\u00e9seau mobile<\/li>\n<\/ul>\n<\/li>\n<li>Certificat: Certification ENERGY STAR<\/li>\n<li>Compatible: iPadOS<\/li>\n<li>Type de batterie: Litio Ion<\/li>\n<li>R\u00e9solution: 2360 x 1640 px<\/li>\n<li>R\u00e9solution (px):\n<ul>\n<li>3840 x 2160 px<\/li>\n<li>2160 px<\/li>\n<\/ul>\n<\/li>\n<li>Diagonale de l&#8217;\u00e9cran (cm): 27,9 cm<\/li>\n<li>Autonomie approx.: 10 heures<\/li>\n<li>Type de stockage: Flash<\/li>\n<li>Processeur: M4<\/li>\n<\/ul>","protected":false},"excerpt":{"rendered":"<p>Si vous \u00eates passionn\u00e9 d&#8217;informatique et d&#8217;\u00e9lectronique, si vous \u00eates \u00e0 la pointe de la technologie et qu&#8217;aucun d\u00e9tail ne vous \u00e9chappe, achetez Tablette Apple iPad 11&#8243; 256 GB Rose M4 au meilleur prix. L\u2019iPad d\u2019Apple est une tablette polyvalente qui se distingue par son \u00e9quilibre entre puissance, design et fonctionnalit\u00e9, id\u00e9ale aussi bien pour [&hellip;]<\/p>\n","protected":false},"featured_media":42416,"comment_status":"open","ping_status":"closed","template":"","meta":[],"product_brand":[979],"product_cat":[575,65,1052],"product_tag":[566,106],"class_list":{"0":"post-42438","1":"product","2":"type-product","3":"status-publish","4":"has-post-thumbnail","6":"product_brand-brandp_533","7":"product_cat-electronique-telephonie-et-tablettes","8":"product_cat-informatique-electronique","9":"product_cat-tablettes","10":"product_tag-tag_547","11":"product_tag-tag_1295","13":"first","14":"instock","15":"taxable","16":"shipping-taxable","17":"purchasable","18":"product-type-simple"},"_links":{"self":[{"href":"https:\/\/bigbuy.tupique.com\/pt\/wp-json\/wp\/v2\/product\/42438","targetHints":{"allow":["GET"]}}],"collection":[{"href":"https:\/\/bigbuy.tupique.com\/pt\/wp-json\/wp\/v2\/product"}],"about":[{"href":"https:\/\/bigbuy.tupique.com\/pt\/wp-json\/wp\/v2\/types\/product"}],"replies":[{"embeddable":true,"href":"https:\/\/bigbuy.tupique.com\/pt\/wp-json\/wp\/v2\/comments?post=42438"}],"wp:featuredmedia":[{"embeddable":true,"href":"https:\/\/bigbuy.tupique.com\/pt\/wp-json\/wp\/v2\/media\/42416"}],"wp:attachment":[{"href":"https:\/\/bigbuy.tupique.com\/pt\/wp-json\/wp\/v2\/media?parent=42438"}],"wp:term":[{"taxonomy":"product_brand","embeddable":true,"href":"https:\/\/bigbuy.tupique.com\/pt\/wp-json\/wp\/v2\/product_brand?post=42438"},{"taxonomy":"product_cat","embeddable":true,"href":"https:\/\/bigbuy.tupique.com\/pt\/wp-json\/wp\/v2\/product_cat?post=42438"},{"taxonomy":"product_tag","embeddable":true,"href":"https:\/\/bigbuy.tupique.com\/pt\/wp-json\/wp\/v2\/product_tag?post=42438"}],"curies":[{"name":"wp","href":"https:\/\/api.w.org\/{rel}","templated":true}]}}