{"id":42413,"date":"2026-03-30T15:03:23","date_gmt":"2026-03-30T14:03:23","guid":{"rendered":"https:\/\/bigbuy.tupique.com\/produto\/processor-amd-amd-am5-2\/"},"modified":"2026-04-16T15:35:32","modified_gmt":"2026-04-16T14:35:32","slug":"processor-amd-amd-am5-2","status":"publish","type":"product","link":"https:\/\/bigbuy.tupique.com\/pt\/produto\/processor-amd-amd-am5-2\/","title":{"rendered":"Processeur AMD AMD AM5"},"content":{"rendered":"<p>Si vous \u00eates passionn\u00e9 d&#8217;<b>informatique et d&#8217;\u00e9lectronique<\/b>, si vous \u00eates \u00e0 la pointe de la technologie et qu&#8217;aucun d\u00e9tail ne vous \u00e9chappe, achetez <b>Processeur AMD AMD AM5<\/b> au meilleur prix.<\/p>\n<ul>\n<li>Type de m\u00e9moire: DDR5 SDRAM<\/li>\n<li>Vitesse de m\u00e9moire support\u00e9e:\n<ul>\n<li>3600 mhz<\/li>\n<li>5200 mhz<\/li>\n<\/ul>\n<\/li>\n<li>Non inclut:\n<ul>\n<li>Dissipateur<\/li>\n<li>Adaptateur graphique discret<\/li>\n<\/ul>\n<\/li>\n<li>Compatible: pci express 4.0<\/li>\n<li>Nombre de fils: 16<\/li>\n<li>vitesse:\n<ul>\n<li>5,1 GHZ<\/li>\n<li>4,2 GHz<\/li>\n<li>3600 MHz<\/li>\n<\/ul>\n<\/li>\n<li>Famille de processeurs:\n<ul>\n<li>AMD Ryzen 7<\/li>\n<li>AMD Ryzen 5<\/li>\n<li>AMD<\/li>\n<\/ul>\n<\/li>\n<li>Socket: AMD AM5<\/li>\n<li>Noyaux: 8 Noyaux<\/li>\n<li>Cache:\n<ul>\n<li>L3<\/li>\n<li>16 MB<\/li>\n<\/ul>\n<\/li>\n<li>Caract\u00e9ristiques: Adaptateur graphique int\u00e9gr\u00e9<\/li>\n<li>Utilisation recommand\u00e9e: PC de bureau<\/li>\n<li>puissance:\n<ul>\n<li>65 W<\/li>\n<li>45 W<\/li>\n<\/ul>\n<\/li>\n<li>Cha\u00eenes: 2<\/li>\n<li>Couleur:\n<ul>\n<li>Noir<\/li>\n<li>Gris<\/li>\n<\/ul>\n<\/li>\n<li>Plate-forme: Windows<\/li>\n<li>Version: 4.0<\/li>\n<li>Fr\u00e9quence: 5,1 GHz<\/li>\n<li>Contr\u00f4leur graphique: AMD RADEON 780M<\/li>\n<\/ul>","protected":false},"excerpt":{"rendered":"<p>Si vous \u00eates passionn\u00e9 d&#8217;informatique et d&#8217;\u00e9lectronique, si vous \u00eates \u00e0 la pointe de la technologie et qu&#8217;aucun d\u00e9tail ne vous \u00e9chappe, achetez Processeur AMD AMD AM5 au meilleur prix. Type de m\u00e9moire: DDR5 SDRAM Vitesse de m\u00e9moire support\u00e9e: 3600 mhz 5200 mhz Non inclut: Dissipateur Adaptateur graphique discret Compatible: pci express 4.0 Nombre de [&hellip;]<\/p>\n","protected":false},"featured_media":42409,"comment_status":"open","ping_status":"closed","template":"","meta":[],"product_brand":[801],"product_cat":[65,584,743],"product_tag":[59,106],"class_list":{"0":"post-42413","1":"product","2":"type-product","3":"status-publish","4":"has-post-thumbnail","6":"product_brand-brandp_531","7":"product_cat-informatique-electronique","8":"product_cat-informatique-reseaux-et-composants","9":"product_cat-processeurs","10":"product_tag-tag_1304","11":"product_tag-tag_1295","13":"first","14":"instock","15":"taxable","16":"shipping-taxable","17":"purchasable","18":"product-type-simple"},"_links":{"self":[{"href":"https:\/\/bigbuy.tupique.com\/pt\/wp-json\/wp\/v2\/product\/42413","targetHints":{"allow":["GET"]}}],"collection":[{"href":"https:\/\/bigbuy.tupique.com\/pt\/wp-json\/wp\/v2\/product"}],"about":[{"href":"https:\/\/bigbuy.tupique.com\/pt\/wp-json\/wp\/v2\/types\/product"}],"replies":[{"embeddable":true,"href":"https:\/\/bigbuy.tupique.com\/pt\/wp-json\/wp\/v2\/comments?post=42413"}],"wp:featuredmedia":[{"embeddable":true,"href":"https:\/\/bigbuy.tupique.com\/pt\/wp-json\/wp\/v2\/media\/42409"}],"wp:attachment":[{"href":"https:\/\/bigbuy.tupique.com\/pt\/wp-json\/wp\/v2\/media?parent=42413"}],"wp:term":[{"taxonomy":"product_brand","embeddable":true,"href":"https:\/\/bigbuy.tupique.com\/pt\/wp-json\/wp\/v2\/product_brand?post=42413"},{"taxonomy":"product_cat","embeddable":true,"href":"https:\/\/bigbuy.tupique.com\/pt\/wp-json\/wp\/v2\/product_cat?post=42413"},{"taxonomy":"product_tag","embeddable":true,"href":"https:\/\/bigbuy.tupique.com\/pt\/wp-json\/wp\/v2\/product_tag?post=42413"}],"curies":[{"name":"wp","href":"https:\/\/api.w.org\/{rel}","templated":true}]}}