{"id":42019,"date":"2026-03-30T14:27:52","date_gmt":"2026-03-30T13:27:52","guid":{"rendered":"https:\/\/bigbuy.tupique.com\/produto\/webcam-poly-b22x4aaac3\/"},"modified":"2026-04-16T09:17:15","modified_gmt":"2026-04-16T08:17:15","slug":"webcam-poly-b22x4aaac3","status":"publish","type":"product","link":"https:\/\/bigbuy.tupique.com\/pt\/produto\/webcam-poly-b22x4aaac3\/","title":{"rendered":"Webcam Poly B22X4AA#AC3"},"content":{"rendered":"<p>Si vous \u00eates \u00e0 la recherche de nouvelles tendances sur le march\u00e9, nous vous pr\u00e9sentons <b>Webcam Poly B22X4AA#AC3<\/b> !<\/p>\n<ul>\n<li>Type: Webcam<\/li>\n<\/ul>","protected":false},"excerpt":{"rendered":"<p>Si vous \u00eates \u00e0 la recherche de nouvelles tendances sur le march\u00e9, nous vous pr\u00e9sentons Webcam Poly B22X4AA#AC3 ! Type: Webcam<\/p>","protected":false},"featured_media":42015,"comment_status":"open","ping_status":"closed","template":"","meta":[],"product_brand":[1002],"product_cat":[65,581,607],"product_tag":[213,106],"class_list":{"0":"post-42019","1":"product","2":"type-product","3":"status-publish","4":"has-post-thumbnail","6":"product_brand-brandp_4768","7":"product_cat-informatique-electronique","8":"product_cat-informatique-peripheriques-et-consommables","9":"product_cat-webcam","10":"product_tag-tag_933","11":"product_tag-tag_1295","13":"first","14":"instock","15":"taxable","16":"shipping-taxable","17":"purchasable","18":"product-type-simple"},"_links":{"self":[{"href":"https:\/\/bigbuy.tupique.com\/pt\/wp-json\/wp\/v2\/product\/42019","targetHints":{"allow":["GET"]}}],"collection":[{"href":"https:\/\/bigbuy.tupique.com\/pt\/wp-json\/wp\/v2\/product"}],"about":[{"href":"https:\/\/bigbuy.tupique.com\/pt\/wp-json\/wp\/v2\/types\/product"}],"replies":[{"embeddable":true,"href":"https:\/\/bigbuy.tupique.com\/pt\/wp-json\/wp\/v2\/comments?post=42019"}],"wp:featuredmedia":[{"embeddable":true,"href":"https:\/\/bigbuy.tupique.com\/pt\/wp-json\/wp\/v2\/media\/42015"}],"wp:attachment":[{"href":"https:\/\/bigbuy.tupique.com\/pt\/wp-json\/wp\/v2\/media?parent=42019"}],"wp:term":[{"taxonomy":"product_brand","embeddable":true,"href":"https:\/\/bigbuy.tupique.com\/pt\/wp-json\/wp\/v2\/product_brand?post=42019"},{"taxonomy":"product_cat","embeddable":true,"href":"https:\/\/bigbuy.tupique.com\/pt\/wp-json\/wp\/v2\/product_cat?post=42019"},{"taxonomy":"product_tag","embeddable":true,"href":"https:\/\/bigbuy.tupique.com\/pt\/wp-json\/wp\/v2\/product_tag?post=42019"}],"curies":[{"name":"wp","href":"https:\/\/api.w.org\/{rel}","templated":true}]}}