{"id":42014,"date":"2026-03-30T14:27:43","date_gmt":"2026-03-30T13:27:43","guid":{"rendered":"https:\/\/bigbuy.tupique.com\/produto\/usb-hub-startech-dk30c2dpeprue-grey\/"},"modified":"2026-04-15T06:26:45","modified_gmt":"2026-04-15T05:26:45","slug":"usb-hub-startech-dk30c2dpeprue-grey","status":"publish","type":"product","link":"https:\/\/bigbuy.tupique.com\/pt\/produto\/usb-hub-startech-dk30c2dpeprue-grey\/","title":{"rendered":"Hub USB Startech DK30C2DPEPRUE Gris"},"content":{"rendered":"<p>Si vous \u00eates passionn\u00e9 d&#8217;<b>informatique et d&#8217;\u00e9lectronique<\/b>, si vous \u00eates \u00e0 la pointe de la technologie et qu&#8217;aucun d\u00e9tail ne vous \u00e9chappe, achetez <b>Hub USB Startech DK30C2DPEPRUE Gris<\/b> au meilleur prix.<\/p>\n<ul>\n<li>Type:\n<ul>\n<li>Hub USB<\/li>\n<li>Avec fil<\/li>\n<\/ul>\n<\/li>\n<li>Couleur: Gris<\/li>\n<li>Connexions:\n<ul>\n<li>USB-C<\/li>\n<li>USB 2.0<\/li>\n<li>RJ45<\/li>\n<li>USB x 2<\/li>\n<li>DisplayPort<\/li>\n<li>USB-C 3.2 Gen 1 (3.1 Gen 1) x 2<\/li>\n<li>HDMI x 2<\/li>\n<li>USB-C x 1<\/li>\n<li>USB x 7<\/li>\n<\/ul>\n<\/li>\n<li>R\u00e9solution: 4K Ultra HD<\/li>\n<li>vitesse: 10 Gbit\/s<\/li>\n<li>Bloc d\u2019Alimentation: CC<\/li>\n<li>Tension: 100-240 V<\/li>\n<li>Tension de sortie: 20 V<\/li>\n<li>R\u00e9solution (px): 3840 x 2160 px<\/li>\n<li>Ports: 7<\/li>\n<\/ul>","protected":false},"excerpt":{"rendered":"<p>Si vous \u00eates passionn\u00e9 d&#8217;informatique et d&#8217;\u00e9lectronique, si vous \u00eates \u00e0 la pointe de la technologie et qu&#8217;aucun d\u00e9tail ne vous \u00e9chappe, achetez Hub USB Startech DK30C2DPEPRUE Gris au meilleur prix. Type: Hub USB Avec fil Couleur: Gris Connexions: USB-C USB 2.0 RJ45 USB x 2 DisplayPort USB-C 3.2 Gen 1 (3.1 Gen 1) x [&hellip;]<\/p>\n","protected":false},"featured_media":42004,"comment_status":"open","ping_status":"closed","template":"","meta":[],"product_brand":[634],"product_cat":[611,65,584],"product_tag":[106],"class_list":{"0":"post-42014","1":"product","2":"type-product","3":"status-publish","4":"has-post-thumbnail","6":"product_brand-brandp_4771","7":"product_cat-hub-usb","8":"product_cat-informatique-electronique","9":"product_cat-informatique-reseaux-et-composants","10":"product_tag-tag_1295","12":"first","13":"instock","14":"taxable","15":"shipping-taxable","16":"purchasable","17":"product-type-simple"},"_links":{"self":[{"href":"https:\/\/bigbuy.tupique.com\/pt\/wp-json\/wp\/v2\/product\/42014","targetHints":{"allow":["GET"]}}],"collection":[{"href":"https:\/\/bigbuy.tupique.com\/pt\/wp-json\/wp\/v2\/product"}],"about":[{"href":"https:\/\/bigbuy.tupique.com\/pt\/wp-json\/wp\/v2\/types\/product"}],"replies":[{"embeddable":true,"href":"https:\/\/bigbuy.tupique.com\/pt\/wp-json\/wp\/v2\/comments?post=42014"}],"wp:featuredmedia":[{"embeddable":true,"href":"https:\/\/bigbuy.tupique.com\/pt\/wp-json\/wp\/v2\/media\/42004"}],"wp:attachment":[{"href":"https:\/\/bigbuy.tupique.com\/pt\/wp-json\/wp\/v2\/media?parent=42014"}],"wp:term":[{"taxonomy":"product_brand","embeddable":true,"href":"https:\/\/bigbuy.tupique.com\/pt\/wp-json\/wp\/v2\/product_brand?post=42014"},{"taxonomy":"product_cat","embeddable":true,"href":"https:\/\/bigbuy.tupique.com\/pt\/wp-json\/wp\/v2\/product_cat?post=42014"},{"taxonomy":"product_tag","embeddable":true,"href":"https:\/\/bigbuy.tupique.com\/pt\/wp-json\/wp\/v2\/product_tag?post=42014"}],"curies":[{"name":"wp","href":"https:\/\/api.w.org\/{rel}","templated":true}]}}