{"id":41815,"date":"2026-03-30T14:15:09","date_gmt":"2026-03-30T13:15:09","guid":{"rendered":"https:\/\/bigbuy.tupique.com\/produto\/pyrolytic-oven-aeg-te8pb731ab-71-l-3400-w\/"},"modified":"2026-04-15T06:25:42","modified_gmt":"2026-04-15T05:25:42","slug":"pyrolytic-oven-aeg-te8pb731ab-71-l-3400-w","status":"publish","type":"product","link":"https:\/\/bigbuy.tupique.com\/pt\/produto\/pyrolytic-oven-aeg-te8pb731ab-71-l-3400-w\/","title":{"rendered":"Four \u00e0 pyrolyse AEG TE8PB731AB 71 L 3400 W"},"content":{"rendered":"<p>Si vous \u00eates \u00e0 la recherche de nouvelles tendances sur le march\u00e9, nous vous pr\u00e9sentons <b>Four \u00e0 pyrolyse AEG TE8PB731AB 71 L 3400 W<\/b> !<\/p>\n<p>Le <b>four pyrolyse<\/b> <b>AEG<\/b> est une solution avanc\u00e9e et efficace pour la cuisine moderne, int\u00e9grant des technologies con\u00e7ues pour faciliter l\u2019utilisation quotidienne et am\u00e9liorer les r\u00e9sultats culinaires. Cet appareil \u00e9lectrom\u00e9nager, avec sa finition \u00e9l\u00e9gante en <b>noir<\/b>, se distingue par sa <b>classe \u00e9nerg\u00e9tique A++<\/b> \u00e9lev\u00e9e, optimisant la consommation et contribuant \u00e0 un environnement domestique plus durable. Il offre une grande <b>capacit\u00e9 int\u00e9rieure de 71 litres<\/b>, adapt\u00e9e aussi bien aux familles qu\u2019aux amateurs de plats \u00e9labor\u00e9s ou en grande quantit\u00e9. Gr\u00e2ce \u00e0 sa <b>puissance de 3400 W<\/b>, il garantit une cuisson rapide et homog\u00e8ne, permettant de pr\u00e9parer diverses recettes avec des r\u00e9sultats constants. Le <b>syst\u00e8me pyrolyse<\/b> \u00e9limine les salissures par des temp\u00e9ratures \u00e9lev\u00e9es, facilitant le nettoyage automatique de l\u2019int\u00e9rieur et r\u00e9duisant l\u2019entretien n\u00e9cessaire. Parmi ses fonctions pratiques, il int\u00e8gre un <b>programmateur horaire<\/b> et un <b>minuteur<\/b> pour une gestion pr\u00e9cise des temps de cuisson, tandis que le <b>contr\u00f4le tactile<\/b> offre une exp\u00e9rience d\u2019utilisation intuitive et moderne. Ce four est <b>encastrable<\/b>, id\u00e9al pour s\u2019int\u00e9grer dans le mobilier de cuisine et obtenir un ensemble esth\u00e9tique et fonctionnel. Il fonctionne sur <b>secteur<\/b> et dispose d\u2019un <b>\u00e9clairage int\u00e9rieur<\/b> pour une visibilit\u00e9 optimale des aliments pendant toute la cuisson. En r\u00e9sum\u00e9, ce four pyrolyse AEG est con\u00e7u pour ceux qui recherchent efficacit\u00e9, technologie et confort dans leur espace culinaire, se positionnant comme un choix fiable dans l\u2019\u00e9quipement de cuisine hautes performances.<\/p>\n<ul>\n<li>Type de four:\n<ul>\n<li>Four<\/li>\n<li>Four \u00e0 pyrolyse<\/li>\n<\/ul>\n<\/li>\n<li>Produit \u00e0 brancher: Oui<\/li>\n<li>Type de prise: Prise EU<\/li>\n<li>Caract\u00e9ristiques: Commande tactile<\/li>\n<li>Classification \u00e9nerg\u00e9tique: A++<\/li>\n<li>Capacit\u00e9: 71 L<\/li>\n<li>Couleur: Noir<\/li>\n<li>Fonctions:\n<ul>\n<li>Montre<\/li>\n<li>Minuterie<\/li>\n<li>Auto-nettoyant<\/li>\n<li>Four multifonction<\/li>\n<li>Programmes automatiques<\/li>\n<\/ul>\n<\/li>\n<li>Type d&#8217;installation: Int\u00e9grable<\/li>\n<li>Bloc d\u2019Alimentation: r\u00e9seau \u00e9lectrique<\/li>\n<li>puissance: 3400 W<\/li>\n<li>Grill: Oui<\/li>\n<li>Auto-nettoyant: Oui<\/li>\n<li>Temp\u00e9rature max.: 300 \u00baC<\/li>\n<li>\u00c9lev\u00e9: 59,5 cm<\/li>\n<li>Connectivit\u00e9: No<\/li>\n<li>Dimensions du trou d\u2019installation: 600 x 560 x 550 mm<\/li>\n<\/ul>","protected":false},"excerpt":{"rendered":"<p><span class=\"unit-info\">10.9858 &euro; \/ 1 l<\/span><\/p>","protected":false},"featured_media":63622,"comment_status":"open","ping_status":"closed","template":"","meta":[],"product_brand":[1386],"product_cat":[60,747,77],"product_tag":[55],"class_list":{"0":"post-41815","1":"product","2":"type-product","3":"status-publish","4":"has-post-thumbnail","6":"product_brand-brandp_679","7":"product_cat-cuisine-gourmet","8":"product_cat-fours","9":"product_cat-petit-electromenager","10":"product_tag-tag_926","12":"first","13":"instock","14":"taxable","15":"shipping-taxable","16":"purchasable","17":"product-type-simple"},"_links":{"self":[{"href":"https:\/\/bigbuy.tupique.com\/pt\/wp-json\/wp\/v2\/product\/41815","targetHints":{"allow":["GET"]}}],"collection":[{"href":"https:\/\/bigbuy.tupique.com\/pt\/wp-json\/wp\/v2\/product"}],"about":[{"href":"https:\/\/bigbuy.tupique.com\/pt\/wp-json\/wp\/v2\/types\/product"}],"replies":[{"embeddable":true,"href":"https:\/\/bigbuy.tupique.com\/pt\/wp-json\/wp\/v2\/comments?post=41815"}],"wp:featuredmedia":[{"embeddable":true,"href":"https:\/\/bigbuy.tupique.com\/pt\/wp-json\/wp\/v2\/media\/63622"}],"wp:attachment":[{"href":"https:\/\/bigbuy.tupique.com\/pt\/wp-json\/wp\/v2\/media?parent=41815"}],"wp:term":[{"taxonomy":"product_brand","embeddable":true,"href":"https:\/\/bigbuy.tupique.com\/pt\/wp-json\/wp\/v2\/product_brand?post=41815"},{"taxonomy":"product_cat","embeddable":true,"href":"https:\/\/bigbuy.tupique.com\/pt\/wp-json\/wp\/v2\/product_cat?post=41815"},{"taxonomy":"product_tag","embeddable":true,"href":"https:\/\/bigbuy.tupique.com\/pt\/wp-json\/wp\/v2\/product_tag?post=41815"}],"curies":[{"name":"wp","href":"https:\/\/api.w.org\/{rel}","templated":true}]}}