{"id":41799,"date":"2026-03-30T14:14:37","date_gmt":"2026-03-30T13:14:37","guid":{"rendered":"https:\/\/bigbuy.tupique.com\/produto\/usb-hub-hp-9x472utabb-grey-100-w\/"},"modified":"2026-04-16T16:37:27","modified_gmt":"2026-04-16T15:37:27","slug":"usb-hub-hp-9x472utabb-grey-100-w","status":"publish","type":"product","link":"https:\/\/bigbuy.tupique.com\/pt\/produto\/usb-hub-hp-9x472utabb-grey-100-w\/","title":{"rendered":"Hub USB HP 9X472UT#ABB Gris 100 W"},"content":{"rendered":"<p>Si vous \u00eates \u00e0 la recherche de nouvelles tendances sur le march\u00e9, nous vous pr\u00e9sentons <b>Hub USB HP 9X472UT#ABB Gris 100 W<\/b> !<\/p>\n<ul>\n<li>Type: Hub USB<\/li>\n<li>Couleur: Gris<\/li>\n<li>Connexions:\n<ul>\n<li>HDMI<\/li>\n<li>USB<\/li>\n<li>RJ45<\/li>\n<li>DisplayPort x 2<\/li>\n<li>Ethernet LAN<\/li>\n<li>HDMI 2.1 x 1<\/li>\n<li>USB-C 3.2 Gen 2 (3.1 Gen 2)<\/li>\n<li>DisplayPort 1.4<\/li>\n<li>USB-A 3.2<\/li>\n<\/ul>\n<\/li>\n<li>puissance: 100 W<\/li>\n<li>Bloc d\u2019Alimentation:\n<ul>\n<li>Avec fil<\/li>\n<li>120 V<\/li>\n<\/ul>\n<\/li>\n<li>Compatible: macOS<\/li>\n<li>Plage d&#8217;humidit\u00e9 de travail: 10 % &#8211; 90 %<\/li>\n<li>vitesse: 10\/100\/1000\/2500 Mbps<\/li>\n<li>Inclut: Thunderbolt<\/li>\n<li>Utilisation recommand\u00e9e: Professionnel<\/li>\n<li>Largeur: 12,1 cm<\/li>\n<\/ul>","protected":false},"excerpt":{"rendered":"<p>Si vous \u00eates \u00e0 la recherche de nouvelles tendances sur le march\u00e9, nous vous pr\u00e9sentons Hub USB HP 9X472UT#ABB Gris 100 W ! Type: Hub USB Couleur: Gris Connexions: HDMI USB RJ45 DisplayPort x 2 Ethernet LAN HDMI 2.1 x 1 USB-C 3.2 Gen 2 (3.1 Gen 2) DisplayPort 1.4 USB-A 3.2 puissance: 100 W [&hellip;]<\/p>\n","protected":false},"featured_media":41787,"comment_status":"open","ping_status":"closed","template":"","meta":[],"product_brand":[630],"product_cat":[611,65,584],"product_tag":[106],"class_list":{"0":"post-41799","1":"product","2":"type-product","3":"status-publish","4":"has-post-thumbnail","6":"product_brand-brandp_909","7":"product_cat-hub-usb","8":"product_cat-informatique-electronique","9":"product_cat-informatique-reseaux-et-composants","10":"product_tag-tag_1295","12":"first","13":"instock","14":"taxable","15":"shipping-taxable","16":"purchasable","17":"product-type-simple"},"_links":{"self":[{"href":"https:\/\/bigbuy.tupique.com\/pt\/wp-json\/wp\/v2\/product\/41799","targetHints":{"allow":["GET"]}}],"collection":[{"href":"https:\/\/bigbuy.tupique.com\/pt\/wp-json\/wp\/v2\/product"}],"about":[{"href":"https:\/\/bigbuy.tupique.com\/pt\/wp-json\/wp\/v2\/types\/product"}],"replies":[{"embeddable":true,"href":"https:\/\/bigbuy.tupique.com\/pt\/wp-json\/wp\/v2\/comments?post=41799"}],"wp:featuredmedia":[{"embeddable":true,"href":"https:\/\/bigbuy.tupique.com\/pt\/wp-json\/wp\/v2\/media\/41787"}],"wp:attachment":[{"href":"https:\/\/bigbuy.tupique.com\/pt\/wp-json\/wp\/v2\/media?parent=41799"}],"wp:term":[{"taxonomy":"product_brand","embeddable":true,"href":"https:\/\/bigbuy.tupique.com\/pt\/wp-json\/wp\/v2\/product_brand?post=41799"},{"taxonomy":"product_cat","embeddable":true,"href":"https:\/\/bigbuy.tupique.com\/pt\/wp-json\/wp\/v2\/product_cat?post=41799"},{"taxonomy":"product_tag","embeddable":true,"href":"https:\/\/bigbuy.tupique.com\/pt\/wp-json\/wp\/v2\/product_tag?post=41799"}],"curies":[{"name":"wp","href":"https:\/\/api.w.org\/{rel}","templated":true}]}}