{"id":41731,"date":"2026-03-30T14:12:06","date_gmt":"2026-03-30T13:12:06","guid":{"rendered":"https:\/\/bigbuy.tupique.com\/produto\/headphones-gn-audio-9655-553-111-black\/"},"modified":"2026-04-16T09:17:14","modified_gmt":"2026-04-16T08:17:14","slug":"headphones-gn-audio-9655-553-111-black","status":"publish","type":"product","link":"https:\/\/bigbuy.tupique.com\/pt\/produto\/headphones-gn-audio-9655-553-111-black\/","title":{"rendered":"Casque GN Audio 9655-553-111 Noir"},"content":{"rendered":"<p>Si vous \u00eates \u00e0 la recherche de nouvelles tendances sur le march\u00e9, nous vous pr\u00e9sentons <b>Casque GN Audio 9655-553-111 Noir<\/b> !<\/p>\n<ul>\n<li>Type:\n<ul>\n<li>Casque<\/li>\n<li>\u00c9couteur<\/li>\n<li>Sans fil<\/li>\n<li>Casques avec Microphone<\/li>\n<\/ul>\n<\/li>\n<li>Couleur: Noir<\/li>\n<li>Caract\u00e9ristiques:\n<ul>\n<li>Batterie int\u00e9gr\u00e9e<\/li>\n<li>Sans fil<\/li>\n<\/ul>\n<\/li>\n<li>Type de batterie: Litio Ion<\/li>\n<li>Type de commande: Boutons<\/li>\n<li>Port\u00e9e: 150 m<\/li>\n<li>Utilisation recommand\u00e9e: Bureau\/Centre d&#8217;appels<\/li>\n<li>Connexions: USB<\/li>\n<li>Type de casque: Internet intra-auriculaires<\/li>\n<li>Autonomie approx.: 9 heures<\/li>\n<li>Temps de charge approx.: 1,5 heures<\/li>\n<li>Contr\u00f4le: Boutons<\/li>\n<li>Batterie: Oui<\/li>\n<li>Non Inclus: Adaptateur AC<\/li>\n<li>Fr\u00e9quence: 100 &#8211; 10000 Hz<\/li>\n<\/ul>","protected":false},"excerpt":{"rendered":"<p>Si vous \u00eates \u00e0 la recherche de nouvelles tendances sur le march\u00e9, nous vous pr\u00e9sentons Casque GN Audio 9655-553-111 Noir ! Type: Casque \u00c9couteur Sans fil Casques avec Microphone Couleur: Noir Caract\u00e9ristiques: Batterie int\u00e9gr\u00e9e Sans fil Type de batterie: Litio Ion Type de commande: Boutons Port\u00e9e: 150 m Utilisation recommand\u00e9e: Bureau\/Centre d&#8217;appels Connexions: USB Type [&hellip;]<\/p>\n","protected":false},"featured_media":41728,"comment_status":"open","ping_status":"closed","template":"","meta":[],"product_brand":[663],"product_cat":[65,581,594],"product_tag":[213,566,106],"class_list":{"0":"post-41731","1":"product","2":"type-product","3":"status-publish","4":"has-post-thumbnail","6":"product_brand-brandp_4843","7":"product_cat-informatique-electronique","8":"product_cat-informatique-peripheriques-et-consommables","9":"product_cat-micros-et-ecouteurs","10":"product_tag-tag_933","11":"product_tag-tag_547","12":"product_tag-tag_1295","14":"first","15":"instock","16":"taxable","17":"shipping-taxable","18":"purchasable","19":"product-type-simple"},"_links":{"self":[{"href":"https:\/\/bigbuy.tupique.com\/pt\/wp-json\/wp\/v2\/product\/41731","targetHints":{"allow":["GET"]}}],"collection":[{"href":"https:\/\/bigbuy.tupique.com\/pt\/wp-json\/wp\/v2\/product"}],"about":[{"href":"https:\/\/bigbuy.tupique.com\/pt\/wp-json\/wp\/v2\/types\/product"}],"replies":[{"embeddable":true,"href":"https:\/\/bigbuy.tupique.com\/pt\/wp-json\/wp\/v2\/comments?post=41731"}],"wp:featuredmedia":[{"embeddable":true,"href":"https:\/\/bigbuy.tupique.com\/pt\/wp-json\/wp\/v2\/media\/41728"}],"wp:attachment":[{"href":"https:\/\/bigbuy.tupique.com\/pt\/wp-json\/wp\/v2\/media?parent=41731"}],"wp:term":[{"taxonomy":"product_brand","embeddable":true,"href":"https:\/\/bigbuy.tupique.com\/pt\/wp-json\/wp\/v2\/product_brand?post=41731"},{"taxonomy":"product_cat","embeddable":true,"href":"https:\/\/bigbuy.tupique.com\/pt\/wp-json\/wp\/v2\/product_cat?post=41731"},{"taxonomy":"product_tag","embeddable":true,"href":"https:\/\/bigbuy.tupique.com\/pt\/wp-json\/wp\/v2\/product_tag?post=41731"}],"curies":[{"name":"wp","href":"https:\/\/api.w.org\/{rel}","templated":true}]}}