{"id":41517,"date":"2026-03-30T13:59:58","date_gmt":"2026-03-30T12:59:58","guid":{"rendered":"https:\/\/bigbuy.tupique.com\/produto\/tablet-apple-ipad-pro-2024-11-256gb-wifi-cellular-11-octa-core-8-gb-ram-256-gb-silver\/"},"modified":"2026-05-11T19:55:47","modified_gmt":"2026-05-11T17:55:47","slug":"tablet-apple-ipad-pro-2024-11-256gb-wifi-cellular-11-octa-core-8-gb-ram-256-gb-silver","status":"publish","type":"product","link":"https:\/\/bigbuy.tupique.com\/pt\/produto\/tablet-apple-ipad-pro-2024-11-256gb-wifi-cellular-11-octa-core-8-gb-ram-256-gb-silver\/","title":{"rendered":"Tablette Apple iPad Pro 2024 11&#8243; 256GB WiFi + Cellular 11&#8243; Octa Core 8 GB RAM 256 GB Argent\u00e9"},"content":{"rendered":"<p>Si vous \u00eates \u00e0 la recherche de nouvelles tendances sur le march\u00e9, nous vous pr\u00e9sentons <b>Tablette Apple iPad Pro 2024 11&#8243; 256GB WiFi + Cellular 11&#8243; Octa Core 8 GB RAM 256 GB Argent\u00e9<\/b> !<\/p>\n<p>La <b>MVW23TY\/A d\u2019Apple<\/b> est une <b>tablette<\/b> hautes performances qui associe un design \u00e9l\u00e9gant en finition <b>argent\u00e9e<\/b> \u00e0 des fonctionnalit\u00e9s avanc\u00e9es, con\u00e7ues pour les utilisateurs exigeants et les professionnels cr\u00e9atifs. Ce mod\u00e8le dispose d\u2019un <b>\u00e9cran de 11 pouces<\/b> offrant des images nettes, des couleurs vives et une excellente r\u00e9activit\u00e9 tactile, id\u00e9al pour l\u2019\u00e9dition, le dessin num\u00e9rique ou la consommation multim\u00e9dia de haute qualit\u00e9. Dot\u00e9e de <b>8 Go de m\u00e9moire RAM<\/b> et d\u2019un vaste <b>stockage interne de 256 Go<\/b>, cette tablette permet de g\u00e9rer ais\u00e9ment des applications lourdes, le multit\u00e2che efficace et de stocker de nombreux fichiers, projets ou contenus multim\u00e9dias sans contrainte. Elle est \u00e9quip\u00e9e d\u2019un <b>appareil photo arri\u00e8re de 12 MP<\/b> avec autofocus et flash, adapt\u00e9 \u00e0 la photographie, \u00e0 la num\u00e9risation de documents ou \u00e0 la capture vid\u00e9o en haute r\u00e9solution, ainsi que d\u2019une cam\u00e9ra frontale optimis\u00e9e pour des appels vid\u00e9o clairs. La connectivit\u00e9 est renforc\u00e9e par la prise en charge <b>WiFi + Cellular<\/b>, offrant une flexibilit\u00e9 totale pour travailler ou naviguer sur Internet partout, ainsi que l\u2019int\u00e9gration du <b>Bluetooth<\/b> et d\u2019un port <b>USB-C<\/b> pour des transferts de donn\u00e9es rapides et la compatibilit\u00e9 avec de nombreux accessoires et p\u00e9riph\u00e9riques. Elle int\u00e8gre \u00e9galement une batterie longue dur\u00e9e incluse, prolongeant l\u2019autonomie lors d\u2019utilisations intensives. L\u2019ensemble de ces caract\u00e9ristiques, alli\u00e9 \u00e0 la fiabilit\u00e9 de l\u2019\u00e9cosyst\u00e8me Apple et \u00e0 la qualit\u00e9 de fabrication, fait de cet appareil une solution id\u00e9ale pour ceux qui recherchent polyvalence, puissance et mobilit\u00e9 dans un format compact.<\/p>\n<ul>\n<li>Type:\n<ul>\n<li>Tablette<\/li>\n<li>Octa Core<\/li>\n<li>Flash<\/li>\n<\/ul>\n<\/li>\n<li>Type de prise: Prise EU<\/li>\n<li>Produit \u00e0 brancher: Oui<\/li>\n<li>Caract\u00e9ristiques:\n<ul>\n<li>Capteur de lumi\u00e8re ambiante<\/li>\n<li>eSIM<\/li>\n<li>Apple Pay<\/li>\n<li>Ecran<\/li>\n<li>Haut-parleurs<\/li>\n<li>Capteurs<\/li>\n<li>Acc\u00e9l\u00e9rom\u00e8tre<\/li>\n<li>Anti-trace<\/li>\n<li>MP3<\/li>\n<li>Cam\u00e9ra frontale<\/li>\n<li>Autofocus<\/li>\n<li>Pile incluse<\/li>\n<li>Stabilisateur d&#8217;image<\/li>\n<li>4 Haut-parleurs<\/li>\n<li>Protection des donn\u00e9es\/mot de passe<\/li>\n<li>Connexion au r\u00e9seau mobile<\/li>\n<li>Boussole \u00e9lectronique<\/li>\n<li>\u00c9cran avec coins arrondis<\/li>\n<\/ul>\n<\/li>\n<li>Connectivit\u00e9:\n<ul>\n<li>Wi-Fi<\/li>\n<li>4G<\/li>\n<li>Bluetooth<\/li>\n<li>GPS<\/li>\n<li>NFC<\/li>\n<li>5G<\/li>\n<li>eSIM<\/li>\n<li>Wi-Fi 6 GHz<\/li>\n<li>Bluetooth 5.3<\/li>\n<\/ul>\n<\/li>\n<li>Inclut: Chargeur<\/li>\n<li>Gyroscope: Oui<\/li>\n<li>GPS: Oui<\/li>\n<li>Glonass: Oui<\/li>\n<li>Stabilisateur d&#8217;image: Oui<\/li>\n<li>Pile incluse: Oui<\/li>\n<li>Formats: AAC<\/li>\n<li>Syst\u00e8me d&#8217;exploitation:\n<ul>\n<li>IOS 17<\/li>\n<li>iOS<\/li>\n<li>iPadOS<\/li>\n<\/ul>\n<\/li>\n<li>Zoom Num\u00e9rique: 5x<\/li>\n<li>Acc\u00e9l\u00e9rom\u00e8tre: Oui<\/li>\n<li>Bloc d\u2019Alimentation:\n<ul>\n<li>r\u00e9seau \u00e9lectrique<\/li>\n<li>USB<\/li>\n<\/ul>\n<\/li>\n<li>Connexions:\n<ul>\n<li>USB-C<\/li>\n<li>Thunderbolt<\/li>\n<\/ul>\n<\/li>\n<li>Cam\u00e9ra\/Appareil Photo:\n<ul>\n<li>12 mpx<\/li>\n<li>Dual<\/li>\n<li>12 MP<\/li>\n<\/ul>\n<\/li>\n<li>Ecran: 11&#8243;<\/li>\n<li>Processeur:\n<ul>\n<li>Octa Core<\/li>\n<li>M4<\/li>\n<\/ul>\n<\/li>\n<li>M\u00e9moire RAM: 8 GB RAM<\/li>\n<li>M\u00e9moire interne: 256 GB<\/li>\n<li>Couleur: Argent\u00e9<\/li>\n<li>Fonctions:\n<ul>\n<li>Barom\u00e8tre<\/li>\n<li>Acc\u00e9l\u00e9rom\u00e8tre<\/li>\n<li>G\u00e9olocalisation<\/li>\n<\/ul>\n<\/li>\n<li>Rapport d&#8217;aspect: 16:9<\/li>\n<li>Classification \u00e9nerg\u00e9tique: G<\/li>\n<li>puissance: 20 W<\/li>\n<li>Ouverture: F\/1,8<\/li>\n<li>Technologie:\n<ul>\n<li>LED<\/li>\n<li>Mime<\/li>\n<li>OLED<\/li>\n<\/ul>\n<\/li>\n<li>Autonomie approx.: 9 heures<\/li>\n<li>Brille: 1000 cd\/m\u00b2<\/li>\n<li>Non Inclus: Adaptateur AC<\/li>\n<li>Certificat: Certification ENERGY STAR<\/li>\n<li>Compatible: iPadOS<\/li>\n<li>Type de batterie: Litio Ion<\/li>\n<li>Noyaux: 16 Noyaux<\/li>\n<li>R\u00e9solution (px): 2160 px<\/li>\n<li>Diagonale de l&#8217;\u00e9cran (cm): 27,9 cm<\/li>\n<li>Dispositif intelligent: Apple Intelligence<\/li>\n<\/ul>","protected":false},"excerpt":{"rendered":"<p>Si vous \u00eates \u00e0 la recherche de nouvelles tendances sur le march\u00e9, nous vous pr\u00e9sentons Tablette Apple iPad Pro 2024 11&#8243; 256GB WiFi + Cellular 11&#8243; Octa Core 8 GB RAM 256 GB Argent\u00e9 ! La MVW23TY\/A d\u2019Apple est une tablette hautes performances qui associe un design \u00e9l\u00e9gant en finition argent\u00e9e \u00e0 des fonctionnalit\u00e9s avanc\u00e9es, [&hellip;]<\/p>\n","protected":false},"featured_media":41490,"comment_status":"open","ping_status":"closed","template":"","meta":[],"product_brand":[979],"product_cat":[575,65,1052],"product_tag":[566,106],"class_list":{"0":"post-41517","1":"product","2":"type-product","3":"status-publish","4":"has-post-thumbnail","6":"product_brand-brandp_533","7":"product_cat-electronique-telephonie-et-tablettes","8":"product_cat-informatique-electronique","9":"product_cat-tablettes","10":"product_tag-tag_547","11":"product_tag-tag_1295","13":"first","14":"instock","15":"taxable","16":"shipping-taxable","17":"purchasable","18":"product-type-simple"},"_links":{"self":[{"href":"https:\/\/bigbuy.tupique.com\/pt\/wp-json\/wp\/v2\/product\/41517","targetHints":{"allow":["GET"]}}],"collection":[{"href":"https:\/\/bigbuy.tupique.com\/pt\/wp-json\/wp\/v2\/product"}],"about":[{"href":"https:\/\/bigbuy.tupique.com\/pt\/wp-json\/wp\/v2\/types\/product"}],"replies":[{"embeddable":true,"href":"https:\/\/bigbuy.tupique.com\/pt\/wp-json\/wp\/v2\/comments?post=41517"}],"wp:featuredmedia":[{"embeddable":true,"href":"https:\/\/bigbuy.tupique.com\/pt\/wp-json\/wp\/v2\/media\/41490"}],"wp:attachment":[{"href":"https:\/\/bigbuy.tupique.com\/pt\/wp-json\/wp\/v2\/media?parent=41517"}],"wp:term":[{"taxonomy":"product_brand","embeddable":true,"href":"https:\/\/bigbuy.tupique.com\/pt\/wp-json\/wp\/v2\/product_brand?post=41517"},{"taxonomy":"product_cat","embeddable":true,"href":"https:\/\/bigbuy.tupique.com\/pt\/wp-json\/wp\/v2\/product_cat?post=41517"},{"taxonomy":"product_tag","embeddable":true,"href":"https:\/\/bigbuy.tupique.com\/pt\/wp-json\/wp\/v2\/product_tag?post=41517"}],"curies":[{"name":"wp","href":"https:\/\/api.w.org\/{rel}","templated":true}]}}