{"id":41489,"date":"2026-03-30T13:58:56","date_gmt":"2026-03-30T12:58:56","guid":{"rendered":"https:\/\/bigbuy.tupique.com\/produto\/utp-category-6-rigid-network-cable-vertiv-av3216-001\/"},"modified":"2026-04-16T09:21:23","modified_gmt":"2026-04-16T08:21:23","slug":"utp-category-6-rigid-network-cable-vertiv-av3216-001","status":"publish","type":"product","link":"https:\/\/bigbuy.tupique.com\/pt\/produto\/utp-category-6-rigid-network-cable-vertiv-av3216-001\/","title":{"rendered":"C\u00e2ble R\u00e9seau Rigide UTP 6\u00e8me Cat\u00e9gorie Vertiv AV3216-001"},"content":{"rendered":"<p>Si vous \u00eates \u00e0 la recherche de nouvelles tendances sur le march\u00e9, nous vous pr\u00e9sentons <b>C\u00e2ble R\u00e9seau Rigide UTP 6\u00e8me Cat\u00e9gorie Vertiv AV3216-001<\/b> !<\/p>\n<ul>\n<li>Type: C\u00e2ble r\u00e9seau<\/li>\n<\/ul>","protected":false},"excerpt":{"rendered":"<p>Si vous \u00eates \u00e0 la recherche de nouvelles tendances sur le march\u00e9, nous vous pr\u00e9sentons C\u00e2ble R\u00e9seau Rigide UTP 6\u00e8me Cat\u00e9gorie Vertiv AV3216-001 ! Type: C\u00e2ble r\u00e9seau<\/p>","protected":false},"featured_media":41483,"comment_status":"open","ping_status":"closed","template":"","meta":[],"product_brand":[655],"product_cat":[599,598,65],"product_tag":[210],"class_list":{"0":"post-41489","1":"product","2":"type-product","3":"status-publish","4":"has-post-thumbnail","6":"product_brand-brandp_4751","7":"product_cat-cables-de-reseaux","8":"product_cat-informatique-cables-et-adaptateurs","9":"product_cat-informatique-electronique","10":"product_tag-tag_25","12":"first","13":"instock","14":"taxable","15":"shipping-taxable","16":"purchasable","17":"product-type-simple"},"_links":{"self":[{"href":"https:\/\/bigbuy.tupique.com\/pt\/wp-json\/wp\/v2\/product\/41489","targetHints":{"allow":["GET"]}}],"collection":[{"href":"https:\/\/bigbuy.tupique.com\/pt\/wp-json\/wp\/v2\/product"}],"about":[{"href":"https:\/\/bigbuy.tupique.com\/pt\/wp-json\/wp\/v2\/types\/product"}],"replies":[{"embeddable":true,"href":"https:\/\/bigbuy.tupique.com\/pt\/wp-json\/wp\/v2\/comments?post=41489"}],"wp:featuredmedia":[{"embeddable":true,"href":"https:\/\/bigbuy.tupique.com\/pt\/wp-json\/wp\/v2\/media\/41483"}],"wp:attachment":[{"href":"https:\/\/bigbuy.tupique.com\/pt\/wp-json\/wp\/v2\/media?parent=41489"}],"wp:term":[{"taxonomy":"product_brand","embeddable":true,"href":"https:\/\/bigbuy.tupique.com\/pt\/wp-json\/wp\/v2\/product_brand?post=41489"},{"taxonomy":"product_cat","embeddable":true,"href":"https:\/\/bigbuy.tupique.com\/pt\/wp-json\/wp\/v2\/product_cat?post=41489"},{"taxonomy":"product_tag","embeddable":true,"href":"https:\/\/bigbuy.tupique.com\/pt\/wp-json\/wp\/v2\/product_tag?post=41489"}],"curies":[{"name":"wp","href":"https:\/\/api.w.org\/{rel}","templated":true}]}}