{"id":41457,"date":"2026-03-30T13:57:48","date_gmt":"2026-03-30T12:57:48","guid":{"rendered":"https:\/\/bigbuy.tupique.com\/produto\/tablet-apple-ipad-pro-13-octa-core-8-gb-ram-512-gb-black\/"},"modified":"2026-04-15T06:25:23","modified_gmt":"2026-04-15T05:25:23","slug":"tablet-apple-ipad-pro-13-octa-core-8-gb-ram-512-gb-black","status":"publish","type":"product","link":"https:\/\/bigbuy.tupique.com\/pt\/produto\/tablet-apple-ipad-pro-13-octa-core-8-gb-ram-512-gb-black\/","title":{"rendered":"Tablette Apple iPad Pro 13&#8243; Octa Core 8 GB RAM 512 GB Noir"},"content":{"rendered":"<p>Si vous \u00eates \u00e0 la recherche de nouvelles tendances sur le march\u00e9, nous vous pr\u00e9sentons <b>Tablette Apple iPad Pro 13&#8243; Octa Core 8 GB RAM 512 GB Noir<\/b> !<\/p>\n<p>La <b>tablette Apple<\/b> pr\u00e9sente un design \u00e9l\u00e9gant et fonctionnel en <b>noir<\/b>, parfaitement adapt\u00e9e aux utilisateurs recherchant un appareil puissant et polyvalent. \u00c9quip\u00e9e d\u2019un <b>\u00e9cran de 13 pouces<\/b>, elle offre une exp\u00e9rience visuelle large et claire, id\u00e9ale pour les t\u00e2ches professionnelles, le montage de contenus ou la consommation multim\u00e9dia. Gr\u00e2ce \u00e0 ses <b>8 Go de m\u00e9moire RAM<\/b>, cet appareil assure des performances fluides et peut g\u00e9rer plusieurs applications simultan\u00e9ment sans perte de vitesse ni r\u00e9activit\u00e9. Sa <b>capacit\u00e9 de stockage de 512 Go<\/b> fournit un espace suffisant pour conserver documents, applications ou fichiers multim\u00e9dias, \u00e9vitant les soucis de manque d\u2019espace. C\u00f4t\u00e9 connectivit\u00e9, cette tablette int\u00e8gre la technologie <b>Bluetooth<\/b> pour la connexion d\u2019accessoires sans fil et la compatibilit\u00e9 <b>Wi-Fi<\/b> pour un acc\u00e8s internet rapide et stable, en plus d\u2019\u00eatre compatible avec les r\u00e9seaux mobiles gr\u00e2ce au support <b>5G<\/b>, garantissant une connexion mobile haut d\u00e9bit pour naviguer ou t\u00e9l\u00e9charger sans interruption. En multim\u00e9dia, elle supporte les formats audio <b>AAC, FLAC et MP3<\/b>, am\u00e9liorant la qualit\u00e9 sonore, ce qui profite tant aux amateurs de musique haute fid\u00e9lit\u00e9 qu\u2019aux utilisateurs travaillant sur des projets audiovisuels. La combinaison de ses capacit\u00e9s techniques et options avanc\u00e9es de connectivit\u00e9 positionne cette tablette Apple comme une solution compl\u00e8te pour les professionnels, cr\u00e9atifs et utilisateurs exigeants qui valorisent performance, stockage et autonomie dans un appareil grand format.<\/p>\n<ul>\n<li>Type:\n<ul>\n<li>Tablette<\/li>\n<li>Flash<\/li>\n<\/ul>\n<\/li>\n<li>Type de prise: Prise EU<\/li>\n<li>Produit \u00e0 brancher: Oui<\/li>\n<li>Diagonale de l&#8217;\u00e9cran (cm): 33 cm<\/li>\n<li>M\u00e9moire interne: 512 GB<\/li>\n<li>Rapport d&#8217;aspect: 4:3<\/li>\n<li>Bloc d\u2019Alimentation:\n<ul>\n<li>r\u00e9seau \u00e9lectrique<\/li>\n<li>USB<\/li>\n<\/ul>\n<\/li>\n<li>Connexions:\n<ul>\n<li>USB-C<\/li>\n<li>Thunderbolt<\/li>\n<\/ul>\n<\/li>\n<li>Cam\u00e9ra\/Appareil Photo:\n<ul>\n<li>12 mpx<\/li>\n<li>Dual<\/li>\n<li>12 MP<\/li>\n<\/ul>\n<\/li>\n<li>Syst\u00e8me d&#8217;exploitation:\n<ul>\n<li>iPadOS<\/li>\n<li>iOS<\/li>\n<\/ul>\n<\/li>\n<li>Ecran: 13&#8243;<\/li>\n<li>Processeur:\n<ul>\n<li>Octa Core<\/li>\n<li>M4<\/li>\n<\/ul>\n<\/li>\n<li>M\u00e9moire RAM: 8 GB RAM<\/li>\n<li>Couleur: Noir<\/li>\n<li>Caract\u00e9ristiques:\n<ul>\n<li>Cam\u00e9ra frontale<\/li>\n<li>Autofocus<\/li>\n<li>Pile incluse<\/li>\n<li>Stabilisateur d&#8217;image<\/li>\n<li>4 Haut-parleurs<\/li>\n<li>Protection des donn\u00e9es\/mot de passe<\/li>\n<li>Connexion au r\u00e9seau mobile<\/li>\n<li>Boussole \u00e9lectronique<\/li>\n<li>\u00c9cran avec coins arrondis<\/li>\n<\/ul>\n<\/li>\n<li>Fonctions:\n<ul>\n<li>Barom\u00e8tre<\/li>\n<li>Acc\u00e9l\u00e9rom\u00e8tre<\/li>\n<li>G\u00e9olocalisation<\/li>\n<\/ul>\n<\/li>\n<li>Connectivit\u00e9:\n<ul>\n<li>Bluetooth<\/li>\n<li>4G<\/li>\n<li>GPS<\/li>\n<li>NFC<\/li>\n<li>5G<\/li>\n<li>eSIM<\/li>\n<li>Wi-Fi 6 GHz<\/li>\n<li>Bluetooth 5.3<\/li>\n<\/ul>\n<\/li>\n<li>Classification \u00e9nerg\u00e9tique: G<\/li>\n<li>puissance: 20 W<\/li>\n<li>Ouverture: F\/1,8<\/li>\n<li>Technologie:\n<ul>\n<li>LED<\/li>\n<li>OLED<\/li>\n<\/ul>\n<\/li>\n<li>Autonomie approx.: 9 heures<\/li>\n<li>Brille: 1000 cd\/m\u00b2<\/li>\n<li>Non Inclus: Adaptateur AC<\/li>\n<li>Certificat: Certification ENERGY STAR<\/li>\n<li>Compatible: iPadOS<\/li>\n<li>Type de batterie: Litio Ion<\/li>\n<li>Noyaux: 16 Noyaux<\/li>\n<li>R\u00e9solution (px): 2160 px<\/li>\n<li>Dispositif intelligent: Apple Intelligence<\/li>\n<\/ul>","protected":false},"excerpt":{"rendered":"<p>Si vous \u00eates \u00e0 la recherche de nouvelles tendances sur le march\u00e9, nous vous pr\u00e9sentons Tablette Apple iPad Pro 13&#8243; Octa Core 8 GB RAM 512 GB Noir ! La tablette Apple pr\u00e9sente un design \u00e9l\u00e9gant et fonctionnel en noir, parfaitement adapt\u00e9e aux utilisateurs recherchant un appareil puissant et polyvalent. \u00c9quip\u00e9e d\u2019un \u00e9cran de 13 [&hellip;]<\/p>\n","protected":false},"featured_media":41439,"comment_status":"open","ping_status":"closed","template":"","meta":[],"product_brand":[979],"product_cat":[575,65,1052],"product_tag":[566,106],"class_list":{"0":"post-41457","1":"product","2":"type-product","3":"status-publish","4":"has-post-thumbnail","6":"product_brand-brandp_533","7":"product_cat-electronique-telephonie-et-tablettes","8":"product_cat-informatique-electronique","9":"product_cat-tablettes","10":"product_tag-tag_547","11":"product_tag-tag_1295","13":"first","14":"instock","15":"taxable","16":"shipping-taxable","17":"purchasable","18":"product-type-simple"},"_links":{"self":[{"href":"https:\/\/bigbuy.tupique.com\/pt\/wp-json\/wp\/v2\/product\/41457","targetHints":{"allow":["GET"]}}],"collection":[{"href":"https:\/\/bigbuy.tupique.com\/pt\/wp-json\/wp\/v2\/product"}],"about":[{"href":"https:\/\/bigbuy.tupique.com\/pt\/wp-json\/wp\/v2\/types\/product"}],"replies":[{"embeddable":true,"href":"https:\/\/bigbuy.tupique.com\/pt\/wp-json\/wp\/v2\/comments?post=41457"}],"wp:featuredmedia":[{"embeddable":true,"href":"https:\/\/bigbuy.tupique.com\/pt\/wp-json\/wp\/v2\/media\/41439"}],"wp:attachment":[{"href":"https:\/\/bigbuy.tupique.com\/pt\/wp-json\/wp\/v2\/media?parent=41457"}],"wp:term":[{"taxonomy":"product_brand","embeddable":true,"href":"https:\/\/bigbuy.tupique.com\/pt\/wp-json\/wp\/v2\/product_brand?post=41457"},{"taxonomy":"product_cat","embeddable":true,"href":"https:\/\/bigbuy.tupique.com\/pt\/wp-json\/wp\/v2\/product_cat?post=41457"},{"taxonomy":"product_tag","embeddable":true,"href":"https:\/\/bigbuy.tupique.com\/pt\/wp-json\/wp\/v2\/product_tag?post=41457"}],"curies":[{"name":"wp","href":"https:\/\/api.w.org\/{rel}","templated":true}]}}