{"id":41377,"date":"2026-03-30T13:43:59","date_gmt":"2026-03-30T12:43:59","guid":{"rendered":"https:\/\/bigbuy.tupique.com\/produto\/tablet-xiaomi-redmi-pad-2-pro-121-octa-core-8-gb-ram-256-gb-grey\/"},"modified":"2026-04-15T06:24:45","modified_gmt":"2026-04-15T05:24:45","slug":"tablet-xiaomi-redmi-pad-2-pro-121-octa-core-8-gb-ram-256-gb-grey","status":"publish","type":"product","link":"https:\/\/bigbuy.tupique.com\/pt\/produto\/tablet-xiaomi-redmi-pad-2-pro-121-octa-core-8-gb-ram-256-gb-grey\/","title":{"rendered":"Tablette Xiaomi Redmi Pad 2 Pro 12,1&#8243; Octa Core 8 GB RAM 256 GB Gris"},"content":{"rendered":"<p>Si vous \u00eates \u00e0 la recherche de nouvelles tendances sur le march\u00e9, nous vous pr\u00e9sentons <b>Tablette Xiaomi Redmi Pad 2 Pro 12,1&#8243; Octa Core 8 GB RAM 256 GB Gris<\/b> !<\/p>\n<p>La <b>Xiaomi VHU6131EU<\/b> est une <b>tablette<\/b> moderne con\u00e7ue pour offrir un \u00e9quilibre optimal entre performance et polyvalence, id\u00e9ale aussi bien pour le divertissement multim\u00e9dia que pour la productivit\u00e9 au quotidien. Dot\u00e9e d\u2019un <b>\u00e9cran de 12,1 pouces<\/b>, elle propose une large surface d\u2019affichage qui am\u00e9liore l\u2019exp\u00e9rience lors du visionnage de vid\u00e9os, de la navigation sur Internet ou de l\u2019utilisation d\u2019applications de productivit\u00e9. Sa <b>m\u00e9moire RAM de 8 Go<\/b> assure une gestion fluide du multit\u00e2che et des applications, tandis que les <b>256 Go de stockage interne<\/b> permettent de conserver facilement documents, contenus multim\u00e9dias et applications sans se soucier du manque d\u2019espace. L\u2019appareil arbore une finition \u00e9l\u00e9gante en <b>gris<\/b>, offrant un aspect sophistiqu\u00e9 et moderne, fid\u00e8le \u00e0 l\u2019esth\u00e9tique de Xiaomi. Gr\u00e2ce \u00e0 la <b>connectivit\u00e9 USB-C<\/b>, les transferts de donn\u00e9es sont rapides et la recharge efficace, tandis que l\u2019int\u00e9gration du <b>Wi-Fi<\/b> garantit un acc\u00e8s stable et rapide aux r\u00e9seaux sans fil pour les appels vid\u00e9o, le streaming et les t\u00e9l\u00e9chargements. Elle fonctionne sous <b>Android<\/b>, donnant acc\u00e8s \u00e0 un large \u00e9ventail d\u2019applications via Google Play et une exp\u00e9rience utilisateur personnalisable et intuitive. C\u00f4t\u00e9 photo, elle dispose d\u2019un appareil arri\u00e8re de <b>8 m\u00e9gapixels<\/b>, suffisant pour des prises occasionnelles et des appels vid\u00e9o de bonne qualit\u00e9. Cette tablette Xiaomi constitue ainsi une solution pratique et robuste, adapt\u00e9e aussi bien \u00e0 un usage domestique qu\u2019aux utilisateurs recherchant un appareil portable pour le travail ou les \u00e9tudes. En r\u00e9sum\u00e9, la Xiaomi VHU6131EU se distingue par la combinaison d\u2019un grand \u00e9cran, d\u2019un vaste espace de stockage et d\u2019un design contemporain, s\u2019imposant comme une alternative efficace et polyvalente dans le segment des tablettes Android.<\/p>\n<ul>\n<li>Type: Tablette<\/li>\n<li>Produit \u00e0 brancher: Oui<\/li>\n<li>Diagonale de l&#8217;\u00e9cran (cm): 30,7 cm<\/li>\n<li>Type de prise: Prise EU<\/li>\n<li>Bloc d\u2019Alimentation: r\u00e9seau \u00e9lectrique<\/li>\n<li>Technologie: IPS LCD<\/li>\n<li>Capacit\u00e9 de la batterie: 12000 mAh<\/li>\n<li>Syst\u00e8me d&#8217;exploitation: Android<\/li>\n<li>Connectivit\u00e9: Wi-Fi<\/li>\n<li>Cam\u00e9ra\/Appareil Photo: 8 mpx<\/li>\n<li>Connexions: USB-C<\/li>\n<li>Ecran: 12,1&#8243;<\/li>\n<li>Processeur: Octa Core<\/li>\n<li>M\u00e9moire RAM: 8 GB RAM<\/li>\n<li>M\u00e9moire interne: 256 GB<\/li>\n<li>Couleur: Gris<\/li>\n<li>R\u00e9solution (px): 2560 x 1600 px<\/li>\n<\/ul>","protected":false},"excerpt":{"rendered":"<p>Si vous \u00eates \u00e0 la recherche de nouvelles tendances sur le march\u00e9, nous vous pr\u00e9sentons Tablette Xiaomi Redmi Pad 2 Pro 12,1&#8243; Octa Core 8 GB RAM 256 GB Gris ! La Xiaomi VHU6131EU est une tablette moderne con\u00e7ue pour offrir un \u00e9quilibre optimal entre performance et polyvalence, id\u00e9ale aussi bien pour le divertissement multim\u00e9dia [&hellip;]<\/p>\n","protected":false},"featured_media":41372,"comment_status":"open","ping_status":"closed","template":"","meta":[],"product_brand":[525],"product_cat":[575,65,1052],"product_tag":[566,106],"class_list":{"0":"post-41377","1":"product","2":"type-product","3":"status-publish","4":"has-post-thumbnail","6":"product_brand-brandp_1269","7":"product_cat-electronique-telephonie-et-tablettes","8":"product_cat-informatique-electronique","9":"product_cat-tablettes","10":"product_tag-tag_547","11":"product_tag-tag_1295","13":"first","14":"instock","15":"taxable","16":"shipping-taxable","17":"purchasable","18":"product-type-simple"},"_links":{"self":[{"href":"https:\/\/bigbuy.tupique.com\/pt\/wp-json\/wp\/v2\/product\/41377","targetHints":{"allow":["GET"]}}],"collection":[{"href":"https:\/\/bigbuy.tupique.com\/pt\/wp-json\/wp\/v2\/product"}],"about":[{"href":"https:\/\/bigbuy.tupique.com\/pt\/wp-json\/wp\/v2\/types\/product"}],"replies":[{"embeddable":true,"href":"https:\/\/bigbuy.tupique.com\/pt\/wp-json\/wp\/v2\/comments?post=41377"}],"wp:featuredmedia":[{"embeddable":true,"href":"https:\/\/bigbuy.tupique.com\/pt\/wp-json\/wp\/v2\/media\/41372"}],"wp:attachment":[{"href":"https:\/\/bigbuy.tupique.com\/pt\/wp-json\/wp\/v2\/media?parent=41377"}],"wp:term":[{"taxonomy":"product_brand","embeddable":true,"href":"https:\/\/bigbuy.tupique.com\/pt\/wp-json\/wp\/v2\/product_brand?post=41377"},{"taxonomy":"product_cat","embeddable":true,"href":"https:\/\/bigbuy.tupique.com\/pt\/wp-json\/wp\/v2\/product_cat?post=41377"},{"taxonomy":"product_tag","embeddable":true,"href":"https:\/\/bigbuy.tupique.com\/pt\/wp-json\/wp\/v2\/product_tag?post=41377"}],"curies":[{"name":"wp","href":"https:\/\/api.w.org\/{rel}","templated":true}]}}