{"id":41272,"date":"2026-03-30T13:39:31","date_gmt":"2026-03-30T12:39:31","guid":{"rendered":"https:\/\/bigbuy.tupique.com\/produto\/printer-calculator-bixolon-xd5-43tek-beg-black\/"},"modified":"2026-04-15T06:24:42","modified_gmt":"2026-04-15T05:24:42","slug":"printer-calculator-bixolon-xd5-43tek-beg-black","status":"publish","type":"product","link":"https:\/\/bigbuy.tupique.com\/pt\/produto\/printer-calculator-bixolon-xd5-43tek-beg-black\/","title":{"rendered":"Calculatrice d\u2019impression Bixolon XD5-43TEK\/BEG Noir"},"content":{"rendered":"<p>Retournez au bureau sans rien oublier ! Achetez <b>Calculatrice d\u2019impression Bixolon XD5-43TEK\/BEG Noir<\/b> et faites envie \u00e0 vos coll\u00e8gues!<\/p>\n<ul>\n<li>Type:\n<ul>\n<li>Calculatrice<\/li>\n<li>Sans fil<\/li>\n<\/ul>\n<\/li>\n<li>Couleur: Noir<\/li>\n<li>Caract\u00e9ristiques: \u00c9cran integr\u00e9<\/li>\n<li>M\u00e9moire interne: 64 MB<\/li>\n<li>R\u00e9solution d&#8217;image maximale: 300 x 300 dpi<\/li>\n<li>Technologie:\n<ul>\n<li>Thermique<\/li>\n<li>Laser<\/li>\n<\/ul>\n<\/li>\n<li>Ethernet: Non<\/li>\n<li>M\u00e9moire Flash: 128 MB<\/li>\n<li>Connexions: USB<\/li>\n<\/ul>","protected":false},"excerpt":{"rendered":"<p>Retournez au bureau sans rien oublier ! Achetez Calculatrice d\u2019impression Bixolon XD5-43TEK\/BEG Noir et faites envie \u00e0 vos coll\u00e8gues! Type: Calculatrice Sans fil Couleur: Noir Caract\u00e9ristiques: \u00c9cran integr\u00e9 M\u00e9moire interne: 64 MB R\u00e9solution d&#8217;image maximale: 300 x 300 dpi Technologie: Thermique Laser Ethernet: Non M\u00e9moire Flash: 128 MB Connexions: USB<\/p>","protected":false},"featured_media":41269,"comment_status":"open","ping_status":"closed","template":"","meta":[],"product_brand":[1071],"product_cat":[1375,157,962],"product_tag":[213,212],"class_list":{"0":"post-41272","1":"product","2":"type-product","3":"status-publish","4":"has-post-thumbnail","6":"product_brand-brandp_618","7":"product_cat-autres-fournitures-scolaires","8":"product_cat-jouets-deguisements","9":"product_cat-materiel-scolaire","10":"product_tag-tag_933","11":"product_tag-tag_71","13":"first","14":"instock","15":"taxable","16":"shipping-taxable","17":"purchasable","18":"product-type-simple"},"_links":{"self":[{"href":"https:\/\/bigbuy.tupique.com\/pt\/wp-json\/wp\/v2\/product\/41272","targetHints":{"allow":["GET"]}}],"collection":[{"href":"https:\/\/bigbuy.tupique.com\/pt\/wp-json\/wp\/v2\/product"}],"about":[{"href":"https:\/\/bigbuy.tupique.com\/pt\/wp-json\/wp\/v2\/types\/product"}],"replies":[{"embeddable":true,"href":"https:\/\/bigbuy.tupique.com\/pt\/wp-json\/wp\/v2\/comments?post=41272"}],"wp:featuredmedia":[{"embeddable":true,"href":"https:\/\/bigbuy.tupique.com\/pt\/wp-json\/wp\/v2\/media\/41269"}],"wp:attachment":[{"href":"https:\/\/bigbuy.tupique.com\/pt\/wp-json\/wp\/v2\/media?parent=41272"}],"wp:term":[{"taxonomy":"product_brand","embeddable":true,"href":"https:\/\/bigbuy.tupique.com\/pt\/wp-json\/wp\/v2\/product_brand?post=41272"},{"taxonomy":"product_cat","embeddable":true,"href":"https:\/\/bigbuy.tupique.com\/pt\/wp-json\/wp\/v2\/product_cat?post=41272"},{"taxonomy":"product_tag","embeddable":true,"href":"https:\/\/bigbuy.tupique.com\/pt\/wp-json\/wp\/v2\/product_tag?post=41272"}],"curies":[{"name":"wp","href":"https:\/\/api.w.org\/{rel}","templated":true}]}}